{"id":994,"date":"2023-11-09T11:19:54","date_gmt":"2023-11-09T14:19:54","guid":{"rendered":"https:\/\/www.medideal.com.br\/?post_type=product&#038;p=994"},"modified":"2024-01-25T11:01:29","modified_gmt":"2024-01-25T14:01:29","slug":"cinta-modeladora-chantal","status":"publish","type":"product","link":"https:\/\/www.medideal.com.br\/en\/cinta-modeladora-chantal\/","title":{"rendered":"Cinta Modeladora &#8211; Chantal"},"content":{"rendered":"<p>Indicada para real\u00e7ar e modelar a silhueta feminina.<\/p>\n<h6><strong>Caracter\u00edsticas\u00a0<\/strong><\/h6>\n<p>Confeccionada em l\u00e1tex e suedine para promover conforto enquanto molda e real\u00e7a a silhueta. A Cinta Modeladora possui fechamento frontal com colchetes de a\u00e7o com regulagem dupla para ajustar facilmente ao corpo. As barbatanas em a\u00e7o flex\u00edvel promovem a sustenta\u00e7\u00e3o e n\u00e3o deixam a cinta dobrar ou enrolar. Produto lav\u00e1vel.<\/p>\n<table style=\"height: 56px\" width=\"499\">\n<tbody>\n<tr>\n<td>Tamanho<\/td>\n<td>PP<\/td>\n<td>P<\/td>\n<td>M<\/td>\n<td>G<\/td>\n<td>GG<\/td>\n<\/tr>\n<tr>\n<td>Medida (cm)<\/td>\n<td>57-62<\/td>\n<td>63-66<\/td>\n<td>67-76<\/td>\n<td>77-79<\/td>\n<td>80-82<\/td>\n<\/tr>\n<\/tbody>\n<\/table>\n<section class=\"elementor-section elementor-top-section elementor-element elementor-element-7aabae9 elementor-section-boxed elementor-section-height-default elementor-section-height-default\" data-id=\"7aabae9\" data-element_type=\"section\">\n<div class=\"elementor-container elementor-column-gap-default\">\n<div class=\"elementor-column elementor-col-100 elementor-top-column elementor-element elementor-element-89b6912\" data-id=\"89b6912\" data-element_type=\"column\">\n<div class=\"elementor-widget-wrap elementor-element-populated\">\n<div class=\"elementor-element elementor-element-c9a8593 elementor-widget elementor-widget-woocommerce-product-content\" data-id=\"c9a8593\" data-element_type=\"widget\" data-widget_type=\"woocommerce-product-content.default\">\n<div class=\"elementor-widget-container\">\n<p>Medir a circunfer\u00eancia da cintura.<\/p>\n<\/div>\n<\/div>\n<\/div>\n<\/div>\n<\/div>\n<\/section>\n<section class=\"elementor-section elementor-top-section elementor-element elementor-element-56257b8 elementor-section-boxed elementor-section-height-default elementor-section-height-default\" data-id=\"56257b8\" data-element_type=\"section\">\n<div class=\"elementor-container elementor-column-gap-default\">\n<div class=\"elementor-column elementor-col-33 elementor-top-column elementor-element elementor-element-72c6de0\" data-id=\"72c6de0\" data-element_type=\"column\"><\/div>\n<\/div>\n<\/section>","protected":false},"excerpt":{"rendered":"<p>Indicada para real\u00e7ar e modelar a silhueta feminina.<\/p>","protected":false},"featured_media":995,"comment_status":"open","ping_status":"closed","template":"","meta":{"_joinchat":[]},"product_brand":[],"product_cat":[117],"product_tag":[],"class_list":{"0":"post-994","1":"product","2":"type-product","3":"status-publish","4":"has-post-thumbnail","6":"product_cat-faixa-elastica","8":"first","9":"instock","10":"shipping-taxable","11":"purchasable","12":"product-type-variable"},"_links":{"self":[{"href":"https:\/\/www.medideal.com.br\/en\/wp-json\/wp\/v2\/product\/994","targetHints":{"allow":["GET"]}}],"collection":[{"href":"https:\/\/www.medideal.com.br\/en\/wp-json\/wp\/v2\/product"}],"about":[{"href":"https:\/\/www.medideal.com.br\/en\/wp-json\/wp\/v2\/types\/product"}],"replies":[{"embeddable":true,"href":"https:\/\/www.medideal.com.br\/en\/wp-json\/wp\/v2\/comments?post=994"}],"wp:featuredmedia":[{"embeddable":true,"href":"https:\/\/www.medideal.com.br\/en\/wp-json\/wp\/v2\/media\/995"}],"wp:attachment":[{"href":"https:\/\/www.medideal.com.br\/en\/wp-json\/wp\/v2\/media?parent=994"}],"wp:term":[{"taxonomy":"product_brand","embeddable":true,"href":"https:\/\/www.medideal.com.br\/en\/wp-json\/wp\/v2\/product_brand?post=994"},{"taxonomy":"product_cat","embeddable":true,"href":"https:\/\/www.medideal.com.br\/en\/wp-json\/wp\/v2\/product_cat?post=994"},{"taxonomy":"product_tag","embeddable":true,"href":"https:\/\/www.medideal.com.br\/en\/wp-json\/wp\/v2\/product_tag?post=994"}],"curies":[{"name":"wp","href":"https:\/\/api.w.org\/{rel}","templated":true}]}}