{"id":988,"date":"2023-11-09T11:10:25","date_gmt":"2023-11-09T14:10:25","guid":{"rendered":"https:\/\/www.medideal.com.br\/?post_type=product&#038;p=988"},"modified":"2024-01-11T15:56:42","modified_gmt":"2024-01-11T18:56:42","slug":"faixa-colete-em-elastico-barbatanas-flexiveis-chantal","status":"publish","type":"product","link":"https:\/\/www.medideal.com.br\/en\/faixa-colete-em-elastico-barbatanas-flexiveis-chantal\/","title":{"rendered":"Faixa Colete Em El\u00e1stico Barbatanas Flex\u00edveis &#8211; Chantal"},"content":{"rendered":"<p><span class=\"TextRun BCX0 SCXW170970676\" lang=\"PT-BR\" xml:lang=\"PT-BR\" data-contrast=\"auto\"><span class=\"NormalTextRun BCX0 SCXW170970676\">Indicada para e<\/span><\/span>stabiliza\u00e7\u00e3o e sustenta\u00e7\u00e3o da coluna toracolombar no tratamento de doen\u00e7as que afetam a regi\u00e3o.<\/p>\n<h6><strong>Caracter\u00edsticas\u00a0<\/strong><\/h6>\n<p>Confeccionada em el\u00e1stico macio e resistente para oferecer conforto e suporte para a regi\u00e3o durante o tratamento, proporciona uma faixa em el\u00e1stico na horizontal com ader\u00eancia em Velcro\u00ae para oferecer acomoda\u00e7\u00e3o adequada ao corpo. Possui quatro barbatanas de duralum\u00ednio para garantir maior estabiliza\u00e7\u00e3o ou quatro barbatanas de pl\u00e1stico (flex\u00edvel) para oferecer sustenta\u00e7\u00e3o para a regi\u00e3o durante o tratamento. Possui fecho em Velcro\u00ae para garantir ajuste preciso e eficiente. Produto lav\u00e1vel.<\/p>\n<table style=\"height: 135px\" width=\"402\">\n<tbody>\n<tr>\n<td>Tamanho<\/td>\n<td>Medida (cm)<\/td>\n<\/tr>\n<tr>\n<td>P<\/td>\n<td>80-89<\/td>\n<\/tr>\n<tr>\n<td>M<\/td>\n<td>90-99<\/td>\n<\/tr>\n<tr>\n<td>G<\/td>\n<td>100-109<\/td>\n<\/tr>\n<tr>\n<td>GG<\/td>\n<td>110-120<\/td>\n<\/tr>\n<\/tbody>\n<\/table>\n<section class=\"elementor-section elementor-top-section elementor-element elementor-element-7aabae9 elementor-section-boxed elementor-section-height-default elementor-section-height-default\" data-id=\"7aabae9\" data-element_type=\"section\">\n<div class=\"elementor-container elementor-column-gap-default\">\n<div class=\"elementor-column elementor-col-100 elementor-top-column elementor-element elementor-element-89b6912\" data-id=\"89b6912\" data-element_type=\"column\">\n<div class=\"elementor-widget-wrap elementor-element-populated\">\n<div class=\"elementor-element elementor-element-c9a8593 elementor-widget elementor-widget-woocommerce-product-content\" data-id=\"c9a8593\" data-element_type=\"widget\" data-widget_type=\"woocommerce-product-content.default\">\n<div class=\"elementor-widget-container\">\n<p>Medir a circunfer\u00eancia do cintura.<\/p>\n<\/div>\n<\/div>\n<\/div>\n<\/div>\n<\/div>\n<\/section>\n<section class=\"elementor-section elementor-top-section elementor-element elementor-element-56257b8 elementor-section-boxed elementor-section-height-default elementor-section-height-default\" data-id=\"56257b8\" data-element_type=\"section\">\n<div class=\"elementor-container elementor-column-gap-default\">\n<div class=\"elementor-column elementor-col-33 elementor-top-column elementor-element elementor-element-72c6de0\" data-id=\"72c6de0\" data-element_type=\"column\"><\/div>\n<\/div>\n<\/section>","protected":false},"excerpt":{"rendered":"<p><span class=\"TextRun BCX0 SCXW170970676\" lang=\"PT-BR\" xml:lang=\"PT-BR\" data-contrast=\"auto\"><span class=\"NormalTextRun BCX0 SCXW170970676\">Indicada para a<\/span><\/span>uxiliar no tratamento da flacidez e fraqueza da parede abdominal em consequ\u00eancia do p\u00f3s-cir\u00fargico e p\u00f3s-parto.<\/p>","protected":false},"featured_media":993,"comment_status":"open","ping_status":"closed","template":"","meta":{"_joinchat":[]},"product_brand":[],"product_cat":[25],"product_tag":[],"class_list":{"0":"post-988","1":"product","2":"type-product","3":"status-publish","4":"has-post-thumbnail","6":"product_cat-ortopedia","8":"first","9":"instock","10":"shipping-taxable","11":"purchasable","12":"product-type-variable"},"_links":{"self":[{"href":"https:\/\/www.medideal.com.br\/en\/wp-json\/wp\/v2\/product\/988","targetHints":{"allow":["GET"]}}],"collection":[{"href":"https:\/\/www.medideal.com.br\/en\/wp-json\/wp\/v2\/product"}],"about":[{"href":"https:\/\/www.medideal.com.br\/en\/wp-json\/wp\/v2\/types\/product"}],"replies":[{"embeddable":true,"href":"https:\/\/www.medideal.com.br\/en\/wp-json\/wp\/v2\/comments?post=988"}],"wp:featuredmedia":[{"embeddable":true,"href":"https:\/\/www.medideal.com.br\/en\/wp-json\/wp\/v2\/media\/993"}],"wp:attachment":[{"href":"https:\/\/www.medideal.com.br\/en\/wp-json\/wp\/v2\/media?parent=988"}],"wp:term":[{"taxonomy":"product_brand","embeddable":true,"href":"https:\/\/www.medideal.com.br\/en\/wp-json\/wp\/v2\/product_brand?post=988"},{"taxonomy":"product_cat","embeddable":true,"href":"https:\/\/www.medideal.com.br\/en\/wp-json\/wp\/v2\/product_cat?post=988"},{"taxonomy":"product_tag","embeddable":true,"href":"https:\/\/www.medideal.com.br\/en\/wp-json\/wp\/v2\/product_tag?post=988"}],"curies":[{"name":"wp","href":"https:\/\/api.w.org\/{rel}","templated":true}]}}