{"id":983,"date":"2023-11-09T11:05:31","date_gmt":"2023-11-09T14:05:31","guid":{"rendered":"https:\/\/www.medideal.com.br\/?post_type=product&#038;p=983"},"modified":"2024-01-11T15:53:36","modified_gmt":"2024-01-11T18:53:36","slug":"faixa-lombar-em-elastico-c-barbatana-chantal-copia","status":"publish","type":"product","link":"https:\/\/www.medideal.com.br\/en\/faixa-lombar-em-elastico-c-barbatana-chantal-copia\/","title":{"rendered":"Faixa Lombar Em El\u00e1stico C\/ Barbatana &#8211; Chantal"},"content":{"rendered":"<p><span class=\"TextRun BCX0 SCXW170970676\" lang=\"PT-BR\" xml:lang=\"PT-BR\" data-contrast=\"auto\"><span class=\"NormalTextRun BCX0 SCXW170970676\">Indicada para a<\/span><\/span>uxiliar no tratamento da flacidez e fraqueza da parede abdominal em consequ\u00eancia do p\u00f3s-cir\u00fargico e p\u00f3s-parto.<\/p>\n<h6><strong>Caracter\u00edsticas\u00a0<\/strong><\/h6>\n<p>Projetada para promover maior estabilidade de sustenta\u00e7\u00e3o da regi\u00e3o abdominal. Confeccionada em el\u00e1stico macio e resistente garantindo conforto e prote\u00e7\u00e3o, com ou sem barbatanas para proporcionar a sustenta\u00e7\u00e3o (com barbatanas) ou apoio (sem barbatanas) da regi\u00e3o durante o uso.<\/p>\n<table style=\"height: 147px\" width=\"399\">\n<tbody>\n<tr>\n<td>Tamanho<\/td>\n<td>Medida (cm)<\/td>\n<\/tr>\n<tr>\n<td>P<\/td>\n<td>80-89<\/td>\n<\/tr>\n<tr>\n<td>M<\/td>\n<td>90-99<\/td>\n<\/tr>\n<tr>\n<td>G<\/td>\n<td>100-109<\/td>\n<\/tr>\n<tr>\n<td>GG<\/td>\n<td>110-120<\/td>\n<\/tr>\n<\/tbody>\n<\/table>\n<p>Medir a circunfer\u00eancia do cintura.<\/p>","protected":false},"excerpt":{"rendered":"<p><span class=\"TextRun BCX0 SCXW170970676\" lang=\"PT-BR\" xml:lang=\"PT-BR\" data-contrast=\"auto\"><span class=\"NormalTextRun BCX0 SCXW170970676\">Indicada para a<\/span><\/span>uxiliar no tratamento da flacidez e fraqueza da parede abdominal em consequ\u00eancia do p\u00f3s-cir\u00fargico e p\u00f3s-parto.<\/p>","protected":false},"featured_media":981,"comment_status":"open","ping_status":"closed","template":"","meta":{"_joinchat":[]},"product_brand":[],"product_cat":[25],"product_tag":[],"class_list":{"0":"post-983","1":"product","2":"type-product","3":"status-publish","4":"has-post-thumbnail","6":"product_cat-ortopedia","8":"first","9":"instock","10":"shipping-taxable","11":"purchasable","12":"product-type-variable"},"_links":{"self":[{"href":"https:\/\/www.medideal.com.br\/en\/wp-json\/wp\/v2\/product\/983","targetHints":{"allow":["GET"]}}],"collection":[{"href":"https:\/\/www.medideal.com.br\/en\/wp-json\/wp\/v2\/product"}],"about":[{"href":"https:\/\/www.medideal.com.br\/en\/wp-json\/wp\/v2\/types\/product"}],"replies":[{"embeddable":true,"href":"https:\/\/www.medideal.com.br\/en\/wp-json\/wp\/v2\/comments?post=983"}],"wp:featuredmedia":[{"embeddable":true,"href":"https:\/\/www.medideal.com.br\/en\/wp-json\/wp\/v2\/media\/981"}],"wp:attachment":[{"href":"https:\/\/www.medideal.com.br\/en\/wp-json\/wp\/v2\/media?parent=983"}],"wp:term":[{"taxonomy":"product_brand","embeddable":true,"href":"https:\/\/www.medideal.com.br\/en\/wp-json\/wp\/v2\/product_brand?post=983"},{"taxonomy":"product_cat","embeddable":true,"href":"https:\/\/www.medideal.com.br\/en\/wp-json\/wp\/v2\/product_cat?post=983"},{"taxonomy":"product_tag","embeddable":true,"href":"https:\/\/www.medideal.com.br\/en\/wp-json\/wp\/v2\/product_tag?post=983"}],"curies":[{"name":"wp","href":"https:\/\/api.w.org\/{rel}","templated":true}]}}