{"id":961,"date":"2023-11-08T16:52:15","date_gmt":"2023-11-08T19:52:15","guid":{"rendered":"https:\/\/www.medideal.com.br\/?post_type=product&#038;p=961"},"modified":"2024-01-11T15:39:59","modified_gmt":"2024-01-11T18:39:59","slug":"bota-imobilizadora-robocop-infantil-tamanho-1-chantal","status":"publish","type":"product","link":"https:\/\/www.medideal.com.br\/en\/bota-imobilizadora-robocop-infantil-tamanho-1-chantal\/","title":{"rendered":"Bota Imobilizadora Robocop Infantil (Tamanho 1) &#8211; Chantal"},"content":{"rendered":"<p>Promove a imobiliza\u00e7\u00e3o do tornozelo nos casos de fraturas e outras les\u00f5es em que a imobiliza\u00e7\u00e3o total \u00e9 necess\u00e1ria. Dependendo da indica\u00e7\u00e3o m\u00e9dica, a Bota Imobilizadora pode substituir o gesso suropod\u00e1lico.<\/p>\n<h6><strong>Caracter\u00edsticas<\/strong><\/h6>\n<p>Estrutura de base r\u00edgida, palmilha e protetores de EVA (calcanhar e panturrilha). Forro interno (poliuretano expandido), revestido com tecido em brim (100% algod\u00e3o) estampado. Fechos em Velcro\u00ae, passantes de pl\u00e1stico e dois protetores maleolares de espuma revestida com pulma. Uso bilateral.<\/p>\n<table style=\"height: 65px\" width=\"403\">\n<tbody>\n<tr>\n<td><\/td>\n<td>Tamanho<\/td>\n<td>Cor do Forro<\/td>\n<\/tr>\n<tr>\n<td><\/td>\n<td>24-28<\/td>\n<td>Estampado<\/td>\n<\/tr>\n<\/tbody>\n<\/table>\n<section class=\"elementor-section elementor-top-section elementor-element elementor-element-7aabae9 elementor-section-boxed elementor-section-height-default elementor-section-height-default\" data-id=\"7aabae9\" data-element_type=\"section\">\n<div class=\"elementor-container elementor-column-gap-default\">\n<div class=\"elementor-column elementor-col-100 elementor-top-column elementor-element elementor-element-89b6912\" data-id=\"89b6912\" data-element_type=\"column\">\n<div class=\"elementor-widget-wrap elementor-element-populated\">\n<div class=\"elementor-element elementor-element-c9a8593 elementor-widget elementor-widget-woocommerce-product-content\" data-id=\"c9a8593\" data-element_type=\"widget\" data-widget_type=\"woocommerce-product-content.default\">\n<div class=\"elementor-widget-container\">\n<p>As medidas correspondem ao tamanho do cal\u00e7ado.<\/p>\n<\/div>\n<\/div>\n<\/div>\n<\/div>\n<\/div>\n<\/section>\n<section class=\"elementor-section elementor-top-section elementor-element elementor-element-56257b8 elementor-section-boxed elementor-section-height-default elementor-section-height-default\" data-id=\"56257b8\" data-element_type=\"section\">\n<div class=\"elementor-container elementor-column-gap-default\">\n<div class=\"elementor-column elementor-col-33 elementor-top-column elementor-element elementor-element-72c6de0\" data-id=\"72c6de0\" data-element_type=\"column\"><\/div>\n<\/div>\n<\/section>","protected":false},"excerpt":{"rendered":"<p>Promove a imobiliza\u00e7\u00e3o do tornozelo nos casos de fraturas e outras les\u00f5es em que a imobiliza\u00e7\u00e3o total \u00e9 necess\u00e1ria. Dependendo da indica\u00e7\u00e3o m\u00e9dica, a Bota Imobilizadora pode substituir o gesso suropod\u00e1lico.<\/p>","protected":false},"featured_media":962,"comment_status":"open","ping_status":"closed","template":"","meta":{"_joinchat":[]},"product_brand":[],"product_cat":[25],"product_tag":[],"class_list":{"0":"post-961","1":"product","2":"type-product","3":"status-publish","4":"has-post-thumbnail","6":"product_cat-ortopedia","8":"first","9":"instock","10":"shipping-taxable","11":"purchasable","12":"product-type-simple"},"_links":{"self":[{"href":"https:\/\/www.medideal.com.br\/en\/wp-json\/wp\/v2\/product\/961","targetHints":{"allow":["GET"]}}],"collection":[{"href":"https:\/\/www.medideal.com.br\/en\/wp-json\/wp\/v2\/product"}],"about":[{"href":"https:\/\/www.medideal.com.br\/en\/wp-json\/wp\/v2\/types\/product"}],"replies":[{"embeddable":true,"href":"https:\/\/www.medideal.com.br\/en\/wp-json\/wp\/v2\/comments?post=961"}],"wp:featuredmedia":[{"embeddable":true,"href":"https:\/\/www.medideal.com.br\/en\/wp-json\/wp\/v2\/media\/962"}],"wp:attachment":[{"href":"https:\/\/www.medideal.com.br\/en\/wp-json\/wp\/v2\/media?parent=961"}],"wp:term":[{"taxonomy":"product_brand","embeddable":true,"href":"https:\/\/www.medideal.com.br\/en\/wp-json\/wp\/v2\/product_brand?post=961"},{"taxonomy":"product_cat","embeddable":true,"href":"https:\/\/www.medideal.com.br\/en\/wp-json\/wp\/v2\/product_cat?post=961"},{"taxonomy":"product_tag","embeddable":true,"href":"https:\/\/www.medideal.com.br\/en\/wp-json\/wp\/v2\/product_tag?post=961"}],"curies":[{"name":"wp","href":"https:\/\/api.w.org\/{rel}","templated":true}]}}