{"id":957,"date":"2023-11-08T16:32:44","date_gmt":"2023-11-08T19:32:44","guid":{"rendered":"https:\/\/www.medideal.com.br\/?post_type=product&#038;p=957"},"modified":"2024-01-11T15:32:57","modified_gmt":"2024-01-11T18:32:57","slug":"imobilizador-de-joelho-estreito-chantal","status":"publish","type":"product","link":"https:\/\/www.medideal.com.br\/en\/imobilizador-de-joelho-estreito-chantal\/","title":{"rendered":"Imobilizador De Joelho Estreito &#8211; Chantal"},"content":{"rendered":"<p><span class=\"TextRun BCX0 SCXW170970676\" lang=\"PT-BR\" xml:lang=\"PT-BR\" data-contrast=\"auto\"><span class=\"NormalTextRun BCX0 SCXW170970676\">Indicado para a<\/span><\/span>uxiliar no tratamento de doen\u00e7as que acometam o joelho promovendo imobiliza\u00e7\u00e3o do mesmo.<\/p>\n<h6><strong>Caracter\u00edsticas\u00a0<\/strong><\/h6>\n<p>Confeccionado em tecido atoalhado e resistente, possui barbatanas posteriores em duralum\u00ednio e barbatanas laterais em pl\u00e1stico r\u00edgido para proporcionar a imobiliza\u00e7\u00e3o adequada e anat\u00f4mica da regi\u00e3o.\u00a0 Possui cinta el\u00e1stica sobre o joelho e fecho em Velcro\u00ae para promover ajuste de acordo com a necessidade.<\/p>\n<table style=\"height: 128px\" width=\"401\">\n<tbody>\n<tr>\n<td>Altura (cm)<\/td>\n<td><\/td>\n<td>Circunfer\u00eancia (cm)<\/td>\n<\/tr>\n<tr>\n<td>50<\/td>\n<td><\/td>\n<td>54-64<\/td>\n<\/tr>\n<tr>\n<td>60<\/td>\n<td><\/td>\n<td>60-70<\/td>\n<\/tr>\n<tr>\n<td>70<\/td>\n<td><\/td>\n<td>66-76<\/td>\n<\/tr>\n<\/tbody>\n<\/table>\n<section class=\"elementor-section elementor-top-section elementor-element elementor-element-7aabae9 elementor-section-boxed elementor-section-height-default elementor-section-height-default\" data-id=\"7aabae9\" data-element_type=\"section\">\n<div class=\"elementor-container elementor-column-gap-default\">\n<div class=\"elementor-column elementor-col-100 elementor-top-column elementor-element elementor-element-89b6912\" data-id=\"89b6912\" data-element_type=\"column\">\n<div class=\"elementor-widget-wrap elementor-element-populated\">\n<div class=\"elementor-element elementor-element-c9a8593 elementor-widget elementor-widget-woocommerce-product-content\" data-id=\"c9a8593\" data-element_type=\"widget\" data-widget_type=\"woocommerce-product-content.default\">\n<div class=\"elementor-widget-container\">\n<p>Medir a circunfer\u00eancia 15 cm acima do centro da patela.<\/p>\n<\/div>\n<\/div>\n<\/div>\n<\/div>\n<\/div>\n<\/section>\n<section class=\"elementor-section elementor-top-section elementor-element elementor-element-56257b8 elementor-section-boxed elementor-section-height-default elementor-section-height-default\" data-id=\"56257b8\" data-element_type=\"section\">\n<div class=\"elementor-container elementor-column-gap-default\">\n<div class=\"elementor-column elementor-col-33 elementor-top-column elementor-element elementor-element-72c6de0\" data-id=\"72c6de0\" data-element_type=\"column\"><\/div>\n<\/div>\n<\/section>","protected":false},"excerpt":{"rendered":"<p><span class=\"TextRun BCX0 SCXW170970676\" lang=\"PT-BR\" xml:lang=\"PT-BR\" data-contrast=\"auto\"><span class=\"NormalTextRun BCX0 SCXW170970676\">Indicado para a<\/span><\/span>uxiliar no tratamento de doen\u00e7as que acometam o joelho promovendo imobiliza\u00e7\u00e3o do mesmo.<\/p>","protected":false},"featured_media":945,"comment_status":"open","ping_status":"closed","template":"","meta":{"_joinchat":[]},"product_brand":[],"product_cat":[25],"product_tag":[],"class_list":{"0":"post-957","1":"product","2":"type-product","3":"status-publish","4":"has-post-thumbnail","6":"product_cat-ortopedia","8":"first","9":"instock","10":"shipping-taxable","11":"purchasable","12":"product-type-variable"},"_links":{"self":[{"href":"https:\/\/www.medideal.com.br\/en\/wp-json\/wp\/v2\/product\/957","targetHints":{"allow":["GET"]}}],"collection":[{"href":"https:\/\/www.medideal.com.br\/en\/wp-json\/wp\/v2\/product"}],"about":[{"href":"https:\/\/www.medideal.com.br\/en\/wp-json\/wp\/v2\/types\/product"}],"replies":[{"embeddable":true,"href":"https:\/\/www.medideal.com.br\/en\/wp-json\/wp\/v2\/comments?post=957"}],"wp:featuredmedia":[{"embeddable":true,"href":"https:\/\/www.medideal.com.br\/en\/wp-json\/wp\/v2\/media\/945"}],"wp:attachment":[{"href":"https:\/\/www.medideal.com.br\/en\/wp-json\/wp\/v2\/media?parent=957"}],"wp:term":[{"taxonomy":"product_brand","embeddable":true,"href":"https:\/\/www.medideal.com.br\/en\/wp-json\/wp\/v2\/product_brand?post=957"},{"taxonomy":"product_cat","embeddable":true,"href":"https:\/\/www.medideal.com.br\/en\/wp-json\/wp\/v2\/product_cat?post=957"},{"taxonomy":"product_tag","embeddable":true,"href":"https:\/\/www.medideal.com.br\/en\/wp-json\/wp\/v2\/product_tag?post=957"}],"curies":[{"name":"wp","href":"https:\/\/api.w.org\/{rel}","templated":true}]}}