{"id":926,"date":"2023-11-08T13:04:45","date_gmt":"2023-11-08T16:04:45","guid":{"rendered":"https:\/\/www.medideal.com.br\/?post_type=product&#038;p=926"},"modified":"2024-01-11T13:08:11","modified_gmt":"2024-01-11T16:08:11","slug":"sandalia-baruk-apoio-retrope-chantal","status":"publish","type":"product","link":"https:\/\/www.medideal.com.br\/en\/sandalia-baruk-apoio-retrope-chantal\/","title":{"rendered":"Sand\u00e1lia Baruk Apoio Retrop\u00e9 &#8211; Chantal"},"content":{"rendered":"<p>Indicada para tratamento p\u00f3s-operat\u00f3rio de joanete (Hallux Valgus), cirurgias de antep\u00e9, osteotomia e tratamento de metatarsalgia.<\/p>\n<h6><strong>Caracter\u00edsticas\u00a0<\/strong><\/h6>\n<p>Confeccionada em tecido de tela acolchoado em toda a extens\u00e3o do p\u00e9 e ao redor do tornozelo. Contraforte r\u00edgido e almofada interna no calcanhar para proporcionar seguran\u00e7a e conforto.\u00a0 Ajuste de velcro no tornozelo e dorso do p\u00e9 para garantir ajuste preciso e eficiente. Passante de pl\u00e1stico; bilateral; Produto lav\u00e1vel.<\/p>\n<table style=\"height: 181px\" width=\"400\">\n<tbody>\n<tr>\n<td>Tamanho<\/td>\n<td>Tamanho do Cal\u00e7ado<\/td>\n<\/tr>\n<tr>\n<td>PP<\/td>\n<td>33-34<\/td>\n<\/tr>\n<tr>\n<td>P<\/td>\n<td>35-36<\/td>\n<\/tr>\n<tr>\n<td>M<\/td>\n<td>37-38<\/td>\n<\/tr>\n<tr>\n<td>G<\/td>\n<td>39-40<\/td>\n<\/tr>\n<tr>\n<td>GG<\/td>\n<td>41-43<\/td>\n<\/tr>\n<\/tbody>\n<\/table>","protected":false},"excerpt":{"rendered":"<p>Indicada para tratamento p\u00f3s-operat\u00f3rio de joanete (Hallux Valgus), cirurgias de antep\u00e9, osteotomia e tratamento de metatarsalgia.<\/p>","protected":false},"featured_media":932,"comment_status":"open","ping_status":"closed","template":"","meta":{"_joinchat":[]},"product_brand":[],"product_cat":[25],"product_tag":[],"class_list":{"0":"post-926","1":"product","2":"type-product","3":"status-publish","4":"has-post-thumbnail","6":"product_cat-ortopedia","8":"first","9":"instock","10":"shipping-taxable","11":"purchasable","12":"product-type-variable"},"_links":{"self":[{"href":"https:\/\/www.medideal.com.br\/en\/wp-json\/wp\/v2\/product\/926","targetHints":{"allow":["GET"]}}],"collection":[{"href":"https:\/\/www.medideal.com.br\/en\/wp-json\/wp\/v2\/product"}],"about":[{"href":"https:\/\/www.medideal.com.br\/en\/wp-json\/wp\/v2\/types\/product"}],"replies":[{"embeddable":true,"href":"https:\/\/www.medideal.com.br\/en\/wp-json\/wp\/v2\/comments?post=926"}],"wp:featuredmedia":[{"embeddable":true,"href":"https:\/\/www.medideal.com.br\/en\/wp-json\/wp\/v2\/media\/932"}],"wp:attachment":[{"href":"https:\/\/www.medideal.com.br\/en\/wp-json\/wp\/v2\/media?parent=926"}],"wp:term":[{"taxonomy":"product_brand","embeddable":true,"href":"https:\/\/www.medideal.com.br\/en\/wp-json\/wp\/v2\/product_brand?post=926"},{"taxonomy":"product_cat","embeddable":true,"href":"https:\/\/www.medideal.com.br\/en\/wp-json\/wp\/v2\/product_cat?post=926"},{"taxonomy":"product_tag","embeddable":true,"href":"https:\/\/www.medideal.com.br\/en\/wp-json\/wp\/v2\/product_tag?post=926"}],"curies":[{"name":"wp","href":"https:\/\/api.w.org\/{rel}","templated":true}]}}