{"id":919,"date":"2023-11-08T12:57:33","date_gmt":"2023-11-08T15:57:33","guid":{"rendered":"https:\/\/www.medideal.com.br\/?post_type=product&#038;p=919"},"modified":"2024-01-11T13:02:26","modified_gmt":"2024-01-11T16:02:26","slug":"tipoia-imobilizadora-estofada-velpeau-dupla-chantal","status":"publish","type":"product","link":"https:\/\/www.medideal.com.br\/en\/tipoia-imobilizadora-estofada-velpeau-dupla-chantal\/","title":{"rendered":"Tipoia Imobilizadora Estofada Velpeau (Dupla) &#8211; Chantal"},"content":{"rendered":"<p><span class=\"TextRun BCX0 SCXW170970676\" lang=\"PT-BR\" xml:lang=\"PT-BR\" data-contrast=\"auto\"><span class=\"NormalTextRun BCX0 SCXW170970676\">Indicada para l<\/span><\/span>uxa\u00e7\u00f5es recidivantes, instabilidades glenoumeral, bursites, tendinopatias, les\u00f5es labrais, fraturas do colo do \u00famero e luxa\u00e7\u00f5es isoladas de cotovelo.<\/p>\n<h6><strong>Caracter\u00edsticas\u00a0<\/strong><\/h6>\n<p>Confeccionada em sarja\u00a0 duplo e acolchoado com (espuma) para promover maior seguran\u00e7a e conforto durante o uso. Desenvolvida para uso bilateral a Tipoia Imobilizadora Velpeau garante a imobiliza\u00e7\u00e3o e estabiliza\u00e7\u00e3o do ombro esquerdo e direto de maneira precisa e eficiente. Possui al\u00e7as e fivelas largas de material resistente para garantir um sistema de ajuste preciso e fechamento seguro onde o pr\u00f3prio usu\u00e1rio ser\u00e1 capaz de execut\u00e1-lo. Produto lav\u00e1vel.<\/p>\n<table style=\"height: 177px\" width=\"400\">\n<tbody>\n<tr>\n<td>Tamanho<\/td>\n<td>Medida (cm)<\/td>\n<\/tr>\n<tr>\n<td>PP<\/td>\n<td>33-34<\/td>\n<\/tr>\n<tr>\n<td>P<\/td>\n<td>35-36<\/td>\n<\/tr>\n<tr>\n<td>M<\/td>\n<td>37-39<\/td>\n<\/tr>\n<tr>\n<td>G<\/td>\n<td>40-42<\/td>\n<\/tr>\n<tr>\n<td>GG<\/td>\n<td>43-45<\/td>\n<\/tr>\n<\/tbody>\n<\/table>\n<p>Medir o comprimento da articula\u00e7\u00e3o do cotovelo at\u00e9 a falange proximal.<\/p>","protected":false},"excerpt":{"rendered":"<p><span class=\"TextRun BCX0 SCXW170970676\" lang=\"PT-BR\" xml:lang=\"PT-BR\" data-contrast=\"auto\"><span class=\"NormalTextRun BCX0 SCXW170970676\">Indicada para l<\/span><\/span>uxa\u00e7\u00f5es recidivantes, instabilidades glenoumeral, bursites, tendinopatias, les\u00f5es labrais, fraturas do colo do \u00famero e luxa\u00e7\u00f5es isoladas de cotovelo.<\/p>","protected":false},"featured_media":920,"comment_status":"closed","ping_status":"closed","template":"","meta":{"_joinchat":[]},"product_brand":[],"product_cat":[25],"product_tag":[],"class_list":{"0":"post-919","1":"product","2":"type-product","3":"status-publish","4":"has-post-thumbnail","6":"product_cat-ortopedia","8":"first","9":"instock","10":"shipping-taxable","11":"purchasable","12":"product-type-variable"},"_links":{"self":[{"href":"https:\/\/www.medideal.com.br\/en\/wp-json\/wp\/v2\/product\/919","targetHints":{"allow":["GET"]}}],"collection":[{"href":"https:\/\/www.medideal.com.br\/en\/wp-json\/wp\/v2\/product"}],"about":[{"href":"https:\/\/www.medideal.com.br\/en\/wp-json\/wp\/v2\/types\/product"}],"replies":[{"embeddable":true,"href":"https:\/\/www.medideal.com.br\/en\/wp-json\/wp\/v2\/comments?post=919"}],"wp:featuredmedia":[{"embeddable":true,"href":"https:\/\/www.medideal.com.br\/en\/wp-json\/wp\/v2\/media\/920"}],"wp:attachment":[{"href":"https:\/\/www.medideal.com.br\/en\/wp-json\/wp\/v2\/media?parent=919"}],"wp:term":[{"taxonomy":"product_brand","embeddable":true,"href":"https:\/\/www.medideal.com.br\/en\/wp-json\/wp\/v2\/product_brand?post=919"},{"taxonomy":"product_cat","embeddable":true,"href":"https:\/\/www.medideal.com.br\/en\/wp-json\/wp\/v2\/product_cat?post=919"},{"taxonomy":"product_tag","embeddable":true,"href":"https:\/\/www.medideal.com.br\/en\/wp-json\/wp\/v2\/product_tag?post=919"}],"curies":[{"name":"wp","href":"https:\/\/api.w.org\/{rel}","templated":true}]}}