{"id":913,"date":"2023-11-08T12:37:14","date_gmt":"2023-11-08T15:37:14","guid":{"rendered":"https:\/\/www.medideal.com.br\/?post_type=product&#038;p=913"},"modified":"2024-01-11T12:05:56","modified_gmt":"2024-01-11T15:05:56","slug":"tipoia-funcional-g-gg-chantal","status":"publish","type":"product","link":"https:\/\/www.medideal.com.br\/en\/tipoia-funcional-g-gg-chantal\/","title":{"rendered":"Tipoia Funcional (G\/GG) &#8211; Chantal"},"content":{"rendered":"<p><span class=\"TextRun BCX0 SCXW170970676\" lang=\"PT-BR\" xml:lang=\"PT-BR\" data-contrast=\"auto\"><span class=\"NormalTextRun BCX0 SCXW170970676\">Indicada para e<\/span><\/span>stabiliza\u00e7\u00e3o e manuten\u00e7\u00e3o do ombro em abdu\u00e7\u00e3o nos casos de p\u00f3s-operat\u00f3rio da cirurgia do manguito rotador.<\/p>\n<h6><strong>Caracter\u00edsticas\u00a0<\/strong><\/h6>\n<p>Desenvolvida em espuma com tecido atoalhado, al\u00e7a larga e acolchoada, suporte de apoio (coxim) acolchoado a Tipoia Funcional garante uma estabiliza\u00e7\u00e3o e manuten\u00e7\u00e3o no ombro em abdu\u00e7\u00e3o de maneira precisa e eficiente promovendo ao usu\u00e1rio seguran\u00e7a, sustenta\u00e7\u00e3o e conforto. Possui cinto e Velcro \u00ae fixado no suporte de apoio (coxim) e Tipoia para favorecer o fechamento e manter o posicionamento adequado, al\u00e9m de passantes met\u00e1licos que n\u00e3o enferrujam com o suor e umidade. Uso bilateral. Oferece ao usu\u00e1rio faixa adicional para polegar com intuito garantir um maior conforto e posicionamento adequado durante o uso. Produto lav\u00e1vel.<\/p>\n<table style=\"height: 57px\" width=\"398\">\n<tbody>\n<tr>\n<td>Tamanho<\/td>\n<td>Medida (cm)<\/td>\n<\/tr>\n<tr>\n<td>G\/GG<\/td>\n<td>38-41<\/td>\n<\/tr>\n<\/tbody>\n<\/table>\n<p>Medir o comprimento da articula\u00e7\u00e3o do cotovelo at\u00e9 a falange proximal.<\/p>","protected":false},"excerpt":{"rendered":"<p><span class=\"TextRun BCX0 SCXW170970676\" lang=\"PT-BR\" xml:lang=\"PT-BR\" data-contrast=\"auto\"><span class=\"NormalTextRun BCX0 SCXW170970676\">Indicada para e<\/span><\/span>stabiliza\u00e7\u00e3o e manuten\u00e7\u00e3o do ombro em abdu\u00e7\u00e3o nos casos de p\u00f3s-operat\u00f3rio da cirurgia do manguito rotador.<\/p>","protected":false},"featured_media":912,"comment_status":"open","ping_status":"closed","template":"","meta":{"_joinchat":[]},"product_brand":[],"product_cat":[25],"product_tag":[],"class_list":{"0":"post-913","1":"product","2":"type-product","3":"status-publish","4":"has-post-thumbnail","6":"product_cat-ortopedia","8":"first","9":"outofstock","10":"shipping-taxable","11":"purchasable","12":"product-type-simple"},"_links":{"self":[{"href":"https:\/\/www.medideal.com.br\/en\/wp-json\/wp\/v2\/product\/913","targetHints":{"allow":["GET"]}}],"collection":[{"href":"https:\/\/www.medideal.com.br\/en\/wp-json\/wp\/v2\/product"}],"about":[{"href":"https:\/\/www.medideal.com.br\/en\/wp-json\/wp\/v2\/types\/product"}],"replies":[{"embeddable":true,"href":"https:\/\/www.medideal.com.br\/en\/wp-json\/wp\/v2\/comments?post=913"}],"wp:featuredmedia":[{"embeddable":true,"href":"https:\/\/www.medideal.com.br\/en\/wp-json\/wp\/v2\/media\/912"}],"wp:attachment":[{"href":"https:\/\/www.medideal.com.br\/en\/wp-json\/wp\/v2\/media?parent=913"}],"wp:term":[{"taxonomy":"product_brand","embeddable":true,"href":"https:\/\/www.medideal.com.br\/en\/wp-json\/wp\/v2\/product_brand?post=913"},{"taxonomy":"product_cat","embeddable":true,"href":"https:\/\/www.medideal.com.br\/en\/wp-json\/wp\/v2\/product_cat?post=913"},{"taxonomy":"product_tag","embeddable":true,"href":"https:\/\/www.medideal.com.br\/en\/wp-json\/wp\/v2\/product_tag?post=913"}],"curies":[{"name":"wp","href":"https:\/\/api.w.org\/{rel}","templated":true}]}}