{"id":905,"date":"2023-11-08T12:26:20","date_gmt":"2023-11-08T15:26:20","guid":{"rendered":"https:\/\/www.medideal.com.br\/?post_type=product&#038;p=905"},"modified":"2024-01-11T12:02:47","modified_gmt":"2024-01-11T15:02:47","slug":"tala-para-punho-com-dedos-livres-em-bidim-esquerdo-chantal","status":"publish","type":"product","link":"https:\/\/www.medideal.com.br\/en\/tala-para-punho-com-dedos-livres-em-bidim-esquerdo-chantal\/","title":{"rendered":"Tala Para Punho Com Dedos Livres Em Bidim (Esquerdo) &#8211; Chantal"},"content":{"rendered":"<p><span class=\"TextRun BCX0 SCXW170970676\" lang=\"PT-BR\" xml:lang=\"PT-BR\" data-contrast=\"auto\"><span class=\"NormalTextRun BCX0 SCXW170970676\">Indicada para l<\/span><\/span>imitar o movimento de flex\u00e3o do punho, aliviar a dor e manter posicionamento anat\u00f4mico na preven\u00e7\u00e3o e tratamento de doen\u00e7as inflamat\u00f3rias que afetam a regi\u00e3o do punho.<\/p>\n<h6><strong>Caracter\u00edsticas\u00a0<\/strong><\/h6>\n<p>Oferece ao usu\u00e1rio maior sustenta\u00e7\u00e3o, seguran\u00e7a e estabiliza\u00e7\u00e3o. Anatomicamente projetada, em Bidim resistente e de f\u00e1cil higieniza\u00e7\u00e3o, tala em pl\u00e1stico r\u00edgido (ABS), leve e resistente, que n\u00e3o resseca ou quebra com o passar do tempo acompanha a anatomia da regi\u00e3o do punho. Possui um sistema de fechamento composto por tr\u00eas tiras em Velcro\u00ae e passantes met\u00e1licos que n\u00e3o enferrujam com o suor e umidade garantindo um fechamento preciso. Desenvolvida para deixar os dedos livres ao mesmo tempo em que oferece sustenta\u00e7\u00e3o e estabiliza\u00e7\u00e3o do punho. Produto lav\u00e1vel.<\/p>\n<table style=\"height: 144px\" width=\"401\">\n<tbody>\n<tr>\n<td>Tamanho<\/td>\n<td>Medida (cm)<\/td>\n<\/tr>\n<tr>\n<td>P<\/td>\n<td>17-18<\/td>\n<\/tr>\n<tr>\n<td>M<\/td>\n<td>19-20<\/td>\n<\/tr>\n<tr>\n<td>G<\/td>\n<td>21-22<\/td>\n<\/tr>\n<tr>\n<td>GG<\/td>\n<td>23-24<\/td>\n<\/tr>\n<\/tbody>\n<\/table>\n<p>Medir a circunfer\u00eancia do punho.<\/p>","protected":false},"excerpt":{"rendered":"<p><span class=\"TextRun BCX0 SCXW170970676\" lang=\"PT-BR\" xml:lang=\"PT-BR\" data-contrast=\"auto\"><span class=\"NormalTextRun BCX0 SCXW170970676\">Indicada para l<\/span><\/span>imitar o movimento de flex\u00e3o do punho, aliviar a dor e manter posicionamento anat\u00f4mico na preven\u00e7\u00e3o e tratamento de doen\u00e7as inflamat\u00f3rias que afetam a regi\u00e3o do punho.<\/p>","protected":false},"featured_media":910,"comment_status":"open","ping_status":"closed","template":"","meta":{"_joinchat":[]},"product_brand":[],"product_cat":[25],"product_tag":[],"class_list":{"0":"post-905","1":"product","2":"type-product","3":"status-publish","4":"has-post-thumbnail","6":"product_cat-ortopedia","8":"first","9":"instock","10":"shipping-taxable","11":"purchasable","12":"product-type-variable"},"_links":{"self":[{"href":"https:\/\/www.medideal.com.br\/en\/wp-json\/wp\/v2\/product\/905","targetHints":{"allow":["GET"]}}],"collection":[{"href":"https:\/\/www.medideal.com.br\/en\/wp-json\/wp\/v2\/product"}],"about":[{"href":"https:\/\/www.medideal.com.br\/en\/wp-json\/wp\/v2\/types\/product"}],"replies":[{"embeddable":true,"href":"https:\/\/www.medideal.com.br\/en\/wp-json\/wp\/v2\/comments?post=905"}],"wp:featuredmedia":[{"embeddable":true,"href":"https:\/\/www.medideal.com.br\/en\/wp-json\/wp\/v2\/media\/910"}],"wp:attachment":[{"href":"https:\/\/www.medideal.com.br\/en\/wp-json\/wp\/v2\/media?parent=905"}],"wp:term":[{"taxonomy":"product_brand","embeddable":true,"href":"https:\/\/www.medideal.com.br\/en\/wp-json\/wp\/v2\/product_brand?post=905"},{"taxonomy":"product_cat","embeddable":true,"href":"https:\/\/www.medideal.com.br\/en\/wp-json\/wp\/v2\/product_cat?post=905"},{"taxonomy":"product_tag","embeddable":true,"href":"https:\/\/www.medideal.com.br\/en\/wp-json\/wp\/v2\/product_tag?post=905"}],"curies":[{"name":"wp","href":"https:\/\/api.w.org\/{rel}","templated":true}]}}