{"id":887,"date":"2023-11-08T11:43:39","date_gmt":"2023-11-08T14:43:39","guid":{"rendered":"https:\/\/www.medideal.com.br\/?post_type=product&#038;p=887"},"modified":"2024-01-11T11:31:52","modified_gmt":"2024-01-11T14:31:52","slug":"munhequeira-em-elastico-chantal","status":"publish","type":"product","link":"https:\/\/www.medideal.com.br\/en\/munhequeira-em-elastico-chantal\/","title":{"rendered":"Munhequeira Em El\u00e1stico &#8211; Chantal"},"content":{"rendered":"<p>Indicada para les\u00f5es leves do punho.<\/p>\n<h6><strong>Caracter\u00edsticas\u00a0<\/strong><\/h6>\n<p>Confeccionada em el\u00e1stico macio e resistente. A Munhequeira em El\u00e1stico \u00e9 ideal para evitar sobrecarga na articula\u00e7\u00e3o durante as atividades di\u00e1rias e na pr\u00e1tica esportiva, porque garante uma sustenta\u00e7\u00e3o na articula\u00e7\u00e3o do punho. Possui fecho em Velcro\u00ae para garantir fechamento eficiente. Uso Bilateral. Produto lav\u00e1vel.<\/p>\n<table style=\"height: 43px\" width=\"400\">\n<tbody>\n<tr>\n<td>Tamanho<\/td>\n<td>Medida (cm)<\/td>\n<\/tr>\n<tr>\n<td>\u00danico<\/td>\n<td>17-23<\/td>\n<\/tr>\n<\/tbody>\n<\/table>","protected":false},"excerpt":{"rendered":"<p>Indicada para les\u00f5es leves do punho.<\/p>","protected":false},"featured_media":888,"comment_status":"open","ping_status":"closed","template":"","meta":{"_joinchat":[]},"product_brand":[],"product_cat":[25],"product_tag":[],"class_list":{"0":"post-887","1":"product","2":"type-product","3":"status-publish","4":"has-post-thumbnail","6":"product_cat-ortopedia","8":"first","9":"instock","10":"shipping-taxable","11":"purchasable","12":"product-type-simple"},"_links":{"self":[{"href":"https:\/\/www.medideal.com.br\/en\/wp-json\/wp\/v2\/product\/887","targetHints":{"allow":["GET"]}}],"collection":[{"href":"https:\/\/www.medideal.com.br\/en\/wp-json\/wp\/v2\/product"}],"about":[{"href":"https:\/\/www.medideal.com.br\/en\/wp-json\/wp\/v2\/types\/product"}],"replies":[{"embeddable":true,"href":"https:\/\/www.medideal.com.br\/en\/wp-json\/wp\/v2\/comments?post=887"}],"wp:featuredmedia":[{"embeddable":true,"href":"https:\/\/www.medideal.com.br\/en\/wp-json\/wp\/v2\/media\/888"}],"wp:attachment":[{"href":"https:\/\/www.medideal.com.br\/en\/wp-json\/wp\/v2\/media?parent=887"}],"wp:term":[{"taxonomy":"product_brand","embeddable":true,"href":"https:\/\/www.medideal.com.br\/en\/wp-json\/wp\/v2\/product_brand?post=887"},{"taxonomy":"product_cat","embeddable":true,"href":"https:\/\/www.medideal.com.br\/en\/wp-json\/wp\/v2\/product_cat?post=887"},{"taxonomy":"product_tag","embeddable":true,"href":"https:\/\/www.medideal.com.br\/en\/wp-json\/wp\/v2\/product_tag?post=887"}],"curies":[{"name":"wp","href":"https:\/\/api.w.org\/{rel}","templated":true}]}}