{"id":881,"date":"2023-11-08T11:20:08","date_gmt":"2023-11-08T14:20:08","guid":{"rendered":"https:\/\/www.medideal.com.br\/?post_type=product&#038;p=881"},"modified":"2024-01-10T16:52:49","modified_gmt":"2024-01-10T19:52:49","slug":"colete-putti-em-elastico-alto-chantal","status":"publish","type":"product","link":"https:\/\/www.medideal.com.br\/en\/colete-putti-em-elastico-alto-chantal\/","title":{"rendered":"Colete Putti Em El\u00e1stico (Alto) &#8211; Chantal"},"content":{"rendered":"<p><span class=\"TextRun BCX0 SCXW170970676\" lang=\"PT-BR\" xml:lang=\"PT-BR\" data-contrast=\"auto\"><span class=\"NormalTextRun BCX0 SCXW170970676\">Indicado para a<\/span><\/span>uxiliar\u00a0no tratamento de doen\u00e7as que acometam a regi\u00e3o toracolombossacra promovendo estabiliza\u00e7\u00e3o.<\/p>\n<h6><strong>Caracter\u00edsticas\u00a0<\/strong><\/h6>\n<p>Anatomicamente projetado para oferecer seguran\u00e7a durante o uso, o Colete Putti Alto possui quatro barbatanas de duralum\u00ednio para garantir a estabiliza\u00e7\u00e3o da regi\u00e3o toracolombossacra. Confeccionado em el\u00e1stico que proporciona conforto ao usu\u00e1rio e resist\u00eancia ao produto.\u00a0 O fecho em Velcro\u00ae favorece o ajuste do colete a anatomia do usu\u00e1rio. Produto lav\u00e1vel.<\/p>\n<table style=\"height: 151px\" width=\"400\">\n<tbody>\n<tr>\n<td>Tamanho<\/td>\n<td>Medida (cm)<\/td>\n<\/tr>\n<tr>\n<td>P<\/td>\n<td>80-89<\/td>\n<\/tr>\n<tr>\n<td>M<\/td>\n<td>90-99<\/td>\n<\/tr>\n<tr>\n<td>G<\/td>\n<td>100-109<\/td>\n<\/tr>\n<tr>\n<td>GG<\/td>\n<td>110-120<\/td>\n<\/tr>\n<\/tbody>\n<\/table>\n<p>Medir a circunfer\u00eancia da cintura.<\/p>","protected":false},"excerpt":{"rendered":"<p><span class=\"TextRun BCX0 SCXW170970676\" lang=\"PT-BR\" xml:lang=\"PT-BR\" data-contrast=\"auto\"><span class=\"NormalTextRun BCX0 SCXW170970676\">Indicado para a<\/span><\/span>uxiliar\u00a0no tratamento de doen\u00e7as que acometam a regi\u00e3o toracolombossacra promovendo estabiliza\u00e7\u00e3o.<\/p>","protected":false},"featured_media":886,"comment_status":"closed","ping_status":"closed","template":"","meta":{"_joinchat":[]},"product_brand":[],"product_cat":[25],"product_tag":[],"class_list":{"0":"post-881","1":"product","2":"type-product","3":"status-publish","4":"has-post-thumbnail","6":"product_cat-ortopedia","8":"first","9":"instock","10":"shipping-taxable","11":"purchasable","12":"product-type-variable"},"_links":{"self":[{"href":"https:\/\/www.medideal.com.br\/en\/wp-json\/wp\/v2\/product\/881","targetHints":{"allow":["GET"]}}],"collection":[{"href":"https:\/\/www.medideal.com.br\/en\/wp-json\/wp\/v2\/product"}],"about":[{"href":"https:\/\/www.medideal.com.br\/en\/wp-json\/wp\/v2\/types\/product"}],"replies":[{"embeddable":true,"href":"https:\/\/www.medideal.com.br\/en\/wp-json\/wp\/v2\/comments?post=881"}],"wp:featuredmedia":[{"embeddable":true,"href":"https:\/\/www.medideal.com.br\/en\/wp-json\/wp\/v2\/media\/886"}],"wp:attachment":[{"href":"https:\/\/www.medideal.com.br\/en\/wp-json\/wp\/v2\/media?parent=881"}],"wp:term":[{"taxonomy":"product_brand","embeddable":true,"href":"https:\/\/www.medideal.com.br\/en\/wp-json\/wp\/v2\/product_brand?post=881"},{"taxonomy":"product_cat","embeddable":true,"href":"https:\/\/www.medideal.com.br\/en\/wp-json\/wp\/v2\/product_cat?post=881"},{"taxonomy":"product_tag","embeddable":true,"href":"https:\/\/www.medideal.com.br\/en\/wp-json\/wp\/v2\/product_tag?post=881"}],"curies":[{"name":"wp","href":"https:\/\/api.w.org\/{rel}","templated":true}]}}