{"id":872,"date":"2023-11-08T10:25:10","date_gmt":"2023-11-08T13:25:10","guid":{"rendered":"https:\/\/www.medideal.com.br\/?post_type=product&#038;p=872"},"modified":"2024-01-10T16:48:33","modified_gmt":"2024-01-10T19:48:33","slug":"forracao-ortopedica-para-cotovelo","status":"publish","type":"product","link":"https:\/\/www.medideal.com.br\/en\/forracao-ortopedica-para-cotovelo\/","title":{"rendered":"Forra\u00e7\u00e3o Ortop\u00e9dica Para Cotovelo &#8211; Chantal"},"content":{"rendered":"<p>Indicada para a preven\u00e7\u00e3o de escaras (\u00falceras de press\u00e3o) na regi\u00e3o do cotovelo.<\/p>\n<h6><strong>Caracter\u00edsticas\u00a0<\/strong><\/h6>\n<p>Confeccionada em espuma no formato \u201ccaixa de ovo\u201d especialmente desenhado para promover prote\u00e7\u00e3o e conforto para o paciente acamado. Fornece apoio adequado, n\u00e3o causando press\u00e3o sobre o fluxo sangu\u00edneo na regi\u00e3o do cotovelo do paciente acamado.\u00a0 Possui fecho em Velcro\u00ae para garantir fechamento seguro e eficaz. Produto lav\u00e1vel.<\/p>\n<table style=\"height: 62px\" width=\"400\">\n<tbody>\n<tr>\n<td>Tamanho<\/td>\n<td>Medida (cm)<\/td>\n<\/tr>\n<tr>\n<td>\u00danico<\/td>\n<td>38\u00d715<\/td>\n<\/tr>\n<\/tbody>\n<\/table>","protected":false},"excerpt":{"rendered":"<p>Indicada para a preven\u00e7\u00e3o de escaras (\u00falceras de press\u00e3o) na regi\u00e3o do cotovelo.<\/p>","protected":false},"featured_media":874,"comment_status":"open","ping_status":"closed","template":"","meta":{"_joinchat":[]},"product_brand":[],"product_cat":[25],"product_tag":[],"class_list":{"0":"post-872","1":"product","2":"type-product","3":"status-publish","4":"has-post-thumbnail","6":"product_cat-ortopedia","8":"first","9":"instock","10":"shipping-taxable","11":"purchasable","12":"product-type-simple"},"_links":{"self":[{"href":"https:\/\/www.medideal.com.br\/en\/wp-json\/wp\/v2\/product\/872","targetHints":{"allow":["GET"]}}],"collection":[{"href":"https:\/\/www.medideal.com.br\/en\/wp-json\/wp\/v2\/product"}],"about":[{"href":"https:\/\/www.medideal.com.br\/en\/wp-json\/wp\/v2\/types\/product"}],"replies":[{"embeddable":true,"href":"https:\/\/www.medideal.com.br\/en\/wp-json\/wp\/v2\/comments?post=872"}],"wp:featuredmedia":[{"embeddable":true,"href":"https:\/\/www.medideal.com.br\/en\/wp-json\/wp\/v2\/media\/874"}],"wp:attachment":[{"href":"https:\/\/www.medideal.com.br\/en\/wp-json\/wp\/v2\/media?parent=872"}],"wp:term":[{"taxonomy":"product_brand","embeddable":true,"href":"https:\/\/www.medideal.com.br\/en\/wp-json\/wp\/v2\/product_brand?post=872"},{"taxonomy":"product_cat","embeddable":true,"href":"https:\/\/www.medideal.com.br\/en\/wp-json\/wp\/v2\/product_cat?post=872"},{"taxonomy":"product_tag","embeddable":true,"href":"https:\/\/www.medideal.com.br\/en\/wp-json\/wp\/v2\/product_tag?post=872"}],"curies":[{"name":"wp","href":"https:\/\/api.w.org\/{rel}","templated":true}]}}