{"id":858,"date":"2023-11-07T16:25:10","date_gmt":"2023-11-07T19:25:10","guid":{"rendered":"https:\/\/www.medideal.com.br\/?post_type=product&#038;p=858"},"modified":"2024-01-10T16:00:56","modified_gmt":"2024-01-10T19:00:56","slug":"faixa-tres-paineis-em-elastico-gg-egg-chantal","status":"publish","type":"product","link":"https:\/\/www.medideal.com.br\/en\/faixa-tres-paineis-em-elastico-gg-egg-chantal\/","title":{"rendered":"Faixa Tr\u00eas Pain\u00e9is Em El\u00e1stico (GG\/EGG) &#8211; Chantal"},"content":{"rendered":"<p><span class=\"TextRun BCX0 SCXW170970676\" lang=\"PT-BR\" xml:lang=\"PT-BR\" data-contrast=\"auto\"><span class=\"NormalTextRun BCX0 SCXW170970676\">Indicada para a<\/span><\/span>uxiliar na recupera\u00e7\u00e3o p\u00f3s-cir\u00fargica na regi\u00e3o do abd\u00f4men.<\/p>\n<h6><strong>Caracter\u00edsticas\u00a0<\/strong><\/h6>\n<p>Confeccionada em el\u00e1stico macio e resistente para proporcionar conforto e seguran\u00e7a. Possui sistema de fechamento em Velcro\u00ae para favorecer o ajuste da compress\u00e3o de acordo com a necessidade do usu\u00e1rio, contribuindo tamb\u00e9m para a melhora da circula\u00e7\u00e3o sangu\u00ednea. A faixa el\u00e1stica tr\u00eas pain\u00e9is \u00e9 um produto hipoalerg\u00eanico, ou seja, ela possui baixo potencial de causar alergia. Produto lav\u00e1vel.<\/p>\n<p>Tamanho &#8211; GG\/EGG (Tamanho 2)<\/p>\n<p>Medida (cm) &#8211; 110-150<\/p>\n<p>Medir a circunfer\u00eancia do cintura.<\/p>","protected":false},"excerpt":{"rendered":"<p><span class=\"TextRun BCX0 SCXW170970676\" lang=\"PT-BR\" xml:lang=\"PT-BR\" data-contrast=\"auto\"><span class=\"NormalTextRun BCX0 SCXW170970676\">Indicada para a<\/span><\/span>uxiliar na recupera\u00e7\u00e3o p\u00f3s-cir\u00fargica na regi\u00e3o do abd\u00f4men.<\/p>","protected":false},"featured_media":856,"comment_status":"open","ping_status":"closed","template":"","meta":{"_joinchat":[]},"product_brand":[],"product_cat":[117,25],"product_tag":[],"class_list":{"0":"post-858","1":"product","2":"type-product","3":"status-publish","4":"has-post-thumbnail","6":"product_cat-faixa-elastica","7":"product_cat-ortopedia","9":"first","10":"instock","11":"shipping-taxable","12":"purchasable","13":"product-type-simple"},"_links":{"self":[{"href":"https:\/\/www.medideal.com.br\/en\/wp-json\/wp\/v2\/product\/858","targetHints":{"allow":["GET"]}}],"collection":[{"href":"https:\/\/www.medideal.com.br\/en\/wp-json\/wp\/v2\/product"}],"about":[{"href":"https:\/\/www.medideal.com.br\/en\/wp-json\/wp\/v2\/types\/product"}],"replies":[{"embeddable":true,"href":"https:\/\/www.medideal.com.br\/en\/wp-json\/wp\/v2\/comments?post=858"}],"wp:featuredmedia":[{"embeddable":true,"href":"https:\/\/www.medideal.com.br\/en\/wp-json\/wp\/v2\/media\/856"}],"wp:attachment":[{"href":"https:\/\/www.medideal.com.br\/en\/wp-json\/wp\/v2\/media?parent=858"}],"wp:term":[{"taxonomy":"product_brand","embeddable":true,"href":"https:\/\/www.medideal.com.br\/en\/wp-json\/wp\/v2\/product_brand?post=858"},{"taxonomy":"product_cat","embeddable":true,"href":"https:\/\/www.medideal.com.br\/en\/wp-json\/wp\/v2\/product_cat?post=858"},{"taxonomy":"product_tag","embeddable":true,"href":"https:\/\/www.medideal.com.br\/en\/wp-json\/wp\/v2\/product_tag?post=858"}],"curies":[{"name":"wp","href":"https:\/\/api.w.org\/{rel}","templated":true}]}}