{"id":846,"date":"2023-11-07T15:55:17","date_gmt":"2023-11-07T18:55:17","guid":{"rendered":"https:\/\/www.medideal.com.br\/?post_type=product&#038;p=846"},"modified":"2024-01-11T10:17:43","modified_gmt":"2024-01-11T13:17:43","slug":"colar-cervical-de-espuma-chantal","status":"publish","type":"product","link":"https:\/\/www.medideal.com.br\/en\/colar-cervical-de-espuma-chantal\/","title":{"rendered":"Colar Cervical de Espuma &#8211; Chantal"},"content":{"rendered":"<div class=\"elementor-element elementor-element-6c5e4882 elementor-widget elementor-widget-woocommerce-product-title elementor-page-title elementor-widget-heading\" data-id=\"6c5e4882\" data-element_type=\"widget\" data-widget_type=\"woocommerce-product-title.default\">\n<div class=\"elementor-widget-container\">\n<h1 class=\"product_title entry-title elementor-heading-title elementor-size-default\">Colar Cervical De Espuma<\/h1>\n<\/div>\n<\/div>\n<div class=\"elementor-element elementor-element-79d8686 elementor-widget elementor-widget-woocommerce-product-short-description\" data-id=\"79d8686\" data-element_type=\"widget\" data-widget_type=\"woocommerce-product-short-description.default\">\n<div class=\"elementor-widget-container\">\n<div class=\"woocommerce-product-details__short-description\">\n<p><span class=\"TextRun SCXW259454231 BCX0\" lang=\"PT-BR\" xml:lang=\"PT-BR\" data-contrast=\"auto\"><span class=\"NormalTextRun SCXW259454231 BCX0\">Indicado para torcicolo, les\u00f5es leves que acometem a regi\u00e3o da coluna cervical e promove a estabiliza\u00e7\u00e3o da coluna cervical durante o sono.<\/span><\/span><\/p>\n<p>Anatomicamente projetado para promover seguran\u00e7a, conforto e sustenta\u00e7\u00e3o durante o uso. Confeccionado em espuma de alta densidade eficiente para suportar o peso da cabe\u00e7a do usu\u00e1rio e malha macia para promover suavidade a pele e menor teor de temperatura. O fechamento em Velcro \u00ae permite um ajuste preciso e eficaz. Produto lav\u00e1vel.<\/p>\n<\/div>\n<table style=\"height: 151px\" width=\"490\" data-tablestyle=\"MsoNormalTable\" data-tablelook=\"0\">\n<tbody>\n<tr>\n<td data-celllook=\"4097\"><b><span data-contrast=\"none\"><strong>Tamanho<\/strong>\u00a0<\/span><\/b><span data-ccp-props=\"{&quot;201341983&quot;:2,&quot;335559739&quot;:0,&quot;335559740&quot;:241}\">\u00a0<\/span><\/td>\n<td data-celllook=\"4352\"><strong>Medida (cm)\u00a0\u00a0<\/strong><\/td>\n<\/tr>\n<tr>\n<td data-celllook=\"1\"><strong>PP\u00a0\u00a0<\/strong><\/td>\n<td data-celllook=\"256\"><strong>30 \u2013 32\u00a0\u00a0<\/strong><\/td>\n<\/tr>\n<tr>\n<td data-celllook=\"1\"><strong>P\u00a0\u00a0<\/strong><\/td>\n<td data-celllook=\"256\"><strong>33 \u2013 35\u00a0\u00a0<\/strong><\/td>\n<\/tr>\n<tr>\n<td data-celllook=\"1\"><strong>M\u00a0\u00a0<\/strong><\/td>\n<td data-celllook=\"256\"><strong>36 \u2013 38\u00a0\u00a0<\/strong><\/td>\n<\/tr>\n<tr>\n<td data-celllook=\"1\"><strong>G\u00a0\u00a0<\/strong><\/td>\n<td data-celllook=\"256\"><strong>39 \u2013 41\u00a0\u00a0<\/strong><\/td>\n<\/tr>\n<tr>\n<td data-celllook=\"17\"><strong>GG\u00a0\u00a0<\/strong><\/td>\n<td data-celllook=\"272\"><strong>42 \u2013 44\u00a0<\/strong><\/td>\n<\/tr>\n<\/tbody>\n<\/table>\n<p>Medir a circunfer\u00eancia do pesco\u00e7o. O colar deve ficar 1,5 cm abaixo da orelha.<\/p>\n<\/div>\n<\/div>","protected":false},"excerpt":{"rendered":"<p><span class=\"TextRun SCXW259454231 BCX0\" lang=\"PT-BR\" xml:lang=\"PT-BR\" data-contrast=\"auto\"><span class=\"NormalTextRun SCXW259454231 BCX0\">Indicado para torcicolo, les\u00f5es leves que acometem a regi\u00e3o da coluna cervical e promove a estabiliza\u00e7\u00e3o da coluna cervical durante o sono.<\/span><\/span><\/p>","protected":false},"featured_media":847,"comment_status":"open","ping_status":"closed","template":"","meta":{"_joinchat":[]},"product_brand":[],"product_cat":[25],"product_tag":[],"class_list":{"0":"post-846","1":"product","2":"type-product","3":"status-publish","4":"has-post-thumbnail","6":"product_cat-ortopedia","8":"first","9":"instock","10":"shipping-taxable","11":"purchasable","12":"product-type-variable"},"_links":{"self":[{"href":"https:\/\/www.medideal.com.br\/en\/wp-json\/wp\/v2\/product\/846","targetHints":{"allow":["GET"]}}],"collection":[{"href":"https:\/\/www.medideal.com.br\/en\/wp-json\/wp\/v2\/product"}],"about":[{"href":"https:\/\/www.medideal.com.br\/en\/wp-json\/wp\/v2\/types\/product"}],"replies":[{"embeddable":true,"href":"https:\/\/www.medideal.com.br\/en\/wp-json\/wp\/v2\/comments?post=846"}],"wp:featuredmedia":[{"embeddable":true,"href":"https:\/\/www.medideal.com.br\/en\/wp-json\/wp\/v2\/media\/847"}],"wp:attachment":[{"href":"https:\/\/www.medideal.com.br\/en\/wp-json\/wp\/v2\/media?parent=846"}],"wp:term":[{"taxonomy":"product_brand","embeddable":true,"href":"https:\/\/www.medideal.com.br\/en\/wp-json\/wp\/v2\/product_brand?post=846"},{"taxonomy":"product_cat","embeddable":true,"href":"https:\/\/www.medideal.com.br\/en\/wp-json\/wp\/v2\/product_cat?post=846"},{"taxonomy":"product_tag","embeddable":true,"href":"https:\/\/www.medideal.com.br\/en\/wp-json\/wp\/v2\/product_tag?post=846"}],"curies":[{"name":"wp","href":"https:\/\/api.w.org\/{rel}","templated":true}]}}