{"id":384,"date":"2023-09-11T18:30:40","date_gmt":"2023-09-11T21:30:40","guid":{"rendered":"https:\/\/www.medideal.com.br\/?post_type=product&#038;p=384"},"modified":"2024-01-11T09:57:02","modified_gmt":"2024-01-11T12:57:02","slug":"balanca-digital-para-bebe-com-cegonha-e-suspensorio-50kg-balmak","status":"publish","type":"product","link":"https:\/\/www.medideal.com.br\/en\/balanca-digital-para-bebe-com-cegonha-e-suspensorio-50kg-balmak\/","title":{"rendered":"Balan\u00e7a Digital para Beb\u00ea com Cegonha e Suspens\u00f3rio 50Kg"},"content":{"rendered":"<h2>Balan\u00e7a Digital para Beb\u00ea com Cegonha e Suspens\u00f3rio 50Kg Balmak<\/h2>\n<p>A Balan\u00e7a Digital com Cegonha e Suspens\u00f3rio \u00e9 multiuso e pode ser utilizada para pesar beb\u00eas e crian\u00e7as e at\u00e9 bagagens e mercadorias.<\/p>\n<p>Caracter\u00edsticas e Benef\u00edcios do Produto:<\/p>\n<p>\u2022 Desligamento autom\u00e1tico;<br \/>\n\u2022 Indicador de bateria fraca e sobrecarga;<br \/>\n\u2022 Acompanha: 02 cegonhas e 01 suspens\u00f3rio;<br \/>\n\u2022 Fun\u00e7\u00e3o Tara Sucessiva: subtrai o peso at\u00e9 100% da capacidade;<br \/>\n\u2022 Suporte tipo Cegonha: para pesar beb\u00eas de 0 a 2 anos;<br \/>\n\u2022 Suporte tipo Suspens\u00f3rio: para pesar crian\u00e7as de 2 a 5 anos;<br \/>\n\u2022 Sistema de pesagem atrav\u00e9s de sensor especial de alta precis\u00e3o (Active Load Gage system);<br \/>\n\u2022 Leve e vers\u00e1til: pode ser ser levada a qualquer lugar aonde seja necess\u00e1ria a pesagem de beb\u00eas (sempre, com finalidade de uso exclusivamente dom\u00e9stico);<br \/>\n\u2022 F\u00e1cil de usar: todas as opera\u00e7\u00f5es s\u00e3o concentradas em apenas 1 bot\u00e3o. Para indica\u00e7\u00e3o do peso, a balan\u00e7a realiza automaticamente o travamento do da carga pesada, durante a pesagem.<\/p>\n<p>Garantia 1 ano contra quaisquer defeitos de fabrica\u00e7\u00e3o e\/ou materiais.<\/p>\n<p>Funcionamento:<\/p>\n<p>Para o modo de pesagem basta ligar a balan\u00e7a com o acess\u00f3rio (cegonha ou suspens\u00f3rio) j\u00e1 instalado, suspender a balan\u00e7a que est\u00e1 com o\/a beb\u00ea\/crian\u00e7a utilizando a m\u00e3o, e aguardar o resultado.<\/p>","protected":false},"excerpt":{"rendered":"<p>A Balan\u00e7a Digital com Cegonha e Suspens\u00f3rio \u00e9 multiuso e pode ser utilizada para pesar beb\u00eas e crian\u00e7as e at\u00e9 bagagens e mercadorias.<\/p>","protected":false},"featured_media":385,"comment_status":"open","ping_status":"closed","template":"","meta":{"_joinchat":[]},"product_brand":[],"product_cat":[15],"product_tag":[],"class_list":{"0":"post-384","1":"product","2":"type-product","3":"status-publish","4":"has-post-thumbnail","6":"product_cat-estetoscopio","8":"first","9":"outofstock","10":"shipping-taxable","11":"purchasable","12":"product-type-variable"},"_links":{"self":[{"href":"https:\/\/www.medideal.com.br\/en\/wp-json\/wp\/v2\/product\/384","targetHints":{"allow":["GET"]}}],"collection":[{"href":"https:\/\/www.medideal.com.br\/en\/wp-json\/wp\/v2\/product"}],"about":[{"href":"https:\/\/www.medideal.com.br\/en\/wp-json\/wp\/v2\/types\/product"}],"replies":[{"embeddable":true,"href":"https:\/\/www.medideal.com.br\/en\/wp-json\/wp\/v2\/comments?post=384"}],"wp:featuredmedia":[{"embeddable":true,"href":"https:\/\/www.medideal.com.br\/en\/wp-json\/wp\/v2\/media\/385"}],"wp:attachment":[{"href":"https:\/\/www.medideal.com.br\/en\/wp-json\/wp\/v2\/media?parent=384"}],"wp:term":[{"taxonomy":"product_brand","embeddable":true,"href":"https:\/\/www.medideal.com.br\/en\/wp-json\/wp\/v2\/product_brand?post=384"},{"taxonomy":"product_cat","embeddable":true,"href":"https:\/\/www.medideal.com.br\/en\/wp-json\/wp\/v2\/product_cat?post=384"},{"taxonomy":"product_tag","embeddable":true,"href":"https:\/\/www.medideal.com.br\/en\/wp-json\/wp\/v2\/product_tag?post=384"}],"curies":[{"name":"wp","href":"https:\/\/api.w.org\/{rel}","templated":true}]}}