{"id":3810,"date":"2024-03-19T13:03:40","date_gmt":"2024-03-19T16:03:40","guid":{"rendered":"https:\/\/www.medideal.com.br\/?post_type=product&#038;p=3810"},"modified":"2025-01-03T16:13:06","modified_gmt":"2025-01-03T19:13:06","slug":"algodao-bola-50g-nathy","status":"publish","type":"product","link":"https:\/\/www.medideal.com.br\/en\/algodao-bola-50g-nathy\/","title":{"rendered":"Algod\u00e3o Bola 50g &#8211; Nathy"},"content":{"rendered":"<h2><b>DESCRI\u00c7\u00c3O DO ALGOD\u00c3O NATHY 50G<\/b><\/h2>\n<p><b>Algod\u00e3o Nathy 50g<\/b> \u00e9 comercializado em pacote com 50g, composto por 100% de algod\u00e3o e isento de produtos qu\u00edmicos, que garantem excelente capacidade de absor\u00e7\u00e3o de l\u00edquidos. \u00c9 perfeito para limpar a pele, retirando a maquiagem, na higieniza\u00e7\u00e3o de ferimentos e pessoal, entre outras limpezas, ajudando a manter o local livre de impurezas.<\/p>\n<h2><b>COMO USAR O ALGOD\u00c3O NATHY 50G?<\/b><\/h2>\n<p>S\u00e3o separados por unidades em \u201cbolinhas\u201c, separados na quantidade ideal para sua utiliza\u00e7\u00e3o, pode ser usado em v\u00e1rios procedimentos dom\u00e9sticos. Basta aplicar a medica\u00e7\u00e3o ou produto diretamente no algod\u00e3o e passar na \u00e1rea a ser higienizada.<\/p>\n<h2><b>ADVERT\u00caNCIAS DO USO<\/b><\/h2>\n<p>Mantenha a embalagem conservada em local com temperatura ambiente (entre 15 e 30\u00b0C), protegido da luz e umidade, fora do alcance de animais e crian\u00e7as.<\/p>","protected":false},"excerpt":{"rendered":"<p>DESCRI\u00c7\u00c3O DO ALGOD\u00c3O NATHY 50G Algod\u00e3o Nathy 50g \u00e9 comercializado em pacote com 50g, composto por 100% de algod\u00e3o e isento de produtos qu\u00edmicos, que garantem excelente capacidade de absor\u00e7\u00e3o de l\u00edquidos. \u00c9 perfeito para limpar a pele, retirando a maquiagem, na higieniza\u00e7\u00e3o de ferimentos e pessoal, entre outras limpezas, ajudando a manter o local [&hellip;]<\/p>","protected":false},"featured_media":3811,"comment_status":"open","ping_status":"closed","template":"","meta":{"_joinchat":[]},"product_brand":[],"product_cat":[29],"product_tag":[],"class_list":{"0":"post-3810","1":"product","2":"type-product","3":"status-publish","4":"has-post-thumbnail","6":"product_cat-materiais-de-consumo","8":"first","9":"outofstock","10":"shipping-taxable","11":"purchasable","12":"product-type-simple"},"_links":{"self":[{"href":"https:\/\/www.medideal.com.br\/en\/wp-json\/wp\/v2\/product\/3810","targetHints":{"allow":["GET"]}}],"collection":[{"href":"https:\/\/www.medideal.com.br\/en\/wp-json\/wp\/v2\/product"}],"about":[{"href":"https:\/\/www.medideal.com.br\/en\/wp-json\/wp\/v2\/types\/product"}],"replies":[{"embeddable":true,"href":"https:\/\/www.medideal.com.br\/en\/wp-json\/wp\/v2\/comments?post=3810"}],"wp:featuredmedia":[{"embeddable":true,"href":"https:\/\/www.medideal.com.br\/en\/wp-json\/wp\/v2\/media\/3811"}],"wp:attachment":[{"href":"https:\/\/www.medideal.com.br\/en\/wp-json\/wp\/v2\/media?parent=3810"}],"wp:term":[{"taxonomy":"product_brand","embeddable":true,"href":"https:\/\/www.medideal.com.br\/en\/wp-json\/wp\/v2\/product_brand?post=3810"},{"taxonomy":"product_cat","embeddable":true,"href":"https:\/\/www.medideal.com.br\/en\/wp-json\/wp\/v2\/product_cat?post=3810"},{"taxonomy":"product_tag","embeddable":true,"href":"https:\/\/www.medideal.com.br\/en\/wp-json\/wp\/v2\/product_tag?post=3810"}],"curies":[{"name":"wp","href":"https:\/\/api.w.org\/{rel}","templated":true}]}}