{"id":3802,"date":"2024-03-12T10:05:37","date_gmt":"2024-03-12T13:05:37","guid":{"rendered":"https:\/\/www.medideal.com.br\/?post_type=product&#038;p=3802"},"modified":"2025-01-03T16:13:07","modified_gmt":"2025-01-03T19:13:07","slug":"almofada-para-pescoco-naturlatex","status":"publish","type":"product","link":"https:\/\/www.medideal.com.br\/en\/almofada-para-pescoco-naturlatex\/","title":{"rendered":"Almofada Para Pesco\u00e7o &#8211; Naturlatex"},"content":{"rendered":"<p>Oferece\u00a0o maior conforto para o apoio da cabe\u00e7a, pesco\u00e7o ou outras partes do corpo.<\/p>\n<p>Anat\u00f4mica, se acomoda ao desenho corporal.<\/p>\n<p>Mito utilizada em viagens e passeios.<\/p>\n<p>Confeccionada em l\u00e1tex natural laminado.<\/p>\n<p>A almofada \u00e9 feita em material macio e seu toque proporciona uma sensa\u00e7\u00e3o de bem estar e relaxamento.<\/p>\n<p><strong>Especifica\u00e7\u00f5es<\/strong>:<\/p>\n<p><strong>N\u00facleo<\/strong>: L\u00e1tex natural pr\u00e9-formado<br \/>\n<strong>Largura<\/strong>: 30 cm<br \/>\n<strong>Comprimento<\/strong>: 35 cm<br \/>\n<strong>Altura<\/strong>: 8 cm<\/p>\n<p>Capa externa com z\u00edper<\/p>\n<p><strong>Tecido<\/strong>: VISCO LYCRA (95%viscose \/5% elastano).<\/p>","protected":false},"excerpt":{"rendered":"<p>A almofada \u00e9 feita em material macio e seu toque proporciona uma sensa\u00e7\u00e3o de bem estar e relaxamento.<\/p>","protected":false},"featured_media":3803,"comment_status":"open","ping_status":"closed","template":"","meta":{"_joinchat":[]},"product_brand":[],"product_cat":[116],"product_tag":[],"class_list":{"0":"post-3802","1":"product","2":"type-product","3":"status-publish","4":"has-post-thumbnail","6":"product_cat-colchoes-lencois-e-protetores","8":"first","9":"outofstock","10":"shipping-taxable","11":"purchasable","12":"product-type-simple"},"_links":{"self":[{"href":"https:\/\/www.medideal.com.br\/en\/wp-json\/wp\/v2\/product\/3802","targetHints":{"allow":["GET"]}}],"collection":[{"href":"https:\/\/www.medideal.com.br\/en\/wp-json\/wp\/v2\/product"}],"about":[{"href":"https:\/\/www.medideal.com.br\/en\/wp-json\/wp\/v2\/types\/product"}],"replies":[{"embeddable":true,"href":"https:\/\/www.medideal.com.br\/en\/wp-json\/wp\/v2\/comments?post=3802"}],"wp:featuredmedia":[{"embeddable":true,"href":"https:\/\/www.medideal.com.br\/en\/wp-json\/wp\/v2\/media\/3803"}],"wp:attachment":[{"href":"https:\/\/www.medideal.com.br\/en\/wp-json\/wp\/v2\/media?parent=3802"}],"wp:term":[{"taxonomy":"product_brand","embeddable":true,"href":"https:\/\/www.medideal.com.br\/en\/wp-json\/wp\/v2\/product_brand?post=3802"},{"taxonomy":"product_cat","embeddable":true,"href":"https:\/\/www.medideal.com.br\/en\/wp-json\/wp\/v2\/product_cat?post=3802"},{"taxonomy":"product_tag","embeddable":true,"href":"https:\/\/www.medideal.com.br\/en\/wp-json\/wp\/v2\/product_tag?post=3802"}],"curies":[{"name":"wp","href":"https:\/\/api.w.org\/{rel}","templated":true}]}}