{"id":3800,"date":"2024-03-12T09:56:15","date_gmt":"2024-03-12T12:56:15","guid":{"rendered":"https:\/\/www.medideal.com.br\/?post_type=product&#038;p=3800"},"modified":"2025-01-03T16:13:07","modified_gmt":"2025-01-03T19:13:07","slug":"almofada-mini-naturlatex","status":"publish","type":"product","link":"https:\/\/www.medideal.com.br\/en\/almofada-mini-naturlatex\/","title":{"rendered":"Almofada Mini &#8211; Naturlatex"},"content":{"rendered":"<p>A almofada mini \u00e9 ideal para uso em regi\u00f5es onde a press\u00e3o sobre a pele pode causar feridas (escaras).<\/p>\n<p>Pode ser usada na cabe\u00e7a, orelhas, calcanhares, cotovelos etc.<\/p>\n<p>Conforto durante o repouso.<\/p>\n<p>Ideal para pessoas com mobilidade reduzida e para uso prolongado em cadeiras.<\/p>\n<h3><strong>Caracter\u00edsticas<\/strong><\/h3>\n<ul>\n<li>100% latex natural;<\/li>\n<li>M\u00e1ximo suporte;<\/li>\n<li>Indeform\u00e1vel;<\/li>\n<li>No aquece.<\/li>\n<\/ul>\n<h3><strong>Especifica\u00e7\u00f5es<\/strong><\/h3>\n<ul>\n<li>N\u00facleo: L\u00e1tex Natural pr\u00e9-formado;<\/li>\n<li>Di\u00e2metro externo: 20cm;<\/li>\n<li>Di\u00e2metro interno: 7cm;<\/li>\n<li>Altura: 5cm;<\/li>\n<li>Capa externa com z\u00edper;<\/li>\n<li>Tecido: VISCO LYCRA (95%viscose \/ 5% elastano).<\/li>\n<\/ul>","protected":false},"excerpt":{"rendered":"<p>A almofada mini \u00e9 ideal para uso em regi\u00f5es onde a press\u00e3o sobre a pele pode causar feridas (escaras).<\/p>","protected":false},"featured_media":3801,"comment_status":"open","ping_status":"closed","template":"","meta":{"_joinchat":[]},"product_brand":[],"product_cat":[116],"product_tag":[],"class_list":{"0":"post-3800","1":"product","2":"type-product","3":"status-publish","4":"has-post-thumbnail","6":"product_cat-colchoes-lencois-e-protetores","8":"first","9":"outofstock","10":"shipping-taxable","11":"purchasable","12":"product-type-simple"},"_links":{"self":[{"href":"https:\/\/www.medideal.com.br\/en\/wp-json\/wp\/v2\/product\/3800","targetHints":{"allow":["GET"]}}],"collection":[{"href":"https:\/\/www.medideal.com.br\/en\/wp-json\/wp\/v2\/product"}],"about":[{"href":"https:\/\/www.medideal.com.br\/en\/wp-json\/wp\/v2\/types\/product"}],"replies":[{"embeddable":true,"href":"https:\/\/www.medideal.com.br\/en\/wp-json\/wp\/v2\/comments?post=3800"}],"wp:featuredmedia":[{"embeddable":true,"href":"https:\/\/www.medideal.com.br\/en\/wp-json\/wp\/v2\/media\/3801"}],"wp:attachment":[{"href":"https:\/\/www.medideal.com.br\/en\/wp-json\/wp\/v2\/media?parent=3800"}],"wp:term":[{"taxonomy":"product_brand","embeddable":true,"href":"https:\/\/www.medideal.com.br\/en\/wp-json\/wp\/v2\/product_brand?post=3800"},{"taxonomy":"product_cat","embeddable":true,"href":"https:\/\/www.medideal.com.br\/en\/wp-json\/wp\/v2\/product_cat?post=3800"},{"taxonomy":"product_tag","embeddable":true,"href":"https:\/\/www.medideal.com.br\/en\/wp-json\/wp\/v2\/product_tag?post=3800"}],"curies":[{"name":"wp","href":"https:\/\/api.w.org\/{rel}","templated":true}]}}