{"id":3791,"date":"2024-03-11T14:55:37","date_gmt":"2024-03-11T17:55:37","guid":{"rendered":"https:\/\/www.medideal.com.br\/?post_type=product&#038;p=3791"},"modified":"2025-01-03T16:13:07","modified_gmt":"2025-01-03T19:13:07","slug":"almofada-confort-plus-quadrada-c-orificio-naturlatex","status":"publish","type":"product","link":"https:\/\/www.medideal.com.br\/en\/almofada-confort-plus-quadrada-c-orificio-naturlatex\/","title":{"rendered":"Almofada Confort Plus Quadrada C\/ Orif\u00edcio &#8211; Naturlatex"},"content":{"rendered":"<p>A Almofada Confort \u00e9 ideal para les\u00f5es ou al\u00edvio do c\u00f3ccix, possui material dur\u00e1vel em L\u00e1tex<\/p>\n<p>CARACTER\u00cdSTICAS:<br \/>\n&#8211; Almofada Confort desenvolvida para proporcionar maior conforto ao usu\u00e1rio.<br \/>\n&#8211; Indicadas para pessoas que necessitam de melhor conforto e al\u00edvio de press\u00e3o na regi\u00e3o do c\u00f3ccix.<br \/>\n&#8211; Possui os benef\u00edcios \u00fanicos do l\u00e1tex, n\u00e3o aquece e n\u00e3o deforma.<br \/>\n&#8211; Pode ser apoiada sobre qualquer assento em casa, no trabalho, no carro ou em cadeira de rodas.<\/p>\n<p>INDICA\u00c7\u00d5ES:<br \/>\n&#8211; Al\u00edvio no desconforto da hemorr\u00f3ida<br \/>\n&#8211; Desvios de coluna.<br \/>\n&#8211; Uso p\u00f3s-operat\u00f3rio.<br \/>\n&#8211; Dores e les\u00f5es no c\u00f3ccix (por\u00e7\u00e3o final da coluna).<br \/>\n&#8211; Descanso para pessoas que ficam sentadas por longos per\u00edodos (inclusive portadores de defici\u00eancia f\u00edsica ou com problemas de locomo\u00e7\u00e3o).<br \/>\n&#8211; Conforto no repouso<br \/>\n&#8211; Em cadeira de rodas<\/p>\n<p>&nbsp;<\/p>\n<p>Medidas:<\/p>\n<p>largura: 40cm<\/p>\n<p>comprimento: 40cm<\/p>\n<p>espessura: 5cm<\/p>\n<p>capa remov\u00edvel com z\u00edper<\/p>\n<p>n\u00facleo 100%\u00a0 l\u00e1tex natural<\/p>","protected":false},"excerpt":{"rendered":"<p>A Almofada Confort \u00e9 ideal para les\u00f5es ou al\u00edvio do c\u00f3ccix, possui material dur\u00e1vel em L\u00e1tex<\/p>","protected":false},"featured_media":3793,"comment_status":"closed","ping_status":"closed","template":"","meta":{"_joinchat":[]},"product_brand":[],"product_cat":[116],"product_tag":[],"class_list":{"0":"post-3791","1":"product","2":"type-product","3":"status-publish","4":"has-post-thumbnail","6":"product_cat-colchoes-lencois-e-protetores","8":"first","9":"outofstock","10":"shipping-taxable","11":"purchasable","12":"product-type-simple"},"_links":{"self":[{"href":"https:\/\/www.medideal.com.br\/en\/wp-json\/wp\/v2\/product\/3791","targetHints":{"allow":["GET"]}}],"collection":[{"href":"https:\/\/www.medideal.com.br\/en\/wp-json\/wp\/v2\/product"}],"about":[{"href":"https:\/\/www.medideal.com.br\/en\/wp-json\/wp\/v2\/types\/product"}],"replies":[{"embeddable":true,"href":"https:\/\/www.medideal.com.br\/en\/wp-json\/wp\/v2\/comments?post=3791"}],"wp:featuredmedia":[{"embeddable":true,"href":"https:\/\/www.medideal.com.br\/en\/wp-json\/wp\/v2\/media\/3793"}],"wp:attachment":[{"href":"https:\/\/www.medideal.com.br\/en\/wp-json\/wp\/v2\/media?parent=3791"}],"wp:term":[{"taxonomy":"product_brand","embeddable":true,"href":"https:\/\/www.medideal.com.br\/en\/wp-json\/wp\/v2\/product_brand?post=3791"},{"taxonomy":"product_cat","embeddable":true,"href":"https:\/\/www.medideal.com.br\/en\/wp-json\/wp\/v2\/product_cat?post=3791"},{"taxonomy":"product_tag","embeddable":true,"href":"https:\/\/www.medideal.com.br\/en\/wp-json\/wp\/v2\/product_tag?post=3791"}],"curies":[{"name":"wp","href":"https:\/\/api.w.org\/{rel}","templated":true}]}}