{"id":379,"date":"2023-09-11T17:08:44","date_gmt":"2023-09-11T20:08:44","guid":{"rendered":"https:\/\/www.medideal.com.br\/?post_type=product&#038;p=379"},"modified":"2024-01-10T11:27:05","modified_gmt":"2024-01-10T14:27:05","slug":"adipometro-cientifico-opus-max-30-prime-med","status":"publish","type":"product","link":"https:\/\/www.medideal.com.br\/en\/adipometro-cientifico-opus-max-30-prime-med\/","title":{"rendered":"Adip\u00f4metro Cient\u00edfico Opus Max 30 Prime Med"},"content":{"rendered":"<h2>Adip\u00f4metro Cient\u00edfico Opus Max 30 Prime Med<\/h2>\n<p>Produto fabricado a\u00e7o carbono cromado, tornando o produto 30% mais leve que outros modelos de adip\u00f4metros e mais resistente. Possui maior abertura das hastes, podendo chegar at\u00e9 92mm.<br \/>\n\u00c9 utilizado para medir as dobras cut\u00e2neas, podendo obter as medidas de todo o corpo, com valores absolutos para demonstrar e comparar valores do in\u00edcio, meio e fim de um treinamento ou tratamento. Com as medidas das dobras cut\u00e2neas \u00e9 poss\u00edvel realizar o c\u00e1lculo de composi\u00e7\u00e3o corporal.<\/p>\n<p>Caracter\u00edsticas e Benef\u00edcios do Produto:<\/p>\n<p>\u2022 Servi\u00e7o gratuito de calibra\u00e7\u00e3o (contato direto com a Prime Med);<br \/>\n\u2022 Segue padr\u00f5es t\u00e9cnicos de press\u00e3o constantes indicados (9,8 g\/m\u00b2);<br \/>\n\u2022 Maior faixa de medi\u00e7\u00e3o: 0mm a 92mm, permitindo maior aplicabilidade;<br \/>\n\u2022 Por ser mais leve, aumenta a produtividade e reduz a fadiga do avaliador;<br \/>\n\u2022 Disponibiliza Software Physical Test de composi\u00e7\u00e3o corporal e f\u00edsica para download;<br \/>\n\u2022 Melhora no posicionamento do cabo contribuindo para o maior conforto do avaliador;<br \/>\n\u2022 Seu design exclusivo que diminui seu peso em at\u00e9 30% em rela\u00e7\u00e3o a outros modelos de mercado;<br \/>\n\u2022 Utiliza rel\u00f3gio comparador de alta precis\u00e3o, com resolu\u00e7\u00e3o em d\u00e9cimos de mil\u00edmetros (decimal).<\/p>\n<p>Garantia de 1 ano contra defeitos de fabrica\u00e7\u00e3o e materiais.<\/p>","protected":false},"excerpt":{"rendered":"<p>Produto fabricado a\u00e7o carbono cromado, tornando o produto 30% mais leve que outros modelos de adip\u00f4metros e mais resistente.<\/p>","protected":false},"featured_media":380,"comment_status":"open","ping_status":"closed","template":"","meta":{"_joinchat":[]},"product_brand":[],"product_cat":[15],"product_tag":[],"class_list":{"0":"post-379","1":"product","2":"type-product","3":"status-publish","4":"has-post-thumbnail","6":"product_cat-estetoscopio","8":"first","9":"outofstock","10":"shipping-taxable","11":"purchasable","12":"product-type-simple"},"_links":{"self":[{"href":"https:\/\/www.medideal.com.br\/en\/wp-json\/wp\/v2\/product\/379","targetHints":{"allow":["GET"]}}],"collection":[{"href":"https:\/\/www.medideal.com.br\/en\/wp-json\/wp\/v2\/product"}],"about":[{"href":"https:\/\/www.medideal.com.br\/en\/wp-json\/wp\/v2\/types\/product"}],"replies":[{"embeddable":true,"href":"https:\/\/www.medideal.com.br\/en\/wp-json\/wp\/v2\/comments?post=379"}],"wp:featuredmedia":[{"embeddable":true,"href":"https:\/\/www.medideal.com.br\/en\/wp-json\/wp\/v2\/media\/380"}],"wp:attachment":[{"href":"https:\/\/www.medideal.com.br\/en\/wp-json\/wp\/v2\/media?parent=379"}],"wp:term":[{"taxonomy":"product_brand","embeddable":true,"href":"https:\/\/www.medideal.com.br\/en\/wp-json\/wp\/v2\/product_brand?post=379"},{"taxonomy":"product_cat","embeddable":true,"href":"https:\/\/www.medideal.com.br\/en\/wp-json\/wp\/v2\/product_cat?post=379"},{"taxonomy":"product_tag","embeddable":true,"href":"https:\/\/www.medideal.com.br\/en\/wp-json\/wp\/v2\/product_tag?post=379"}],"curies":[{"name":"wp","href":"https:\/\/api.w.org\/{rel}","templated":true}]}}