{"id":3786,"date":"2024-03-11T12:07:24","date_gmt":"2024-03-11T15:07:24","guid":{"rendered":"https:\/\/www.medideal.com.br\/?post_type=product&#038;p=3786"},"modified":"2025-01-03T16:13:07","modified_gmt":"2025-01-03T19:13:07","slug":"almofada-confort-em-u-40cm-naturlatex","status":"publish","type":"product","link":"https:\/\/www.medideal.com.br\/en\/almofada-confort-em-u-40cm-naturlatex\/","title":{"rendered":"Almofada Confort Em U 40cm &#8211; Naturlatex"},"content":{"rendered":"<p>A Almofada Confort \u00e9 ideal para les\u00f5es ou al\u00edvio do c\u00f3ccix, possui material dur\u00e1vel em L\u00e1tex<\/p>\n<p>CARACTER\u00cdSTICAS:<br \/>\n&#8211; Almofada Confort desenvolvida para proporcionar maior conforto ao usu\u00e1rio.<br \/>\n&#8211; Possui o formato de \u201cu\u201d em uma de suas extremidades, indicadas para pessoas que necessitam de melhor conforto e al\u00edvio de press\u00e3o na regi\u00e3o do c\u00f3ccix.<br \/>\n&#8211; Possui os benef\u00edcios \u00fanicos do l\u00e1tex, n\u00e3o aquece e n\u00e3o deforma.<br \/>\n&#8211; Pode ser apoiada sobre qualquer assento em casa, no trabalho, no carro ou em cadeira de rodas.<\/p>\n<p>INDICA\u00c7\u00d5ES:<br \/>\n&#8211; Hemorroidas.<br \/>\n&#8211; Desvios de coluna.<br \/>\n&#8211; Uso p\u00f3s-operat\u00f3rio.<br \/>\n&#8211; Dores e les\u00f5es no c\u00f3ccix (por\u00e7\u00e3o final da coluna).<br \/>\n&#8211; Descanso para pessoas que ficam sentadas por longos per\u00edodos (inclusive portadores de defici\u00eancia f\u00edsica ou com problemas de locomo\u00e7\u00e3o).<br \/>\n&#8211; Conforto no repouso<br \/>\n&#8211; Traumatismo e les\u00f5es no c\u00f3ccix<br \/>\n&#8211; Em cadeira de rodas<\/p>\n<p>ESPECIFICA\u00c7\u00d5ES:<br \/>\nN\u00facleo: L\u00e1tex laminado<br \/>\nLargura: 40 cm<br \/>\nCumprimento: 40 cm<br \/>\nAltura: 5 cm<br \/>\nCavado: 15 cm<br \/>\nCapa externa com z\u00edper<br \/>\nTecido: VISCO LYCRA (95% viscose \/ 5% elastano)<br \/>\nValidade: indeterminada<\/p>","protected":false},"excerpt":{"rendered":"<p>A Almofada Confort \u00e9 ideal para les\u00f5es ou al\u00edvio do c\u00f3ccix, possui material dur\u00e1vel em L\u00e1tex<\/p>","protected":false},"featured_media":3787,"comment_status":"open","ping_status":"closed","template":"","meta":{"_joinchat":[]},"product_brand":[],"product_cat":[116],"product_tag":[],"class_list":{"0":"post-3786","1":"product","2":"type-product","3":"status-publish","4":"has-post-thumbnail","6":"product_cat-colchoes-lencois-e-protetores","8":"first","9":"outofstock","10":"shipping-taxable","11":"purchasable","12":"product-type-simple"},"_links":{"self":[{"href":"https:\/\/www.medideal.com.br\/en\/wp-json\/wp\/v2\/product\/3786","targetHints":{"allow":["GET"]}}],"collection":[{"href":"https:\/\/www.medideal.com.br\/en\/wp-json\/wp\/v2\/product"}],"about":[{"href":"https:\/\/www.medideal.com.br\/en\/wp-json\/wp\/v2\/types\/product"}],"replies":[{"embeddable":true,"href":"https:\/\/www.medideal.com.br\/en\/wp-json\/wp\/v2\/comments?post=3786"}],"wp:featuredmedia":[{"embeddable":true,"href":"https:\/\/www.medideal.com.br\/en\/wp-json\/wp\/v2\/media\/3787"}],"wp:attachment":[{"href":"https:\/\/www.medideal.com.br\/en\/wp-json\/wp\/v2\/media?parent=3786"}],"wp:term":[{"taxonomy":"product_brand","embeddable":true,"href":"https:\/\/www.medideal.com.br\/en\/wp-json\/wp\/v2\/product_brand?post=3786"},{"taxonomy":"product_cat","embeddable":true,"href":"https:\/\/www.medideal.com.br\/en\/wp-json\/wp\/v2\/product_cat?post=3786"},{"taxonomy":"product_tag","embeddable":true,"href":"https:\/\/www.medideal.com.br\/en\/wp-json\/wp\/v2\/product_tag?post=3786"}],"curies":[{"name":"wp","href":"https:\/\/api.w.org\/{rel}","templated":true}]}}