{"id":3783,"date":"2024-03-11T11:30:50","date_gmt":"2024-03-11T14:30:50","guid":{"rendered":"https:\/\/www.medideal.com.br\/?post_type=product&#038;p=3783"},"modified":"2025-01-03T16:13:07","modified_gmt":"2025-01-03T19:13:07","slug":"almofada-classic-redonda-c-orificio-37cm-naturlatex","status":"publish","type":"product","link":"https:\/\/www.medideal.com.br\/en\/almofada-classic-redonda-c-orificio-37cm-naturlatex\/","title":{"rendered":"Almofada Classic Redonda C\/ Orif\u00edcio 37cm &#8211; Naturlatex"},"content":{"rendered":"<p>A almofada Naturlatex possui capa em tecido algod\u00e3o com z\u00edper, proporcionando maior conforto aos usu\u00e1rios, al\u00e9m de ser confeccionada em l\u00e1tex. Tem fun\u00e7\u00e3o anti-escaras e anti-\u00e1caros, al\u00e9m de n\u00e3o ficar deformada com o tempo de uso.<br \/>\nIndicada para um maior conforto no repouso,\u00a0 para quem possui mobilidade reduzida,\u00a0 ajuda no al\u00edvio do desconforto ao sentar-se,\u00a0 auxilia no p\u00f3s-operat\u00f3rio de\u00a0 hemorr\u00f3idas, p\u00f3s parto, traumatismo e les\u00f5es no c\u00f3ccix,\u00a0 atua na preven\u00e7\u00e3o de escaras e pode ser utilizada na cadeira de rodas.<\/p>\n<p>Caracter\u00edsticas:<\/p>\n<p>di\u00e2metro externo: 37cm<\/p>\n<p>di\u00e2metro interno: 16cm<\/p>\n<p>espessura: 8cm<\/p>\n<p>capa remov\u00edvel com z\u00edper<\/p>\n<p>n\u00facleo 100%\u00a0 l\u00e1tex natural<\/p>\n<p>&nbsp;<\/p>","protected":false},"excerpt":{"rendered":"<p>A almofada Naturlatex possui capa em tecido algod\u00e3o com z\u00edper, proporcionando maior conforto aos usu\u00e1rios, al\u00e9m de ser confeccionada em l\u00e1tex. Tem fun\u00e7\u00e3o anti-escaras e anti-\u00e1caros, al\u00e9m de n\u00e3o ficar deformada com o tempo de uso.<\/p>","protected":false},"featured_media":3784,"comment_status":"open","ping_status":"closed","template":"","meta":{"_joinchat":[]},"product_brand":[],"product_cat":[116],"product_tag":[],"class_list":{"0":"post-3783","1":"product","2":"type-product","3":"status-publish","4":"has-post-thumbnail","6":"product_cat-colchoes-lencois-e-protetores","8":"first","9":"outofstock","10":"shipping-taxable","11":"purchasable","12":"product-type-simple"},"_links":{"self":[{"href":"https:\/\/www.medideal.com.br\/en\/wp-json\/wp\/v2\/product\/3783","targetHints":{"allow":["GET"]}}],"collection":[{"href":"https:\/\/www.medideal.com.br\/en\/wp-json\/wp\/v2\/product"}],"about":[{"href":"https:\/\/www.medideal.com.br\/en\/wp-json\/wp\/v2\/types\/product"}],"replies":[{"embeddable":true,"href":"https:\/\/www.medideal.com.br\/en\/wp-json\/wp\/v2\/comments?post=3783"}],"wp:featuredmedia":[{"embeddable":true,"href":"https:\/\/www.medideal.com.br\/en\/wp-json\/wp\/v2\/media\/3784"}],"wp:attachment":[{"href":"https:\/\/www.medideal.com.br\/en\/wp-json\/wp\/v2\/media?parent=3783"}],"wp:term":[{"taxonomy":"product_brand","embeddable":true,"href":"https:\/\/www.medideal.com.br\/en\/wp-json\/wp\/v2\/product_brand?post=3783"},{"taxonomy":"product_cat","embeddable":true,"href":"https:\/\/www.medideal.com.br\/en\/wp-json\/wp\/v2\/product_cat?post=3783"},{"taxonomy":"product_tag","embeddable":true,"href":"https:\/\/www.medideal.com.br\/en\/wp-json\/wp\/v2\/product_tag?post=3783"}],"curies":[{"name":"wp","href":"https:\/\/api.w.org\/{rel}","templated":true}]}}