{"id":3780,"date":"2024-03-11T10:06:35","date_gmt":"2024-03-11T13:06:35","guid":{"rendered":"https:\/\/www.medideal.com.br\/?post_type=product&#038;p=3780"},"modified":"2025-01-03T16:13:08","modified_gmt":"2025-01-03T19:13:08","slug":"almofada-redonda-caixa-de-ovo-agua-artflex","status":"publish","type":"product","link":"https:\/\/www.medideal.com.br\/en\/almofada-redonda-caixa-de-ovo-agua-artflex\/","title":{"rendered":"Almofada Redonda Caixa De Ovo \u00c1gua &#8211; Artflex"},"content":{"rendered":"<p><strong>INDICA\u00c7\u00d5ES:<\/strong><br \/>\n\u2022 No tratamento de Hemorroidas<br \/>\n\u2022 Convalescen\u00e7a de p\u00f3s-operat\u00f3rio<br \/>\n\u2022 Pessoas que permanecem sentadas por longos per\u00edodos<br \/>\n\u2022 Usu\u00e1rios de cadeira de rodas<br \/>\n\u2022 Dores e les\u00f5es no c\u00f3ccix<br \/>\n\u2022 Para pessoas que buscam mais conforto no carro ou no escrit\u00f3rio.<\/p>\n<p><strong>CARACTER\u00cdSTICAS:<\/strong><br \/>\n\u2022 Confort\u00e1vel. Flex\u00edvel.<br \/>\n\u2022 Com orif\u00edcio central<br \/>\n\u2022 Suporta at\u00e9 130 kg.<br \/>\n\u2022 Permite assepsia em todo o produto.<\/p>\n<p><strong>MODO DE USAR:<\/strong><br \/>\nCom a almofada em p\u00e9 coloque \u00e1gua at\u00e9 atingir a metade dela. Ap\u00f3s colocar \u00e1gua, com a almofada sobre uma base e ainda com a v\u00e1lvula aberta, comprima-a suavemente para retirar o excesso de ar em seguida feche a v\u00e1lvula.<\/p>\n<p><strong>CUIDADOS:<\/strong><br \/>\n1) Evite sentar-se de forma s\u00fabita, repentina. Ao sentar, fa\u00e7a-o de forma suave.<br \/>\n2) Quantidade excessiva de \u00e1gua, rompe o produto e compromete o conforto do usu\u00e1rio.<br \/>\n3) \u00d3leos, pomadas, e res\u00edduos humanos (urina e fezes), ressecam o PVC e interfere na vida \u00fatil do produto.<br \/>\n4) Para fazer o tratamento da \u00e1gua, basta colocar 1 colher de sobremesa de \u00e1gua sanit\u00e1ria a cada 30 dias.<br \/>\n5) Cuidado, NUNCA coloque sua Almofada em contato com objetos perfuro cortantes.<br \/>\n6) Use \u00e1gua e sab\u00e3o ou \u00e1lcool 70\u00ba para higienizar a sua Almofada.<\/p>","protected":false},"excerpt":{"rendered":"<p>INDICA\u00c7\u00d5ES: \u2022 No tratamento de Hemorroidas \u2022 Convalescen\u00e7a de p\u00f3s-operat\u00f3rio \u2022 Pessoas que permanecem sentadas por longos per\u00edodos \u2022 Usu\u00e1rios de cadeira de rodas \u2022 Dores e les\u00f5es no c\u00f3ccix \u2022 Para pessoas que buscam mais conforto no carro ou no escrit\u00f3rio. CARACTER\u00cdSTICAS: \u2022 Confort\u00e1vel. Flex\u00edvel. \u2022 Com orif\u00edcio central \u2022 Suporta at\u00e9 130 kg. [&hellip;]<\/p>","protected":false},"featured_media":3781,"comment_status":"open","ping_status":"closed","template":"","meta":{"_joinchat":[]},"product_brand":[],"product_cat":[116],"product_tag":[],"class_list":{"0":"post-3780","1":"product","2":"type-product","3":"status-publish","4":"has-post-thumbnail","6":"product_cat-colchoes-lencois-e-protetores","8":"first","9":"outofstock","10":"shipping-taxable","11":"purchasable","12":"product-type-simple"},"_links":{"self":[{"href":"https:\/\/www.medideal.com.br\/en\/wp-json\/wp\/v2\/product\/3780","targetHints":{"allow":["GET"]}}],"collection":[{"href":"https:\/\/www.medideal.com.br\/en\/wp-json\/wp\/v2\/product"}],"about":[{"href":"https:\/\/www.medideal.com.br\/en\/wp-json\/wp\/v2\/types\/product"}],"replies":[{"embeddable":true,"href":"https:\/\/www.medideal.com.br\/en\/wp-json\/wp\/v2\/comments?post=3780"}],"wp:featuredmedia":[{"embeddable":true,"href":"https:\/\/www.medideal.com.br\/en\/wp-json\/wp\/v2\/media\/3781"}],"wp:attachment":[{"href":"https:\/\/www.medideal.com.br\/en\/wp-json\/wp\/v2\/media?parent=3780"}],"wp:term":[{"taxonomy":"product_brand","embeddable":true,"href":"https:\/\/www.medideal.com.br\/en\/wp-json\/wp\/v2\/product_brand?post=3780"},{"taxonomy":"product_cat","embeddable":true,"href":"https:\/\/www.medideal.com.br\/en\/wp-json\/wp\/v2\/product_cat?post=3780"},{"taxonomy":"product_tag","embeddable":true,"href":"https:\/\/www.medideal.com.br\/en\/wp-json\/wp\/v2\/product_tag?post=3780"}],"curies":[{"name":"wp","href":"https:\/\/api.w.org\/{rel}","templated":true}]}}