{"id":3776,"date":"2024-03-11T09:50:34","date_gmt":"2024-03-11T12:50:34","guid":{"rendered":"https:\/\/www.medideal.com.br\/?post_type=product&#038;p=3776"},"modified":"2025-01-03T16:13:08","modified_gmt":"2025-01-03T19:13:08","slug":"almofada-quadrada-caixa-de-ovo-agua-artflex","status":"publish","type":"product","link":"https:\/\/www.medideal.com.br\/en\/almofada-quadrada-caixa-de-ovo-agua-artflex\/","title":{"rendered":"Almofada Quadrada Caixa De Ovo \u00c1gua &#8211; Artflex"},"content":{"rendered":"<p><strong>INDICA\u00c7\u00d5ES:<\/strong><br \/>\n\u2022 No tratamento de Hemorroidas<br \/>\n\u2022 Convalescen\u00e7a de p\u00f3s-operat\u00f3rio<br \/>\n\u2022 Pessoas que permanecem sentadas por longos per\u00edodos<br \/>\n\u2022 Usu\u00e1rios de cadeira de rodas<br \/>\n\u2022 Dores e les\u00f5es no c\u00f3ccix<br \/>\n\u2022 Para pessoas que buscam mais conforto no carro ou no escrit\u00f3rio.<\/p>\n<p><strong>CARACTER\u00cdSTICAS:<\/strong><br \/>\n\u2022 Confort\u00e1vel. Flex\u00edvel.<br \/>\n\u2022 Com orif\u00edcio central<br \/>\n\u2022 Suporta at\u00e9 130 kg.<br \/>\n\u2022 Permite assepsia em todo o produto.<\/p>\n<p><strong>MODO DE USAR:<\/strong><br \/>\nCom a almofada em p\u00e9 coloque \u00e1gua at\u00e9 atingir a metade dela. Ap\u00f3s colocar \u00e1gua, com a almofada sobre uma base e ainda com a v\u00e1lvula aberta, comprima-a suavemente pararetirar o excesso de ar em seguida feche a v\u00e1lvula.<\/p>","protected":false},"excerpt":{"rendered":"<p>INDICA\u00c7\u00d5ES: \u2022 No tratamento de Hemorroidas \u2022 Convalescen\u00e7a de p\u00f3s-operat\u00f3rio \u2022 Pessoas que permanecem sentadas por longos per\u00edodos \u2022 Usu\u00e1rios de cadeira de rodas \u2022 Dores e les\u00f5es no c\u00f3ccix \u2022 Para pessoas que buscam mais conforto no carro ou no escrit\u00f3rio. CARACTER\u00cdSTICAS: \u2022 Confort\u00e1vel. Flex\u00edvel. \u2022 Com orif\u00edcio central \u2022 Suporta at\u00e9 130 kg. [&hellip;]<\/p>","protected":false},"featured_media":3777,"comment_status":"open","ping_status":"closed","template":"","meta":{"_joinchat":[]},"product_brand":[],"product_cat":[116],"product_tag":[],"class_list":{"0":"post-3776","1":"product","2":"type-product","3":"status-publish","4":"has-post-thumbnail","6":"product_cat-colchoes-lencois-e-protetores","8":"first","9":"outofstock","10":"shipping-taxable","11":"purchasable","12":"product-type-simple"},"_links":{"self":[{"href":"https:\/\/www.medideal.com.br\/en\/wp-json\/wp\/v2\/product\/3776","targetHints":{"allow":["GET"]}}],"collection":[{"href":"https:\/\/www.medideal.com.br\/en\/wp-json\/wp\/v2\/product"}],"about":[{"href":"https:\/\/www.medideal.com.br\/en\/wp-json\/wp\/v2\/types\/product"}],"replies":[{"embeddable":true,"href":"https:\/\/www.medideal.com.br\/en\/wp-json\/wp\/v2\/comments?post=3776"}],"wp:featuredmedia":[{"embeddable":true,"href":"https:\/\/www.medideal.com.br\/en\/wp-json\/wp\/v2\/media\/3777"}],"wp:attachment":[{"href":"https:\/\/www.medideal.com.br\/en\/wp-json\/wp\/v2\/media?parent=3776"}],"wp:term":[{"taxonomy":"product_brand","embeddable":true,"href":"https:\/\/www.medideal.com.br\/en\/wp-json\/wp\/v2\/product_brand?post=3776"},{"taxonomy":"product_cat","embeddable":true,"href":"https:\/\/www.medideal.com.br\/en\/wp-json\/wp\/v2\/product_cat?post=3776"},{"taxonomy":"product_tag","embeddable":true,"href":"https:\/\/www.medideal.com.br\/en\/wp-json\/wp\/v2\/product_tag?post=3776"}],"curies":[{"name":"wp","href":"https:\/\/api.w.org\/{rel}","templated":true}]}}