{"id":3770,"date":"2024-03-11T09:42:11","date_gmt":"2024-03-11T12:42:11","guid":{"rendered":"https:\/\/www.medideal.com.br\/?post_type=product&#038;p=3770"},"modified":"2025-01-03T16:13:08","modified_gmt":"2025-01-03T19:13:08","slug":"almofada-redonda-com-orificio-caixa-de-ovo-inflavel-artflex","status":"publish","type":"product","link":"https:\/\/www.medideal.com.br\/en\/almofada-redonda-com-orificio-caixa-de-ovo-inflavel-artflex\/","title":{"rendered":"Almofada Redonda Com Orif\u00edcio Caixa De Ovo Infl\u00e1vel &#8211; Artflex"},"content":{"rendered":"<p><strong>INDICA\u00c7\u00d5ES:<\/strong><br \/>\n\u2022 Preven\u00e7\u00e3o e tratamento da LPP \u2013 Les\u00e3o Por Press\u00e3o (Escaras)<br \/>\n\u2022 Pessoas que permanecem sentadas por longos per\u00edodos<br \/>\n\u2022 Usu\u00e1rios de cadeira de rodas<br \/>\n\u2022 Convalescen\u00e7a de p\u00f3s-operat\u00f3rio<br \/>\n\u2022 Dores e les\u00f5es no c\u00f3ccix<\/p>\n<p><strong>CARACTER\u00cdSTICAS:<\/strong><br \/>\n\u2022 Confort\u00e1vel. Flex\u00edvel.<br \/>\n\u2022 Suporta at\u00e9 130 kg.<br \/>\n\u2022 Permite assepsia em todo o produto.<\/p>\n<p><strong>MODO DE USAR:<\/strong><br \/>\nTodas Almofadas infl\u00e1veis Art-Flex s\u00e3o equipadas com v\u00e1lvula de ar com sistema de seguran\u00e7a que impede a sa\u00edda e entrada de ar. Sempre que inflar ou desinflar, voc\u00ea precisa apertar a v\u00e1lvula.<br \/>\nAperte a v\u00e1lvula de ar e infle a almofada. A quantidade de ar n\u00e3o deve ser grande a ponto de a almofada ficar superinflada, dura. Deve ser pequena, bem pouco mesmo, o suficiente para o usu\u00e1rio n\u00e3o se encostar na base onde a almofada foi colocada.<\/p>\n<p><strong>IMPORTANTE:<\/strong><br \/>\nQuantidade excessiva de ar, rompe a almofada e compromete o conforto do usu\u00e1rio. Isso configura estrago por uso inadequado e n\u00e3o defeito de f\u00e1brica. Deve-se colocar bem pouco ar porque, quando o usu\u00e1rio se sentar, o ar se dispersa por toda almofada. Al\u00e9m disso, pouco ar promove conforto ao usu\u00e1rio, prolonga a vida da almofada e, o mais importante de todos, promove o al\u00edvio da press\u00e3o.<\/p>","protected":false},"excerpt":{"rendered":"<p>INDICA\u00c7\u00d5ES: \u2022 Preven\u00e7\u00e3o e tratamento da LPP \u2013 Les\u00e3o Por Press\u00e3o (Escaras) \u2022 Pessoas que permanecem sentadas por longos per\u00edodos \u2022 Usu\u00e1rios de cadeira de rodas \u2022 Convalescen\u00e7a de p\u00f3s-operat\u00f3rio \u2022 Dores e les\u00f5es no c\u00f3ccix CARACTER\u00cdSTICAS: \u2022 Confort\u00e1vel. Flex\u00edvel. \u2022 Suporta at\u00e9 130 kg. \u2022 Permite assepsia em todo o produto. MODO DE USAR: [&hellip;]<\/p>","protected":false},"featured_media":3771,"comment_status":"open","ping_status":"closed","template":"","meta":{"_joinchat":[]},"product_brand":[],"product_cat":[116],"product_tag":[],"class_list":{"0":"post-3770","1":"product","2":"type-product","3":"status-publish","4":"has-post-thumbnail","6":"product_cat-colchoes-lencois-e-protetores","8":"first","9":"outofstock","10":"shipping-taxable","11":"purchasable","12":"product-type-simple"},"_links":{"self":[{"href":"https:\/\/www.medideal.com.br\/en\/wp-json\/wp\/v2\/product\/3770","targetHints":{"allow":["GET"]}}],"collection":[{"href":"https:\/\/www.medideal.com.br\/en\/wp-json\/wp\/v2\/product"}],"about":[{"href":"https:\/\/www.medideal.com.br\/en\/wp-json\/wp\/v2\/types\/product"}],"replies":[{"embeddable":true,"href":"https:\/\/www.medideal.com.br\/en\/wp-json\/wp\/v2\/comments?post=3770"}],"wp:featuredmedia":[{"embeddable":true,"href":"https:\/\/www.medideal.com.br\/en\/wp-json\/wp\/v2\/media\/3771"}],"wp:attachment":[{"href":"https:\/\/www.medideal.com.br\/en\/wp-json\/wp\/v2\/media?parent=3770"}],"wp:term":[{"taxonomy":"product_brand","embeddable":true,"href":"https:\/\/www.medideal.com.br\/en\/wp-json\/wp\/v2\/product_brand?post=3770"},{"taxonomy":"product_cat","embeddable":true,"href":"https:\/\/www.medideal.com.br\/en\/wp-json\/wp\/v2\/product_cat?post=3770"},{"taxonomy":"product_tag","embeddable":true,"href":"https:\/\/www.medideal.com.br\/en\/wp-json\/wp\/v2\/product_tag?post=3770"}],"curies":[{"name":"wp","href":"https:\/\/api.w.org\/{rel}","templated":true}]}}