{"id":3757,"date":"2024-03-08T16:16:45","date_gmt":"2024-03-08T19:16:45","guid":{"rendered":"https:\/\/www.medideal.com.br\/?post_type=product&#038;p=3757"},"modified":"2025-01-03T16:13:56","modified_gmt":"2025-01-03T19:13:56","slug":"assento-gel-quadrado-com-orificio-artflex","status":"publish","type":"product","link":"https:\/\/www.medideal.com.br\/en\/assento-gel-quadrado-com-orificio-artflex\/","title":{"rendered":"Assento Gel Quadrado Com Orif\u00edcio &#8211; Artflex"},"content":{"rendered":"<p><strong>INDICA\u00c7\u00d5ES:<\/strong><br \/>\n\u2022 Preven\u00e7\u00e3o e tratamento da LPP \u2013 Les\u00e3o Por Press\u00e3o (Escaras)<br \/>\n\u2022 Pessoas que permanecem sentadas por longos per\u00edodos<br \/>\n\u2022 Usu\u00e1rios de cadeira de rodas<br \/>\n\u2022 Convalescen\u00e7a de p\u00f3s-operat\u00f3rio<br \/>\n\u2022 Dores e les\u00f5es no c\u00f3ccix<br \/>\n\u2022 Para pessoas que buscam mais conforto no carro ou no escrit\u00f3rio.<br \/>\n\u2022 Auxilia na corre\u00e7\u00e3o de postura corporal<\/p>\n<p><strong>CARACTER\u00cdSTICAS:<\/strong><br \/>\n\u2022 confort\u00e1vel. Flex\u00edvel.<br \/>\n\u2022 Suporta at\u00e9 130 kg.<br \/>\n\u2022 Permite assepsia em todo o produto.<\/p>\n<p><strong>MODO DE USAR:<\/strong><br \/>\nBasta colocar a sua almofada na base para uso. Ao sentar-se o gel ser\u00e1 distribu\u00eddo de forma gradual.<\/p>\n<p><strong>IMPORTANTE:<\/strong><br \/>\nEsta almofada de gel Art-flex possui, no lado inferior, (lado oposto \u00e0 grava\u00e7\u00e3o da marca e lote), uma manta t\u00e9rmica que promove mais conforto por evitar o frio e calor excessivo. Se preferir, nos dias mais frios ou mais quentes voc\u00ea pode sentar-se na almofada usando este lado para cima.<\/p>\n<p><strong>CUIDADOS:<\/strong><br \/>\n1) Evite sentar-se de forma s\u00fabita, repentina. Ao sentar, fa\u00e7a-o de forma suave.<br \/>\n2) \u00d3leos, pomadas, e res\u00edduos humanos (urina e fezes), ressecam o PVC e interfere na vida \u00fatil do produto.<br \/>\n3) Cuidado, NUNCA coloque sua Almofada em contato com objetos perfurocortantes.<br \/>\n4) Use \u00e1gua e sab\u00e3o ou \u00e1lcool 70\u00ba para higienizar a sua Almofada.<br \/>\n5) Gel de uso externo. N\u00e3o t\u00f3xico, por\u00e9m, n\u00e3o pode ser ingerido. Em contato com a pele ou olhos, lavar com \u00e1gua. Se ingerido, consultar um m\u00e9dico.<\/p>","protected":false},"excerpt":{"rendered":"<p>INDICA\u00c7\u00d5ES: \u2022 Preven\u00e7\u00e3o e tratamento da LPP \u2013 Les\u00e3o Por Press\u00e3o (Escaras) \u2022 Pessoas que permanecem sentadas por longos per\u00edodos \u2022 Usu\u00e1rios de cadeira de rodas \u2022 Convalescen\u00e7a de p\u00f3s-operat\u00f3rio \u2022 Dores e les\u00f5es no c\u00f3ccix \u2022 Para pessoas que buscam mais conforto no carro ou no escrit\u00f3rio. \u2022 Auxilia na corre\u00e7\u00e3o de postura corporal [&hellip;]<\/p>","protected":false},"featured_media":3758,"comment_status":"open","ping_status":"closed","template":"","meta":{"_joinchat":[]},"product_brand":[],"product_cat":[116],"product_tag":[],"class_list":{"0":"post-3757","1":"product","2":"type-product","3":"status-publish","4":"has-post-thumbnail","6":"product_cat-colchoes-lencois-e-protetores","8":"first","9":"outofstock","10":"shipping-taxable","11":"purchasable","12":"product-type-simple"},"_links":{"self":[{"href":"https:\/\/www.medideal.com.br\/en\/wp-json\/wp\/v2\/product\/3757","targetHints":{"allow":["GET"]}}],"collection":[{"href":"https:\/\/www.medideal.com.br\/en\/wp-json\/wp\/v2\/product"}],"about":[{"href":"https:\/\/www.medideal.com.br\/en\/wp-json\/wp\/v2\/types\/product"}],"replies":[{"embeddable":true,"href":"https:\/\/www.medideal.com.br\/en\/wp-json\/wp\/v2\/comments?post=3757"}],"wp:featuredmedia":[{"embeddable":true,"href":"https:\/\/www.medideal.com.br\/en\/wp-json\/wp\/v2\/media\/3758"}],"wp:attachment":[{"href":"https:\/\/www.medideal.com.br\/en\/wp-json\/wp\/v2\/media?parent=3757"}],"wp:term":[{"taxonomy":"product_brand","embeddable":true,"href":"https:\/\/www.medideal.com.br\/en\/wp-json\/wp\/v2\/product_brand?post=3757"},{"taxonomy":"product_cat","embeddable":true,"href":"https:\/\/www.medideal.com.br\/en\/wp-json\/wp\/v2\/product_cat?post=3757"},{"taxonomy":"product_tag","embeddable":true,"href":"https:\/\/www.medideal.com.br\/en\/wp-json\/wp\/v2\/product_tag?post=3757"}],"curies":[{"name":"wp","href":"https:\/\/api.w.org\/{rel}","templated":true}]}}