{"id":3755,"date":"2024-03-08T14:56:04","date_gmt":"2024-03-08T17:56:04","guid":{"rendered":"https:\/\/www.medideal.com.br\/?post_type=product&#038;p=3755"},"modified":"2025-01-03T16:13:56","modified_gmt":"2025-01-03T19:13:56","slug":"assento-gel-com-encosto-inflavel-artflex","status":"publish","type":"product","link":"https:\/\/www.medideal.com.br\/en\/assento-gel-com-encosto-inflavel-artflex\/","title":{"rendered":"Assento Gel Com Encosto Infl\u00e1vel &#8211; Artflex"},"content":{"rendered":"<p><strong>INDICA\u00c7\u00d5ES:<\/strong><br \/>\n\u2022 Convalescen\u00e7a de p\u00f3s operat\u00f3rio.<br \/>\n\u2022 Pessoas que permanecem sentadas por longos per\u00edodos.<br \/>\n\u2022 Auxilia na corre\u00e7\u00e3o de postura corporal.<br \/>\n\u2022 Usu\u00e1rios de cadeira de rodas.<br \/>\n\u2022 Dores e les\u00f5es no c\u00f3ccix.<\/p>\n<p><strong>CARACTER\u00cdSTICAS:<\/strong><br \/>\n\u2022 Manta t\u00e9rmica evita o frio ou calor excessivo.<br \/>\n\u2022 Com orif\u00edcio.<br \/>\n\u2022 Flex\u00edvel.<br \/>\n\u2022 M\u00e1xima resist\u00eancia at\u00e9 130 kg.<br \/>\n\u2022 Permite assepsia em todo o produto.<\/p>\n<p><strong>MODO DE USAR:<\/strong><br \/>\nEsta apresenta\u00e7\u00e3o possui uma manta t\u00e9rmica interna que promove mais conforto por evitar o frio ou calor excessivo. Coloque a Almofada na base para uso. Ao sentar-se o gel ser\u00e1 distribu\u00eddo de forma gradual.<\/p>\n<p><strong>INFORMA\u00c7\u00d5ES:<\/strong><br \/>\nGel de uso externo. N\u00e3o t\u00f3xico, por\u00e9m, n\u00e3o pode ser ingerido. Em contato com a pele ou olhos, lavar com \u00e1gua. Se ingerido, consultar um m\u00e9dico.<\/p>","protected":false},"excerpt":{"rendered":"<p>Esta apresenta\u00e7\u00e3o possui uma manta t\u00e9rmica interna que promove mais conforto por evitar o frio ou calor excessivo. Coloque a Almofada na base para uso. Ao sentar-se o gel ser\u00e1 distribu\u00eddo de forma gradual.<\/p>","protected":false},"featured_media":3756,"comment_status":"open","ping_status":"closed","template":"","meta":{"_joinchat":[]},"product_brand":[],"product_cat":[116],"product_tag":[],"class_list":{"0":"post-3755","1":"product","2":"type-product","3":"status-publish","4":"has-post-thumbnail","6":"product_cat-colchoes-lencois-e-protetores","8":"first","9":"outofstock","10":"shipping-taxable","11":"purchasable","12":"product-type-simple"},"_links":{"self":[{"href":"https:\/\/www.medideal.com.br\/en\/wp-json\/wp\/v2\/product\/3755","targetHints":{"allow":["GET"]}}],"collection":[{"href":"https:\/\/www.medideal.com.br\/en\/wp-json\/wp\/v2\/product"}],"about":[{"href":"https:\/\/www.medideal.com.br\/en\/wp-json\/wp\/v2\/types\/product"}],"replies":[{"embeddable":true,"href":"https:\/\/www.medideal.com.br\/en\/wp-json\/wp\/v2\/comments?post=3755"}],"wp:featuredmedia":[{"embeddable":true,"href":"https:\/\/www.medideal.com.br\/en\/wp-json\/wp\/v2\/media\/3756"}],"wp:attachment":[{"href":"https:\/\/www.medideal.com.br\/en\/wp-json\/wp\/v2\/media?parent=3755"}],"wp:term":[{"taxonomy":"product_brand","embeddable":true,"href":"https:\/\/www.medideal.com.br\/en\/wp-json\/wp\/v2\/product_brand?post=3755"},{"taxonomy":"product_cat","embeddable":true,"href":"https:\/\/www.medideal.com.br\/en\/wp-json\/wp\/v2\/product_cat?post=3755"},{"taxonomy":"product_tag","embeddable":true,"href":"https:\/\/www.medideal.com.br\/en\/wp-json\/wp\/v2\/product_tag?post=3755"}],"curies":[{"name":"wp","href":"https:\/\/api.w.org\/{rel}","templated":true}]}}