{"id":3753,"date":"2024-03-08T14:52:20","date_gmt":"2024-03-08T17:52:20","guid":{"rendered":"https:\/\/www.medideal.com.br\/?post_type=product&#038;p=3753"},"modified":"2025-01-03T16:13:56","modified_gmt":"2025-01-03T19:13:56","slug":"assento-higienico-de-espuma-quadrada-artflex","status":"publish","type":"product","link":"https:\/\/www.medideal.com.br\/en\/assento-higienico-de-espuma-quadrada-artflex\/","title":{"rendered":"Assento Higi\u00eanico De Espuma Quadrada &#8211; Artflex"},"content":{"rendered":"<p><strong>INDICA\u00c7\u00d5ES:<\/strong><br \/>\nConverter o assento convencional da cadeira de banho em assento de cadeira de rodas. Promove seguran\u00e7a, conforto e estabilidade na hora do banho.<\/p>\n<p><strong>CARACTER\u00cdSTICAS:<\/strong><br \/>\n\u2022 Confort\u00e1vel.<br \/>\n\u2022 Espuma D-26<br \/>\n\u2022 Suporta at\u00e9 130 kg.<br \/>\n\u2022 Imperme\u00e1vel.<\/p>\n<p><strong>MODO DE USAR:<\/strong><br \/>\nAtrav\u00e9s dos dois orif\u00edcios na parte inferior, fixar a Almofada Estofada na cadeira de banho encaixando-a no assento convencional da cadeira.<\/p>\n<p><strong>COMPOSI\u00c7\u00c3O:<\/strong><br \/>\nPVC-Policloreto de Vinila, virgem. Chapa de fibra de madeira e espuma poliuretano D-26.<\/p>\n<p>MEDIDAS: 45 X 45cm<\/p>","protected":false},"excerpt":{"rendered":"<p>Converter o assento convencional da cadeira de banho em assento de cadeira de rodas. Promove seguran\u00e7a, conforto e estabilidade na hora do banho.<\/p>","protected":false},"featured_media":3754,"comment_status":"open","ping_status":"closed","template":"","meta":{"_joinchat":[]},"product_brand":[],"product_cat":[116],"product_tag":[],"class_list":{"0":"post-3753","1":"product","2":"type-product","3":"status-publish","4":"has-post-thumbnail","6":"product_cat-colchoes-lencois-e-protetores","8":"first","9":"outofstock","10":"shipping-taxable","11":"purchasable","12":"product-type-simple"},"_links":{"self":[{"href":"https:\/\/www.medideal.com.br\/en\/wp-json\/wp\/v2\/product\/3753","targetHints":{"allow":["GET"]}}],"collection":[{"href":"https:\/\/www.medideal.com.br\/en\/wp-json\/wp\/v2\/product"}],"about":[{"href":"https:\/\/www.medideal.com.br\/en\/wp-json\/wp\/v2\/types\/product"}],"replies":[{"embeddable":true,"href":"https:\/\/www.medideal.com.br\/en\/wp-json\/wp\/v2\/comments?post=3753"}],"wp:featuredmedia":[{"embeddable":true,"href":"https:\/\/www.medideal.com.br\/en\/wp-json\/wp\/v2\/media\/3754"}],"wp:attachment":[{"href":"https:\/\/www.medideal.com.br\/en\/wp-json\/wp\/v2\/media?parent=3753"}],"wp:term":[{"taxonomy":"product_brand","embeddable":true,"href":"https:\/\/www.medideal.com.br\/en\/wp-json\/wp\/v2\/product_brand?post=3753"},{"taxonomy":"product_cat","embeddable":true,"href":"https:\/\/www.medideal.com.br\/en\/wp-json\/wp\/v2\/product_cat?post=3753"},{"taxonomy":"product_tag","embeddable":true,"href":"https:\/\/www.medideal.com.br\/en\/wp-json\/wp\/v2\/product_tag?post=3753"}],"curies":[{"name":"wp","href":"https:\/\/api.w.org\/{rel}","templated":true}]}}