{"id":3750,"date":"2024-03-08T14:47:18","date_gmt":"2024-03-08T17:47:18","guid":{"rendered":"https:\/\/www.medideal.com.br\/?post_type=product&#038;p=3750"},"modified":"2025-01-03T16:13:56","modified_gmt":"2025-01-03T19:13:56","slug":"assento-higienico-de-espuma-aberto-cadeira-de-banho-artflex","status":"publish","type":"product","link":"https:\/\/www.medideal.com.br\/en\/assento-higienico-de-espuma-aberto-cadeira-de-banho-artflex\/","title":{"rendered":"Assento Higi\u00eanico De Espuma Aberto Cadeira De Banho &#8211; Artflex"},"content":{"rendered":"<p><strong>INDICA\u00c7\u00d5ES:<\/strong><br \/>\nPreven\u00e7\u00e3o e tratamento da LPP \u2013 Les\u00e3o Por Press\u00e3o (Escaras) Suporte, conforto e seguran\u00e7a no uso da cadeira de banho.<\/p>\n<p><strong>CARACTER\u00cdSTICAS:<\/strong><br \/>\nSuporta at\u00e9 130 kg.<br \/>\nDisp\u00f5e de Bolsas de Fixa\u00e7\u00e3o<br \/>\nMais seguran\u00e7a. Mais conforto.<\/p>\n<p><strong>MODO DE USAR:<\/strong><br \/>\nUse as bolsas de fixa\u00e7\u00e3o na parte inferior da almofada para inserir e fixar a almofada higi\u00eanica no assento convencional da cadeira de banho. Use \u00e1gua e sab\u00e3o ou \u00e1lcool 70\u00ba para higienizar a sua Almofada.<\/p>","protected":false},"excerpt":{"rendered":"<p>Preven\u00e7\u00e3o e tratamento da LPP \u2013 Les\u00e3o Por Press\u00e3o (Escaras) Suporte, conforto e seguran\u00e7a no uso da cadeira de banho.<\/p>","protected":false},"featured_media":3751,"comment_status":"open","ping_status":"closed","template":"","meta":{"_joinchat":[]},"product_brand":[],"product_cat":[116],"product_tag":[],"class_list":{"0":"post-3750","1":"product","2":"type-product","3":"status-publish","4":"has-post-thumbnail","6":"product_cat-colchoes-lencois-e-protetores","8":"first","9":"outofstock","10":"shipping-taxable","11":"purchasable","12":"product-type-simple"},"_links":{"self":[{"href":"https:\/\/www.medideal.com.br\/en\/wp-json\/wp\/v2\/product\/3750","targetHints":{"allow":["GET"]}}],"collection":[{"href":"https:\/\/www.medideal.com.br\/en\/wp-json\/wp\/v2\/product"}],"about":[{"href":"https:\/\/www.medideal.com.br\/en\/wp-json\/wp\/v2\/types\/product"}],"replies":[{"embeddable":true,"href":"https:\/\/www.medideal.com.br\/en\/wp-json\/wp\/v2\/comments?post=3750"}],"wp:featuredmedia":[{"embeddable":true,"href":"https:\/\/www.medideal.com.br\/en\/wp-json\/wp\/v2\/media\/3751"}],"wp:attachment":[{"href":"https:\/\/www.medideal.com.br\/en\/wp-json\/wp\/v2\/media?parent=3750"}],"wp:term":[{"taxonomy":"product_brand","embeddable":true,"href":"https:\/\/www.medideal.com.br\/en\/wp-json\/wp\/v2\/product_brand?post=3750"},{"taxonomy":"product_cat","embeddable":true,"href":"https:\/\/www.medideal.com.br\/en\/wp-json\/wp\/v2\/product_cat?post=3750"},{"taxonomy":"product_tag","embeddable":true,"href":"https:\/\/www.medideal.com.br\/en\/wp-json\/wp\/v2\/product_tag?post=3750"}],"curies":[{"name":"wp","href":"https:\/\/api.w.org\/{rel}","templated":true}]}}