{"id":3748,"date":"2024-03-08T14:41:46","date_gmt":"2024-03-08T17:41:46","guid":{"rendered":"https:\/\/www.medideal.com.br\/?post_type=product&#038;p=3748"},"modified":"2025-01-03T16:13:56","modified_gmt":"2025-01-03T19:13:56","slug":"amofada-caixa-de-ovo-espuma-quadrada-artflex","status":"publish","type":"product","link":"https:\/\/www.medideal.com.br\/en\/amofada-caixa-de-ovo-espuma-quadrada-artflex\/","title":{"rendered":"Amofada Caixa De Ovo Espuma Quadrada &#8211; Artflex"},"content":{"rendered":"<p><strong>INDICA\u00c7\u00d5ES:<\/strong><br \/>\n\u2022 Preven\u00e7\u00e3o da Les\u00e3o Por Press\u00e3o.<br \/>\n\u2022 Pessoas que permanecem sentadas por longos per\u00edodos<br \/>\n\u2022 Usu\u00e1rios de cadeira de rodas<\/p>\n<p><strong>CARACTER\u00cdSTICAS:<\/strong><br \/>\n\u2022 Parte central remov\u00edvel<br \/>\n\u2022 Espuma no formato caixa de ovo D-33E D-28.<br \/>\n\u2022 Suporta at\u00e9 130 kg.<\/p>","protected":false},"excerpt":{"rendered":"<p>INDICA\u00c7\u00d5ES: \u2022 Preven\u00e7\u00e3o da Les\u00e3o Por Press\u00e3o. \u2022 Pessoas que permanecem sentadas por longos per\u00edodos \u2022 Usu\u00e1rios de cadeira de rodas CARACTER\u00cdSTICAS: \u2022 Parte central remov\u00edvel \u2022 Espuma no formato caixa de ovo D-33E D-28. \u2022 Suporta at\u00e9 130 kg.<\/p>","protected":false},"featured_media":3749,"comment_status":"open","ping_status":"closed","template":"","meta":{"_joinchat":[]},"product_brand":[],"product_cat":[116],"product_tag":[],"class_list":{"0":"post-3748","1":"product","2":"type-product","3":"status-publish","4":"has-post-thumbnail","6":"product_cat-colchoes-lencois-e-protetores","8":"first","9":"outofstock","10":"shipping-taxable","11":"purchasable","12":"product-type-simple"},"_links":{"self":[{"href":"https:\/\/www.medideal.com.br\/en\/wp-json\/wp\/v2\/product\/3748","targetHints":{"allow":["GET"]}}],"collection":[{"href":"https:\/\/www.medideal.com.br\/en\/wp-json\/wp\/v2\/product"}],"about":[{"href":"https:\/\/www.medideal.com.br\/en\/wp-json\/wp\/v2\/types\/product"}],"replies":[{"embeddable":true,"href":"https:\/\/www.medideal.com.br\/en\/wp-json\/wp\/v2\/comments?post=3748"}],"wp:featuredmedia":[{"embeddable":true,"href":"https:\/\/www.medideal.com.br\/en\/wp-json\/wp\/v2\/media\/3749"}],"wp:attachment":[{"href":"https:\/\/www.medideal.com.br\/en\/wp-json\/wp\/v2\/media?parent=3748"}],"wp:term":[{"taxonomy":"product_brand","embeddable":true,"href":"https:\/\/www.medideal.com.br\/en\/wp-json\/wp\/v2\/product_brand?post=3748"},{"taxonomy":"product_cat","embeddable":true,"href":"https:\/\/www.medideal.com.br\/en\/wp-json\/wp\/v2\/product_cat?post=3748"},{"taxonomy":"product_tag","embeddable":true,"href":"https:\/\/www.medideal.com.br\/en\/wp-json\/wp\/v2\/product_tag?post=3748"}],"curies":[{"name":"wp","href":"https:\/\/api.w.org\/{rel}","templated":true}]}}