{"id":3736,"date":"2024-03-08T13:00:57","date_gmt":"2024-03-08T16:00:57","guid":{"rendered":"https:\/\/www.medideal.com.br\/?post_type=product&#038;p=3736"},"modified":"2025-01-03T16:13:57","modified_gmt":"2025-01-03T19:13:57","slug":"protetor-auricular-udine","status":"publish","type":"product","link":"https:\/\/www.medideal.com.br\/en\/protetor-auricular-udine\/","title":{"rendered":"Protetor Auricular &#8211; Udine"},"content":{"rendered":"<p><strong>Caracter\u00edsticas<\/strong><\/p>\n<ul>\n<li>Anti-Al\u00e9rgico<\/li>\n<li>At\u00f3xico<\/li>\n<li>Moldavel<\/li>\n<\/ul>\n<p><strong>Cuidados Especiais:<\/strong><\/p>\n<ul>\n<li>A utiliza\u00e7\u00e3o deste produto por crian\u00e7as deve ser<br \/>\nsupervisionado por um adulto.<\/li>\n<li>N\u00e3o introduzir o produto no canal auditivo. Vedar<br \/>\nsomente a entrada do ouvido.<\/li>\n<li>Evitar contato com \u00e1gua do mar e n\u00e3o expor o produto<br \/>\na luz solar.<\/li>\n<li>N\u00e3o cortar o produto.<\/li>\n<\/ul>","protected":false},"excerpt":{"rendered":"<p>Protetor auricular mold\u00e1vel.<\/p>","protected":false},"featured_media":3737,"comment_status":"open","ping_status":"closed","template":"","meta":{"_joinchat":[]},"product_brand":[],"product_cat":[29],"product_tag":[],"class_list":{"0":"post-3736","1":"product","2":"type-product","3":"status-publish","4":"has-post-thumbnail","6":"product_cat-materiais-de-consumo","8":"first","9":"outofstock","10":"shipping-taxable","11":"purchasable","12":"product-type-simple"},"_links":{"self":[{"href":"https:\/\/www.medideal.com.br\/en\/wp-json\/wp\/v2\/product\/3736","targetHints":{"allow":["GET"]}}],"collection":[{"href":"https:\/\/www.medideal.com.br\/en\/wp-json\/wp\/v2\/product"}],"about":[{"href":"https:\/\/www.medideal.com.br\/en\/wp-json\/wp\/v2\/types\/product"}],"replies":[{"embeddable":true,"href":"https:\/\/www.medideal.com.br\/en\/wp-json\/wp\/v2\/comments?post=3736"}],"wp:featuredmedia":[{"embeddable":true,"href":"https:\/\/www.medideal.com.br\/en\/wp-json\/wp\/v2\/media\/3737"}],"wp:attachment":[{"href":"https:\/\/www.medideal.com.br\/en\/wp-json\/wp\/v2\/media?parent=3736"}],"wp:term":[{"taxonomy":"product_brand","embeddable":true,"href":"https:\/\/www.medideal.com.br\/en\/wp-json\/wp\/v2\/product_brand?post=3736"},{"taxonomy":"product_cat","embeddable":true,"href":"https:\/\/www.medideal.com.br\/en\/wp-json\/wp\/v2\/product_cat?post=3736"},{"taxonomy":"product_tag","embeddable":true,"href":"https:\/\/www.medideal.com.br\/en\/wp-json\/wp\/v2\/product_tag?post=3736"}],"curies":[{"name":"wp","href":"https:\/\/api.w.org\/{rel}","templated":true}]}}