{"id":3734,"date":"2024-03-08T12:55:29","date_gmt":"2024-03-08T15:55:29","guid":{"rendered":"https:\/\/www.medideal.com.br\/?post_type=product&#038;p=3734"},"modified":"2025-01-03T16:13:57","modified_gmt":"2025-01-03T19:13:57","slug":"tipoia-funcional-bilateral-udine","status":"publish","type":"product","link":"https:\/\/www.medideal.com.br\/en\/tipoia-funcional-bilateral-udine\/","title":{"rendered":"Tipoia Funcional Bilateral &#8211; Udine"},"content":{"rendered":"<p>Para abdu\u00e7\u00e3o nos casos de p\u00f3s-operat\u00f3rio do manguito rotador e sustenta\u00e7\u00e3o do membro superior na utiliza\u00e7\u00e3o de \u00f3rteses.<br \/>\nConfeccionada em lona com nylon com ajuste de altura, suporte almofadado e cinto para maior conforto e seguran\u00e7a, com faixa adicional para o polegar para garantir maior conforto.<\/p>\n<p>INDICA\u00c7\u00d5ES<br \/>\nPara abdu\u00e7\u00e3o (\u00e2ngulo de 15 a 20 graus) nos casos de p\u00f3s-operat\u00f3rio do manguito rotador.<\/p>\n<p>CARACTER\u00cdSTICAS<br \/>\nLona de algod\u00e3o<br \/>\nAlmofadado<br \/>\nAjust\u00e1vel<br \/>\nBilateral<\/p>\n<p>MODO DE USO<br \/>\nSolte os fechos pl\u00e1sticos.<br \/>\nPosicione o bra\u00e7o sobre a tipoia, acomodando a almofada na lateral do tronco.<br \/>\nPasse a al\u00e7a pelas costas e por detr\u00e1s do pesco\u00e7o, apoiando-a sobre o ombro oposto, e prenda o fecho pl\u00e1stico.<br \/>\nPasse a outra al\u00e7a pelas costas, contornando a cintura e prenda o fecho pl\u00e1stico.<br \/>\nAjuste conforme a posi\u00e7\u00e3o desejada.<\/p>","protected":false},"excerpt":{"rendered":"<p>Para abdu\u00e7\u00e3o nos casos de p\u00f3s-operat\u00f3rio do manguito rotador e sustenta\u00e7\u00e3o do membro superior na utiliza\u00e7\u00e3o de \u00f3rteses.<\/p>","protected":false},"featured_media":3735,"comment_status":"open","ping_status":"closed","template":"","meta":{"_joinchat":[]},"product_brand":[],"product_cat":[25],"product_tag":[],"class_list":{"0":"post-3734","1":"product","2":"type-product","3":"status-publish","4":"has-post-thumbnail","6":"product_cat-ortopedia","8":"first","9":"outofstock","10":"shipping-taxable","11":"purchasable","12":"product-type-simple"},"_links":{"self":[{"href":"https:\/\/www.medideal.com.br\/en\/wp-json\/wp\/v2\/product\/3734","targetHints":{"allow":["GET"]}}],"collection":[{"href":"https:\/\/www.medideal.com.br\/en\/wp-json\/wp\/v2\/product"}],"about":[{"href":"https:\/\/www.medideal.com.br\/en\/wp-json\/wp\/v2\/types\/product"}],"replies":[{"embeddable":true,"href":"https:\/\/www.medideal.com.br\/en\/wp-json\/wp\/v2\/comments?post=3734"}],"wp:featuredmedia":[{"embeddable":true,"href":"https:\/\/www.medideal.com.br\/en\/wp-json\/wp\/v2\/media\/3735"}],"wp:attachment":[{"href":"https:\/\/www.medideal.com.br\/en\/wp-json\/wp\/v2\/media?parent=3734"}],"wp:term":[{"taxonomy":"product_brand","embeddable":true,"href":"https:\/\/www.medideal.com.br\/en\/wp-json\/wp\/v2\/product_brand?post=3734"},{"taxonomy":"product_cat","embeddable":true,"href":"https:\/\/www.medideal.com.br\/en\/wp-json\/wp\/v2\/product_cat?post=3734"},{"taxonomy":"product_tag","embeddable":true,"href":"https:\/\/www.medideal.com.br\/en\/wp-json\/wp\/v2\/product_tag?post=3734"}],"curies":[{"name":"wp","href":"https:\/\/api.w.org\/{rel}","templated":true}]}}