{"id":3732,"date":"2024-03-08T12:49:44","date_gmt":"2024-03-08T15:49:44","guid":{"rendered":"https:\/\/www.medideal.com.br\/?post_type=product&#038;p=3732"},"modified":"2025-01-03T16:13:57","modified_gmt":"2025-01-03T19:13:57","slug":"estetoscopio-rappaport-er100-azul-incoterm","status":"publish","type":"product","link":"https:\/\/www.medideal.com.br\/en\/estetoscopio-rappaport-er100-azul-incoterm\/","title":{"rendered":"Estetosc\u00f3pio Rappaport ER100 Azul &#8211; Incoterm"},"content":{"rendered":"<p>INCOTERM: Tecnologia, Inova\u00e7\u00e3o \u00e0 Servi\u00e7o dos Cuidados da sua Sa\u00fade!<br \/>\nOs Estetosc\u00f3pios Rappaport ER100 Incoterm foram desenvolvidos para aliar apelo visual com excelente qualidade. Em oito op\u00e7\u00f5es de cores atrativas e diferenciadas, os novos aparelhos apresentam maior leveza e excelente ausculta, garantindo ao profissional da \u00e1rea a perfeita uni\u00e3o entre conforto e nitidez de som.<\/p>\n<p>Diferencias do produto:<\/p>\n<p>Tubo Duplo flex\u00edvel em PVC colorido Incoterm;<br \/>\nFone biauricular;<br \/>\nPar de olivas flex\u00edveis e emborrachadas;<br \/>\nClips de a\u00e7o cromado com \u00e2ngulo anat\u00f4mico;<br \/>\nAusculta\u00e7\u00e3o sens\u00edvel e precisa;<br \/>\nPossui cinco tipos diferentes de auscultadores;<br \/>\n01 ano de garantia;<br \/>\nUso adulto e pedi\u00e1trico.<\/p>\n<p>Acompanha este produto:<\/p>\n<p>01 par de olivas r\u00edgidas<br \/>\n01 par de olivas flex\u00edveis e emborrachadas<br \/>\n03 sinos prolongadores<br \/>\n02 diafragmas (pequeno e grande)<\/p>","protected":false},"excerpt":{"rendered":"<p>Os Estetosc\u00f3pios Rappaport ER100 Incoterm foram desenvolvidos para aliar apelo visual com excelente qualidade. Em oito op\u00e7\u00f5es de cores atrativas e diferenciadas, os novos aparelhos apresentam maior leveza e excelente ausculta, garantindo ao profissional da \u00e1rea a perfeita uni\u00e3o entre conforto e nitidez de som.<\/p>","protected":false},"featured_media":3733,"comment_status":"closed","ping_status":"closed","template":"","meta":{"_joinchat":[]},"product_brand":[],"product_cat":[15],"product_tag":[],"class_list":{"0":"post-3732","1":"product","2":"type-product","3":"status-publish","4":"has-post-thumbnail","6":"product_cat-estetoscopio","8":"first","9":"outofstock","10":"shipping-taxable","11":"purchasable","12":"product-type-simple"},"_links":{"self":[{"href":"https:\/\/www.medideal.com.br\/en\/wp-json\/wp\/v2\/product\/3732","targetHints":{"allow":["GET"]}}],"collection":[{"href":"https:\/\/www.medideal.com.br\/en\/wp-json\/wp\/v2\/product"}],"about":[{"href":"https:\/\/www.medideal.com.br\/en\/wp-json\/wp\/v2\/types\/product"}],"replies":[{"embeddable":true,"href":"https:\/\/www.medideal.com.br\/en\/wp-json\/wp\/v2\/comments?post=3732"}],"wp:featuredmedia":[{"embeddable":true,"href":"https:\/\/www.medideal.com.br\/en\/wp-json\/wp\/v2\/media\/3733"}],"wp:attachment":[{"href":"https:\/\/www.medideal.com.br\/en\/wp-json\/wp\/v2\/media?parent=3732"}],"wp:term":[{"taxonomy":"product_brand","embeddable":true,"href":"https:\/\/www.medideal.com.br\/en\/wp-json\/wp\/v2\/product_brand?post=3732"},{"taxonomy":"product_cat","embeddable":true,"href":"https:\/\/www.medideal.com.br\/en\/wp-json\/wp\/v2\/product_cat?post=3732"},{"taxonomy":"product_tag","embeddable":true,"href":"https:\/\/www.medideal.com.br\/en\/wp-json\/wp\/v2\/product_tag?post=3732"}],"curies":[{"name":"wp","href":"https:\/\/api.w.org\/{rel}","templated":true}]}}