{"id":3731,"date":"2024-03-08T12:42:54","date_gmt":"2024-03-08T15:42:54","guid":{"rendered":"https:\/\/www.medideal.com.br\/?post_type=product&#038;p=3731"},"modified":"2025-01-03T16:13:57","modified_gmt":"2025-01-03T19:13:57","slug":"sonda-aspiracao-traqueal-com-valvula-n10-cpl","status":"publish","type":"product","link":"https:\/\/www.medideal.com.br\/en\/sonda-aspiracao-traqueal-com-valvula-n10-cpl\/","title":{"rendered":"Sonda Aspira\u00e7\u00e3o Traqueal Com V\u00e1lvula N10 &#8211; CPL"},"content":{"rendered":"<h3><strong>INDICA\u00c7\u00c3O<\/strong><\/h3>\n<p>Indicado aos pacientes impossibilitados de eliminar as secre\u00e7\u00f5es do pulm\u00e3o e pacientes intubados e traqueostomizados.<\/p>\n<h3><strong>CARACTER\u00cdSTICAS<\/strong><\/h3>\n<p>Ponta arredondada e aberta, com 02 furos laterais e provida na outra extremidade de um conector padr\u00e3o;<br \/>\nProduto embalado individualmente em envelope confeccionado em papel grau cir\u00fargico.<\/p>","protected":false},"excerpt":{"rendered":"<p>Indicado aos pacientes impossibilitados de eliminar as secre\u00e7\u00f5es do pulm\u00e3o e pacientes intubados e traqueostomizados.<\/p>","protected":false},"featured_media":3729,"comment_status":"open","ping_status":"closed","template":"","meta":{"_joinchat":[]},"product_brand":[],"product_cat":[29],"product_tag":[],"class_list":{"0":"post-3731","1":"product","2":"type-product","3":"status-publish","4":"has-post-thumbnail","6":"product_cat-materiais-de-consumo","8":"first","9":"outofstock","10":"shipping-taxable","11":"purchasable","12":"product-type-simple"},"_links":{"self":[{"href":"https:\/\/www.medideal.com.br\/en\/wp-json\/wp\/v2\/product\/3731","targetHints":{"allow":["GET"]}}],"collection":[{"href":"https:\/\/www.medideal.com.br\/en\/wp-json\/wp\/v2\/product"}],"about":[{"href":"https:\/\/www.medideal.com.br\/en\/wp-json\/wp\/v2\/types\/product"}],"replies":[{"embeddable":true,"href":"https:\/\/www.medideal.com.br\/en\/wp-json\/wp\/v2\/comments?post=3731"}],"wp:featuredmedia":[{"embeddable":true,"href":"https:\/\/www.medideal.com.br\/en\/wp-json\/wp\/v2\/media\/3729"}],"wp:attachment":[{"href":"https:\/\/www.medideal.com.br\/en\/wp-json\/wp\/v2\/media?parent=3731"}],"wp:term":[{"taxonomy":"product_brand","embeddable":true,"href":"https:\/\/www.medideal.com.br\/en\/wp-json\/wp\/v2\/product_brand?post=3731"},{"taxonomy":"product_cat","embeddable":true,"href":"https:\/\/www.medideal.com.br\/en\/wp-json\/wp\/v2\/product_cat?post=3731"},{"taxonomy":"product_tag","embeddable":true,"href":"https:\/\/www.medideal.com.br\/en\/wp-json\/wp\/v2\/product_tag?post=3731"}],"curies":[{"name":"wp","href":"https:\/\/api.w.org\/{rel}","templated":true}]}}