{"id":3722,"date":"2024-03-08T12:11:05","date_gmt":"2024-03-08T15:11:05","guid":{"rendered":"https:\/\/www.medideal.com.br\/?post_type=product&#038;p=3722"},"modified":"2025-01-03T16:13:57","modified_gmt":"2025-01-03T19:13:57","slug":"relogio-de-lapela-para-enfermagem-branco-supermedy","status":"publish","type":"product","link":"https:\/\/www.medideal.com.br\/en\/relogio-de-lapela-para-enfermagem-branco-supermedy\/","title":{"rendered":"Rel\u00f3gio de Lapela para Enfermagem  Branco &#8211; Supermedy"},"content":{"rendered":"<div id=\"collapseTwo\">\n<div class=\"panel-body\">\n<div id=\"description1\">\n<h2 class=\"h5\">Rel\u00f3gio de lapela para enfermagem cor branco SUPERMEDY.<\/h2>\n<\/div>\n<\/div>\n<\/div>\n<div class=\"panel-heading productattrs\"><\/div>\n<div>\n<table id=\"productattributes\" class=\"table table-striped productattributes\">\n<tbody>\n<tr>\n<th>Indica\u00e7\u00f5es<\/th>\n<td>O que \u00e9, para que serve e quais as vantagens do rel\u00f3gio SUPERMEDY?<br \/>\nO rel\u00f3gio \u00e9 indicado para o aux\u00edlio de anota\u00e7\u00f5es cl\u00ednicas e marca\u00e7\u00e3o de tempo em consult\u00f3rios, hospitais e em cirurgias, pode ser usado como rel\u00f3gio de bolso ou como broche fixado ao jaleco e outras roupas.<\/td>\n<\/tr>\n<tr>\n<th>Diferenciais e benef\u00edcios<\/th>\n<td>Quais s\u00e3o os benef\u00edcios do rel\u00f3gio SUPERMEDY?<\/p>\n<p>&#8211; Colabora com as boas pr\u00e1ticas de higiene;<br \/>\n&#8211; Possui broche para fixa\u00e7\u00e3o em tecidos;<br \/>\n&#8211; Capa siliconada, flex\u00edvel e remov\u00edvel;<br \/>\n&#8211; Com bot\u00e3o de tempo ajust\u00e1vel;<br \/>\n&#8211; Compacto e port\u00e1til;<br \/>\n&#8211; Cor azul.<\/td>\n<\/tr>\n<tr>\n<th>Itens inclusos<\/th>\n<td>01 Rel\u00f3gio de lapela para enfermagem cor branco SUPERMEDY.<\/td>\n<\/tr>\n<\/tbody>\n<\/table>\n<\/div>","protected":false},"excerpt":{"rendered":"<p>O rel\u00f3gio \u00e9 indicado para o aux\u00edlio de anota\u00e7\u00f5es cl\u00ednicas e marca\u00e7\u00e3o de tempo em consult\u00f3rios, hospitais e em cirurgias, pode ser usado como rel\u00f3gio de bolso ou como broche fixado ao jaleco e outras roupas.<\/p>","protected":false},"featured_media":3723,"comment_status":"open","ping_status":"closed","template":"","meta":{"_joinchat":[]},"product_brand":[],"product_cat":[27],"product_tag":[],"class_list":{"0":"post-3722","1":"product","2":"type-product","3":"status-publish","4":"has-post-thumbnail","6":"product_cat-equipamentos-medicos","8":"first","9":"outofstock","10":"shipping-taxable","11":"purchasable","12":"product-type-simple"},"_links":{"self":[{"href":"https:\/\/www.medideal.com.br\/en\/wp-json\/wp\/v2\/product\/3722","targetHints":{"allow":["GET"]}}],"collection":[{"href":"https:\/\/www.medideal.com.br\/en\/wp-json\/wp\/v2\/product"}],"about":[{"href":"https:\/\/www.medideal.com.br\/en\/wp-json\/wp\/v2\/types\/product"}],"replies":[{"embeddable":true,"href":"https:\/\/www.medideal.com.br\/en\/wp-json\/wp\/v2\/comments?post=3722"}],"wp:featuredmedia":[{"embeddable":true,"href":"https:\/\/www.medideal.com.br\/en\/wp-json\/wp\/v2\/media\/3723"}],"wp:attachment":[{"href":"https:\/\/www.medideal.com.br\/en\/wp-json\/wp\/v2\/media?parent=3722"}],"wp:term":[{"taxonomy":"product_brand","embeddable":true,"href":"https:\/\/www.medideal.com.br\/en\/wp-json\/wp\/v2\/product_brand?post=3722"},{"taxonomy":"product_cat","embeddable":true,"href":"https:\/\/www.medideal.com.br\/en\/wp-json\/wp\/v2\/product_cat?post=3722"},{"taxonomy":"product_tag","embeddable":true,"href":"https:\/\/www.medideal.com.br\/en\/wp-json\/wp\/v2\/product_tag?post=3722"}],"curies":[{"name":"wp","href":"https:\/\/api.w.org\/{rel}","templated":true}]}}