{"id":3708,"date":"2024-02-21T12:14:34","date_gmt":"2024-02-21T15:14:34","guid":{"rendered":"https:\/\/www.medideal.com.br\/?post_type=product&#038;p=3708"},"modified":"2025-01-03T16:14:36","modified_gmt":"2025-01-03T19:14:36","slug":"esparadrapo-impermeavel-branco-missner-5cm-x-45m-unidade","status":"publish","type":"product","link":"https:\/\/www.medideal.com.br\/en\/esparadrapo-impermeavel-branco-missner-5cm-x-45m-unidade\/","title":{"rendered":"Esparadrapo Imperme\u00e1vel Branco Missner 5cm x 4,5m (Unidade)"},"content":{"rendered":"<p>O Esparadrapo Imperme\u00e1vel Branco Missner 5cm x 4,5m \u00e9 composto de tecido 100% algod\u00e3o com uma camada impermeabilizante na parte superior, evitando que \u00e1gua e contaminantes externos penetrem no ferimento.<\/p>\n<p>O Esparadrapo Imperme\u00e1vel Branco Missner possui bordas serrilhadas e um tratamento especial no tecido para facilitar o rasgo e permitir uma boa flexibilidade e resist\u00eancia.<\/p>\n<p>Medidas do produto: 5cm x 4,5m<\/p>","protected":false},"excerpt":{"rendered":"<p>O Esparadrapo Imperme\u00e1vel Branco Missner 5cm x 4,5m \u00e9 composto de tecido 100% algod\u00e3o com uma camada impermeabilizante na parte superior, evitando que \u00e1gua e contaminantes externos penetrem no ferimento.<\/p>","protected":false},"featured_media":3709,"comment_status":"closed","ping_status":"closed","template":"","meta":{"_joinchat":[]},"product_brand":[],"product_cat":[26],"product_tag":[],"class_list":{"0":"post-3708","1":"product","2":"type-product","3":"status-publish","4":"has-post-thumbnail","6":"product_cat-curativos","8":"first","9":"outofstock","10":"shipping-taxable","11":"purchasable","12":"product-type-simple"},"_links":{"self":[{"href":"https:\/\/www.medideal.com.br\/en\/wp-json\/wp\/v2\/product\/3708","targetHints":{"allow":["GET"]}}],"collection":[{"href":"https:\/\/www.medideal.com.br\/en\/wp-json\/wp\/v2\/product"}],"about":[{"href":"https:\/\/www.medideal.com.br\/en\/wp-json\/wp\/v2\/types\/product"}],"replies":[{"embeddable":true,"href":"https:\/\/www.medideal.com.br\/en\/wp-json\/wp\/v2\/comments?post=3708"}],"wp:featuredmedia":[{"embeddable":true,"href":"https:\/\/www.medideal.com.br\/en\/wp-json\/wp\/v2\/media\/3709"}],"wp:attachment":[{"href":"https:\/\/www.medideal.com.br\/en\/wp-json\/wp\/v2\/media?parent=3708"}],"wp:term":[{"taxonomy":"product_brand","embeddable":true,"href":"https:\/\/www.medideal.com.br\/en\/wp-json\/wp\/v2\/product_brand?post=3708"},{"taxonomy":"product_cat","embeddable":true,"href":"https:\/\/www.medideal.com.br\/en\/wp-json\/wp\/v2\/product_cat?post=3708"},{"taxonomy":"product_tag","embeddable":true,"href":"https:\/\/www.medideal.com.br\/en\/wp-json\/wp\/v2\/product_tag?post=3708"}],"curies":[{"name":"wp","href":"https:\/\/api.w.org\/{rel}","templated":true}]}}