{"id":3704,"date":"2024-02-21T12:08:12","date_gmt":"2024-02-21T15:08:12","guid":{"rendered":"https:\/\/www.medideal.com.br\/?post_type=product&#038;p=3704"},"modified":"2025-01-03T16:14:36","modified_gmt":"2025-01-03T19:14:36","slug":"esparadrapo-impermeavel-procitex-10cm-x-45m-unidade","status":"publish","type":"product","link":"https:\/\/www.medideal.com.br\/en\/esparadrapo-impermeavel-procitex-10cm-x-45m-unidade\/","title":{"rendered":"Esparadrapo Imperme\u00e1vel Procitex 10cm X 4,5m (Unidade)"},"content":{"rendered":"<p>Indicado para fixa\u00e7\u00e3o de curativos, sondas, drenos, cateteres, dispositivos de infus\u00e3o intravenosa, bandagens, janelas em aparelhos gessados, aparelhos extensores ortop\u00e9dicos (tra\u00e7\u00e3o cut\u00e2nea) etc. \u00c9 de excelente fixa\u00e7\u00e3o, flexibilidade, resist\u00eancia e impermeabilidade.Apresenta bordas serrilhadas que favorece o corte orientado em ambos os sentidos, sem a necessidade de instrumentos de corte, tornando o produto mais econ\u00f4mico.Enrolado em carretel pl\u00e1stico, com abas, protegido por capa, que mant\u00e9m a integridade do produto.N\u00e3o est\u00e9ril.Tamanho:\u00a010 cm\u00a0x 4,5 m.\u00a0Cor branca.Composto de tecido 100% algod\u00e3o que recebe tratamento especial para proporcionar facilidade de rasgo sem desfiamento, resina acr\u00edlica impermeabilizante, massa adesiva \u00e0 base de borracha natural, \u00f3xido de zinco e resinas.<\/p>","protected":false},"excerpt":{"rendered":"<p>Indicado para fixa\u00e7\u00e3o de curativos, sondas, drenos, cateteres, dispositivos de infus\u00e3o intravenosa, bandagens, janelas em aparelhos gessados, aparelhos extensores ortop\u00e9dicos (tra\u00e7\u00e3o cut\u00e2nea) etc.<\/p>","protected":false},"featured_media":3705,"comment_status":"closed","ping_status":"closed","template":"","meta":{"_joinchat":[]},"product_brand":[],"product_cat":[26],"product_tag":[],"class_list":{"0":"post-3704","1":"product","2":"type-product","3":"status-publish","4":"has-post-thumbnail","6":"product_cat-curativos","8":"first","9":"outofstock","10":"shipping-taxable","11":"purchasable","12":"product-type-simple"},"_links":{"self":[{"href":"https:\/\/www.medideal.com.br\/en\/wp-json\/wp\/v2\/product\/3704","targetHints":{"allow":["GET"]}}],"collection":[{"href":"https:\/\/www.medideal.com.br\/en\/wp-json\/wp\/v2\/product"}],"about":[{"href":"https:\/\/www.medideal.com.br\/en\/wp-json\/wp\/v2\/types\/product"}],"replies":[{"embeddable":true,"href":"https:\/\/www.medideal.com.br\/en\/wp-json\/wp\/v2\/comments?post=3704"}],"wp:featuredmedia":[{"embeddable":true,"href":"https:\/\/www.medideal.com.br\/en\/wp-json\/wp\/v2\/media\/3705"}],"wp:attachment":[{"href":"https:\/\/www.medideal.com.br\/en\/wp-json\/wp\/v2\/media?parent=3704"}],"wp:term":[{"taxonomy":"product_brand","embeddable":true,"href":"https:\/\/www.medideal.com.br\/en\/wp-json\/wp\/v2\/product_brand?post=3704"},{"taxonomy":"product_cat","embeddable":true,"href":"https:\/\/www.medideal.com.br\/en\/wp-json\/wp\/v2\/product_cat?post=3704"},{"taxonomy":"product_tag","embeddable":true,"href":"https:\/\/www.medideal.com.br\/en\/wp-json\/wp\/v2\/product_tag?post=3704"}],"curies":[{"name":"wp","href":"https:\/\/api.w.org\/{rel}","templated":true}]}}