{"id":3699,"date":"2024-02-12T13:11:10","date_gmt":"2024-02-12T16:11:10","guid":{"rendered":"https:\/\/www.medideal.com.br\/?post_type=product&#038;p=3699"},"modified":"2025-01-03T16:14:36","modified_gmt":"2025-01-03T19:14:36","slug":"skinage-bota-de-unna-102cm-x-914cm","status":"publish","type":"product","link":"https:\/\/www.medideal.com.br\/en\/skinage-bota-de-unna-102cm-x-914cm\/","title":{"rendered":"Skinage Bota de Unna 10,2cm x 9,14cm"},"content":{"rendered":"<p>O\u00a0<strong>Curativo Bota de Unna Skinage<\/strong>\u00a0\u00e9 constitu\u00edda de atadura de tecido de algod\u00e3o impregnada com pasta de \u00f3xido de zinco.<\/p>\n<p>Indicada para o tratamento de ulceras venosas e edemas linf\u00e1ticos.<\/p>\n<h3><strong>Indica\u00e7\u00e3o<\/strong><\/h3>\n<p>Indicada para auxiliar no tratamento de \u00falceras venosas nas pernas.<br \/>\nAtadura de tecido de algod\u00e3o impregnada com pasta contendo \u00f3xido de zinco, deve ser utilizada sob uma bandagem el\u00e1stica onde existir insufici\u00eancia venosa.<br \/>\n\u00c9 tamb\u00e9m adequada para o tratamento de eczema\/dermatite cr\u00f4nica, nos casos em que for indicada oclus\u00e3o.<\/p>\n<h3><strong>Modo de a\u00e7\u00e3o<\/strong><\/h3>\n<ul>\n<li>O\u00a0Curativo Bota de Unna Skinage\u00a0\u00e9 um tratamento t\u00f3pico.<\/li>\n<li>Aplicada na ferida ap\u00f3s a limpeza da pele com soro fisiol\u00f3gico, proporciona um ambiente \u00famido para a cicatriza\u00e7\u00e3o, ajuda a reduzir a irrita\u00e7\u00e3o cut\u00e2nea, acalma e protege a pele.<\/li>\n<li>N\u00e3o seca durante a utiliza\u00e7\u00e3o.<\/li>\n<\/ul>\n<h3><strong>Composi\u00e7\u00e3o<\/strong><\/h3>\n<ul>\n<li>\u00d3xido de Zinco<\/li>\n<li>Goma Ac\u00e1cia<\/li>\n<li>Glicerina<\/li>\n<li>\u00c1gua Deionizada<\/li>\n<li>\u00d3leo de Ric\u00ednio<\/li>\n<li>Petrolatum<\/li>\n<\/ul>","protected":false},"excerpt":{"rendered":"<p>O\u00a0<strong>Curativo Bota de Unna Skinage<\/strong>\u00a0\u00e9 constitu\u00edda de atadura de tecido de algod\u00e3o impregnada com pasta de \u00f3xido de zinco.<\/p>","protected":false},"featured_media":3700,"comment_status":"closed","ping_status":"closed","template":"","meta":{"_joinchat":[]},"product_brand":[],"product_cat":[26],"product_tag":[],"class_list":{"0":"post-3699","1":"product","2":"type-product","3":"status-publish","4":"has-post-thumbnail","6":"product_cat-curativos","8":"first","9":"outofstock","10":"shipping-taxable","11":"purchasable","12":"product-type-simple"},"_links":{"self":[{"href":"https:\/\/www.medideal.com.br\/en\/wp-json\/wp\/v2\/product\/3699","targetHints":{"allow":["GET"]}}],"collection":[{"href":"https:\/\/www.medideal.com.br\/en\/wp-json\/wp\/v2\/product"}],"about":[{"href":"https:\/\/www.medideal.com.br\/en\/wp-json\/wp\/v2\/types\/product"}],"replies":[{"embeddable":true,"href":"https:\/\/www.medideal.com.br\/en\/wp-json\/wp\/v2\/comments?post=3699"}],"wp:featuredmedia":[{"embeddable":true,"href":"https:\/\/www.medideal.com.br\/en\/wp-json\/wp\/v2\/media\/3700"}],"wp:attachment":[{"href":"https:\/\/www.medideal.com.br\/en\/wp-json\/wp\/v2\/media?parent=3699"}],"wp:term":[{"taxonomy":"product_brand","embeddable":true,"href":"https:\/\/www.medideal.com.br\/en\/wp-json\/wp\/v2\/product_brand?post=3699"},{"taxonomy":"product_cat","embeddable":true,"href":"https:\/\/www.medideal.com.br\/en\/wp-json\/wp\/v2\/product_cat?post=3699"},{"taxonomy":"product_tag","embeddable":true,"href":"https:\/\/www.medideal.com.br\/en\/wp-json\/wp\/v2\/product_tag?post=3699"}],"curies":[{"name":"wp","href":"https:\/\/api.w.org\/{rel}","templated":true}]}}