{"id":3695,"date":"2024-02-12T12:54:45","date_gmt":"2024-02-12T15:54:45","guid":{"rendered":"https:\/\/www.medideal.com.br\/?post_type=product&#038;p=3695"},"modified":"2025-01-03T16:14:37","modified_gmt":"2025-01-03T19:14:37","slug":"pielsana-gel-phmb-01-100gr-dbs","status":"publish","type":"product","link":"https:\/\/www.medideal.com.br\/en\/pielsana-gel-phmb-01-100gr-dbs\/","title":{"rendered":"Pielsana Gel PHMB 0,1% 100GR &#8211; DBS"},"content":{"rendered":"<p>Pielsana Polihexanida Gel PHMB &#8211; DBS 100g<\/p>\n<p>Pielsana\u00ae Polihexanida Gel \u00e9 um produto a base de polihexanida (biguanida) com alta absor\u00e7\u00e3o e redu\u00e7\u00e3o dos odores das feridas. Promove a remo\u00e7\u00e3o r\u00e1pida e eficaz das crostas presentes nas feridas. Descontamina a ferida e acelera o processo de cicatriza\u00e7\u00e3o.<\/p>\n<p>Modo de Usar: Fazer a limpeza inicial com Pielsana Polihexanida Solu\u00e7\u00e3o Aquosa, seguindo os seguintes procedimentos: as feridas com crostas finas e superf\u00edciais s\u00e3o facilmente removidas com Pielsana Polihexanida Gel. As feridas mais incrustadas, apresentam maior resist\u00eancia na remo\u00e7\u00e3o dessas crostas e, para liber\u00e1-las, o leito da ferida deve permanecer \u00famido por um per\u00edodo mais longo. N\u00e3o exercer press\u00e3o sobre a ferida na coloca\u00e7\u00e3o do curativo secund\u00e1rio.<\/p>\n<p>Composi\u00e7\u00e3o: \u00c1gua purificada, Glicerina, Carboximetilcelulose, 0,1% PHMB e 0,1% Cocoamidopropil beta\u00edna.<\/p>\n<p>Apresenta\u00e7\u00e3o: Frasco, 100g.<\/p>","protected":false},"excerpt":{"rendered":"<p>Pielsana\u00ae Polihexanida Gel \u00e9 um produto a base de polihexanida (biguanida) com alta absor\u00e7\u00e3o e redu\u00e7\u00e3o dos odores das feridas. Promove a remo\u00e7\u00e3o r\u00e1pida e eficaz das crostas presentes nas feridas. Descontamina a ferida e acelera o processo de cicatriza\u00e7\u00e3o.<\/p>","protected":false},"featured_media":3696,"comment_status":"closed","ping_status":"closed","template":"","meta":{"_joinchat":[]},"product_brand":[],"product_cat":[26],"product_tag":[],"class_list":{"0":"post-3695","1":"product","2":"type-product","3":"status-publish","4":"has-post-thumbnail","6":"product_cat-curativos","8":"first","9":"outofstock","10":"shipping-taxable","11":"purchasable","12":"product-type-simple"},"_links":{"self":[{"href":"https:\/\/www.medideal.com.br\/en\/wp-json\/wp\/v2\/product\/3695","targetHints":{"allow":["GET"]}}],"collection":[{"href":"https:\/\/www.medideal.com.br\/en\/wp-json\/wp\/v2\/product"}],"about":[{"href":"https:\/\/www.medideal.com.br\/en\/wp-json\/wp\/v2\/types\/product"}],"replies":[{"embeddable":true,"href":"https:\/\/www.medideal.com.br\/en\/wp-json\/wp\/v2\/comments?post=3695"}],"wp:featuredmedia":[{"embeddable":true,"href":"https:\/\/www.medideal.com.br\/en\/wp-json\/wp\/v2\/media\/3696"}],"wp:attachment":[{"href":"https:\/\/www.medideal.com.br\/en\/wp-json\/wp\/v2\/media?parent=3695"}],"wp:term":[{"taxonomy":"product_brand","embeddable":true,"href":"https:\/\/www.medideal.com.br\/en\/wp-json\/wp\/v2\/product_brand?post=3695"},{"taxonomy":"product_cat","embeddable":true,"href":"https:\/\/www.medideal.com.br\/en\/wp-json\/wp\/v2\/product_cat?post=3695"},{"taxonomy":"product_tag","embeddable":true,"href":"https:\/\/www.medideal.com.br\/en\/wp-json\/wp\/v2\/product_tag?post=3695"}],"curies":[{"name":"wp","href":"https:\/\/api.w.org\/{rel}","templated":true}]}}