{"id":3689,"date":"2024-02-12T12:41:53","date_gmt":"2024-02-12T15:41:53","guid":{"rendered":"https:\/\/www.medideal.com.br\/?post_type=product&#038;p=3689"},"modified":"2025-01-03T16:14:37","modified_gmt":"2025-01-03T19:14:37","slug":"pielsana-solucao-aquosa-350ml-dbs","status":"publish","type":"product","link":"https:\/\/www.medideal.com.br\/en\/pielsana-solucao-aquosa-350ml-dbs\/","title":{"rendered":"Pielsana Solu\u00e7\u00e3o Aquosa 350ml &#8211; DBS"},"content":{"rendered":"<p><strong>Marca:<\/strong>\u00a0DBS<\/p>\n<p><strong>Peso:<\/strong>\u00a0350ml<\/p>\n<p><strong>Embalagem:<\/strong>\u00a0Cont\u00e9m 1 unidade<\/p>\n<p>Solu\u00e7\u00e3o para irriga\u00e7\u00e3o\/limpeza e descontamina\u00e7\u00e3o de feridas, composta de 0,1% de polihexanida (PHMB), 0,1% de betaina e 99,8% de \u00e1gua purificada por sistema de osmose reversa ou por destila\u00e7\u00e3o, com condutividade &lt; 1,3 us\/cm e TOC &lt; 500 ppb, com laudos de: a\u00e7\u00e3o bactericida para pseud\u00f4monas, salmonella e outros germes.<\/p>\n<p>Toxicidade\/reatividade biol\u00f3gica intracut\u00e2nea; sensibilidade cut\u00e2nea e avalia\u00e7\u00e3o do potencial de citotoxidade.<\/p>\n<p>BENEF\u00cdCIOS: Produto com efetiva capacidade de remover biofilmes de feridas cr\u00f4nicas, proporcionando limpeza sem fric\u00e7\u00e3o ao tecido vi\u00e1vel, promovendo a remo\u00e7\u00e3o de crostas do leito da les\u00e3o e reduzindo significativamente os odores da ferida.<\/p>\n<p>Frasco de polietileno transparente com 350 ml, flex\u00edvel com bico pr\u00f3prio para irriga\u00e7\u00e3o de feridas, menbrana inviol\u00e1vel e abertura no momento do uso.<\/p>\n<p>Registrado na ANVISA como produto para sa\u00fade, classe de risco IV.<\/p>","protected":false},"excerpt":{"rendered":"<p>Frasco de polietileno transparente com 350 ml, flex\u00edvel com bico pr\u00f3prio para irriga\u00e7\u00e3o de feridas, menbrana inviol\u00e1vel e abertura no momento do uso.<\/p>","protected":false},"featured_media":3710,"comment_status":"closed","ping_status":"closed","template":"","meta":{"_joinchat":[]},"product_brand":[],"product_cat":[26],"product_tag":[],"class_list":{"0":"post-3689","1":"product","2":"type-product","3":"status-publish","4":"has-post-thumbnail","6":"product_cat-curativos","8":"first","9":"outofstock","10":"shipping-taxable","11":"purchasable","12":"product-type-simple"},"_links":{"self":[{"href":"https:\/\/www.medideal.com.br\/en\/wp-json\/wp\/v2\/product\/3689","targetHints":{"allow":["GET"]}}],"collection":[{"href":"https:\/\/www.medideal.com.br\/en\/wp-json\/wp\/v2\/product"}],"about":[{"href":"https:\/\/www.medideal.com.br\/en\/wp-json\/wp\/v2\/types\/product"}],"replies":[{"embeddable":true,"href":"https:\/\/www.medideal.com.br\/en\/wp-json\/wp\/v2\/comments?post=3689"}],"wp:featuredmedia":[{"embeddable":true,"href":"https:\/\/www.medideal.com.br\/en\/wp-json\/wp\/v2\/media\/3710"}],"wp:attachment":[{"href":"https:\/\/www.medideal.com.br\/en\/wp-json\/wp\/v2\/media?parent=3689"}],"wp:term":[{"taxonomy":"product_brand","embeddable":true,"href":"https:\/\/www.medideal.com.br\/en\/wp-json\/wp\/v2\/product_brand?post=3689"},{"taxonomy":"product_cat","embeddable":true,"href":"https:\/\/www.medideal.com.br\/en\/wp-json\/wp\/v2\/product_cat?post=3689"},{"taxonomy":"product_tag","embeddable":true,"href":"https:\/\/www.medideal.com.br\/en\/wp-json\/wp\/v2\/product_tag?post=3689"}],"curies":[{"name":"wp","href":"https:\/\/api.w.org\/{rel}","templated":true}]}}