{"id":3684,"date":"2024-02-12T12:29:19","date_gmt":"2024-02-12T15:29:19","guid":{"rendered":"https:\/\/www.medideal.com.br\/?post_type=product&#038;p=3684"},"modified":"2025-01-03T16:14:37","modified_gmt":"2025-01-03T19:14:37","slug":"gaze-rayon-pielsana-75cm-x-15cm-5ml-a-g-e-un-dbs","status":"publish","type":"product","link":"https:\/\/www.medideal.com.br\/en\/gaze-rayon-pielsana-75cm-x-15cm-5ml-a-g-e-un-dbs\/","title":{"rendered":"Gaze Rayon Pielsana 7,5cm x 15cm 5ml DBS &#8211; Unidade"},"content":{"rendered":"<p class=\"tab-link current\"><strong>Marca:<\/strong>\u00a0Pielsana<\/p>\n<p><strong>Tipo:<\/strong>\u00a0Gaze Rayon Com \u00d3leo A.G.E<\/p>\n<p><strong>Tamanho:<\/strong>\u00a07,5cm x 15cm<\/p>\n<p><strong>Embalagem:\u00a0<\/strong>1 Sachet 5ml<\/p>\n<p><strong>Especifica\u00e7\u00f5es:<\/strong><\/p>\n<p>Pielsana Sachet \u00e9 uma gaze de rayon embebida em \u00f3leo a base de A.G.E (\u00c1cidos Graxos Essenciais), T.C.M (Triglicer\u00eddeos de Cadeia M\u00e9dia), Vitaminas A e E, \u00d3leos de Copa\u00edba e Melaleuca, que previne e trata feridas agudas e cr\u00f4nicas, mesmo com perda de tecido superficial e total.<\/p>\n<p><strong>Indica\u00e7\u00f5es:<\/strong><\/p>\n<p>Ideal para hidratar e manter a integridade da pele. Preven\u00e7\u00e3o de \u00falceras por press\u00e3o (escaras). Feridas agudas, cr\u00f4nicas e com perda de tecido. Queimaduras de 1\u00b0 e 2\u00b0 graus. Dermatite amoniacal (assaduras), peri-gastrotomias e peri-les\u00f5es. Traqueostomias e drenos.<\/p>","protected":false},"excerpt":{"rendered":"<p>Ideal para hidratar e manter a integridade da pele. Preven\u00e7\u00e3o de \u00falceras por press\u00e3o (escaras). Feridas agudas, cr\u00f4nicas e com perda de tecido. Queimaduras de 1\u00b0 e 2\u00b0 graus. Dermatite amoniacal (assaduras), peri-gastrotomias e peri-les\u00f5es. Traqueostomias e drenos.<\/p>","protected":false},"featured_media":3685,"comment_status":"closed","ping_status":"closed","template":"","meta":{"_joinchat":[]},"product_brand":[],"product_cat":[26],"product_tag":[],"class_list":{"0":"post-3684","1":"product","2":"type-product","3":"status-publish","4":"has-post-thumbnail","6":"product_cat-curativos","8":"first","9":"outofstock","10":"shipping-taxable","11":"purchasable","12":"product-type-simple"},"_links":{"self":[{"href":"https:\/\/www.medideal.com.br\/en\/wp-json\/wp\/v2\/product\/3684","targetHints":{"allow":["GET"]}}],"collection":[{"href":"https:\/\/www.medideal.com.br\/en\/wp-json\/wp\/v2\/product"}],"about":[{"href":"https:\/\/www.medideal.com.br\/en\/wp-json\/wp\/v2\/types\/product"}],"replies":[{"embeddable":true,"href":"https:\/\/www.medideal.com.br\/en\/wp-json\/wp\/v2\/comments?post=3684"}],"wp:featuredmedia":[{"embeddable":true,"href":"https:\/\/www.medideal.com.br\/en\/wp-json\/wp\/v2\/media\/3685"}],"wp:attachment":[{"href":"https:\/\/www.medideal.com.br\/en\/wp-json\/wp\/v2\/media?parent=3684"}],"wp:term":[{"taxonomy":"product_brand","embeddable":true,"href":"https:\/\/www.medideal.com.br\/en\/wp-json\/wp\/v2\/product_brand?post=3684"},{"taxonomy":"product_cat","embeddable":true,"href":"https:\/\/www.medideal.com.br\/en\/wp-json\/wp\/v2\/product_cat?post=3684"},{"taxonomy":"product_tag","embeddable":true,"href":"https:\/\/www.medideal.com.br\/en\/wp-json\/wp\/v2\/product_tag?post=3684"}],"curies":[{"name":"wp","href":"https:\/\/api.w.org\/{rel}","templated":true}]}}