{"id":3679,"date":"2024-01-31T13:27:13","date_gmt":"2024-01-31T16:27:13","guid":{"rendered":"https:\/\/www.medideal.com.br\/?post_type=product&#038;p=3679"},"modified":"2025-01-03T16:14:37","modified_gmt":"2025-01-03T19:14:37","slug":"infusor-2-vias-medsonda","status":"publish","type":"product","link":"https:\/\/www.medideal.com.br\/en\/infusor-2-vias-medsonda\/","title":{"rendered":"Infusor 2 Vias &#8211; Medsonda"},"content":{"rendered":"<table id=\"productattributes\" class=\"table table-striped productattributes\">\n<tbody>\n<tr>\n<th>Indica\u00e7\u00f5es<\/th>\n<td>O que \u00e9, para que serve e quais as vantagens do polifix multivias MEDSONDA?<\/p>\n<p>O polifix multivias MEDSONDA \u00e9 um extensor descart\u00e1vel confeccionado em tubo de PVC, at\u00f3xico, apirog\u00eanico, transparente de paredes finas e flex\u00edveis, possui duas vias de acesso bipartidas com conectores luer lock proximais e um conector luer slip distal (para conectar ao acesso venoso do paciente). Esterilizado por radia\u00e7\u00e3o ionizante. Indicado para aumentar o comprimento e facilitar as conex\u00f5es de equipos e cateteres intravenosos, sendo utilizado exclusivamente por profissionais especializados e capacitados da \u00e1rea m\u00e9dico-hospitalar, segundo as normas e pr\u00e1ticas hospitalares.<\/td>\n<\/tr>\n<tr>\n<th>Diferenciais e benef\u00edcios<\/th>\n<td>Quais os benef\u00edcios do equipo polifix MEDSONDA?<\/p>\n<p>&#8211; Produto esterilizado com radia\u00e7\u00e3o ionizante;<br \/>\n&#8211; Duas vias de acesso;<br \/>\n&#8211; At\u00f3xico e apirog\u00eanico;<br \/>\n&#8211; PVC transparente de alta qualidade e flexibilidade;<br \/>\n&#8211; Maior seguran\u00e7a contra contamina\u00e7\u00e3o;<br \/>\n&#8211; Facilidade no manuseio do produto.<\/td>\n<\/tr>\n<tr>\n<th>Modo de Usar<\/th>\n<td>Como usar o polifix 2 vias MEDSONDA?<\/p>\n<ol>\n<li>Usar t\u00e9cnica ass\u00e9ptica;<\/li>\n<li>Conectar o luer slip ao cateter intravenoso ou outro dispositivo em uso;<\/li>\n<li>Conectar algum dispositivo luer lock ao dispositivo.<\/li>\n<\/ol>\n<\/td>\n<\/tr>\n<\/tbody>\n<\/table>","protected":false},"excerpt":{"rendered":"<p>O polifix multivias MEDSONDA \u00e9 um extensor descart\u00e1vel confeccionado em tubo de PVC, at\u00f3xico, apirog\u00eanico, transparente de paredes finas e flex\u00edveis, possui duas vias de acesso bipartidas com conectores luer lock proximais e um conector luer slip distal.<\/p>","protected":false},"featured_media":3680,"comment_status":"closed","ping_status":"closed","template":"","meta":{"_joinchat":[]},"product_brand":[],"product_cat":[29],"product_tag":[],"class_list":{"0":"post-3679","1":"product","2":"type-product","3":"status-publish","4":"has-post-thumbnail","6":"product_cat-materiais-de-consumo","8":"first","9":"outofstock","10":"shipping-taxable","11":"purchasable","12":"product-type-simple"},"_links":{"self":[{"href":"https:\/\/www.medideal.com.br\/en\/wp-json\/wp\/v2\/product\/3679","targetHints":{"allow":["GET"]}}],"collection":[{"href":"https:\/\/www.medideal.com.br\/en\/wp-json\/wp\/v2\/product"}],"about":[{"href":"https:\/\/www.medideal.com.br\/en\/wp-json\/wp\/v2\/types\/product"}],"replies":[{"embeddable":true,"href":"https:\/\/www.medideal.com.br\/en\/wp-json\/wp\/v2\/comments?post=3679"}],"wp:featuredmedia":[{"embeddable":true,"href":"https:\/\/www.medideal.com.br\/en\/wp-json\/wp\/v2\/media\/3680"}],"wp:attachment":[{"href":"https:\/\/www.medideal.com.br\/en\/wp-json\/wp\/v2\/media?parent=3679"}],"wp:term":[{"taxonomy":"product_brand","embeddable":true,"href":"https:\/\/www.medideal.com.br\/en\/wp-json\/wp\/v2\/product_brand?post=3679"},{"taxonomy":"product_cat","embeddable":true,"href":"https:\/\/www.medideal.com.br\/en\/wp-json\/wp\/v2\/product_cat?post=3679"},{"taxonomy":"product_tag","embeddable":true,"href":"https:\/\/www.medideal.com.br\/en\/wp-json\/wp\/v2\/product_tag?post=3679"}],"curies":[{"name":"wp","href":"https:\/\/api.w.org\/{rel}","templated":true}]}}