{"id":3677,"date":"2024-01-31T13:24:22","date_gmt":"2024-01-31T16:24:22","guid":{"rendered":"https:\/\/www.medideal.com.br\/?post_type=product&#038;p=3677"},"modified":"2025-01-03T16:14:37","modified_gmt":"2025-01-03T19:14:37","slug":"torneira-3-vias-medix","status":"publish","type":"product","link":"https:\/\/www.medideal.com.br\/en\/torneira-3-vias-medix\/","title":{"rendered":"Torneira 3 Vias &#8211; Medix"},"content":{"rendered":"<p>A Torneira 3 Vias \u00e9 um duplicador que conecta duas vias de infus\u00e3o ao acesso venoso.<\/p>\n<p>Indicada para\u00a0infus\u00e3o de subst\u00e2ncias endovenosas, intermitentes ou de uso cont\u00ednuo, permitindo o fluxo simult\u00e2neo ou a interrup\u00e7\u00e3o em qualquer uma das vias.<\/p>\n<p><strong>Benef\u00edcios<\/strong><\/p>\n<ul>\n<li>Est\u00e9ril;<\/li>\n<li>At\u00f3xico e apirog\u00eanico.<\/li>\n<\/ul>\n<p><strong>Modo de Uso<\/strong><\/p>\n<ol>\n<li>Certifique-se de que a embalagem est\u00e1 intacta e o produto n\u00e3o apresenta nenhuma deformidade, trinca ou altera\u00e7\u00e3o vis\u00edvel;<\/li>\n<li>Abra o produto com todos os cuidados de assepsia;<\/li>\n<li>Remova a torneira de 3 vias da embalagem est\u00e9ril;<\/li>\n<li>Conecte a uma ou duas vias de infus\u00e3o intravenosa na porta necess\u00e1ria;<\/li>\n<li>Remova o protetor do conector e mantenha na posi\u00e7\u00e3o vertical;<\/li>\n<li>Abra os grampos na linha de infus\u00e3o intravenosa e desloque o ar completamente, rodando o man\u00edpulo para posi\u00e7\u00e3o de aberto;<\/li>\n<li>Rode o man\u00edpulo para a posi\u00e7\u00e3o de fechado;<\/li>\n<li>Conecte no dispositivo de pun\u00e7\u00e3o e segure o man\u00edpulo;<\/li>\n<li>Rode o man\u00edpulo para a posi\u00e7\u00e3o de aberto e ajuste o fluxo do sistema de infus\u00e3o.<\/li>\n<\/ol>\n<p><strong>\u201cPRODUTO DE USO \u00daNICO\u201d; \u201cDESTRUIR AP\u00d3S O USO\u201d; \u201cPROTEJA ESTE PRODUTO DO CALOR, UMIDADE E DA LUZ\u201d; \u201cPROIBIDO REPROCESSAR\u201d; \u201cEST\u00c9RIL\u201d<\/strong><\/p>\n<p>&nbsp;<\/p>\n<p><strong>Especifica\u00e7\u00f5es t\u00e9cnicas<\/strong><\/p>\n<ul>\n<li>Est\u00e9ril;<\/li>\n<li>At\u00f3xica e apirog\u00eanica;<\/li>\n<li>Descart\u00e1vel e de uso \u00fanico;<\/li>\n<li>N\u00e3o indicada para infus\u00e3o de alta press\u00e3o. Ex.: bombas de infus\u00e3o.<\/li>\n<li>Aguenta at\u00e9 87PSI.<\/li>\n<li>N\u00e3o indicado para administra\u00e7\u00e3o de l\u00edquidos e lip\u00eddios com alta viscosidade.<\/li>\n<li>N\u00e3o deve ser usado para transfus\u00e3o de sangue.<\/li>\n<li>Material e composi\u00e7\u00e3o:\u00a0Tampa Superior constitu\u00edda de Polipropileno. 1 conector Luer Slip\/Lock rotativo constitu\u00eddo de Policarbonato. 2 conectores Luer Universal constitu\u00eddo de Policarbonato. Man\u00edpulo Girat\u00f3rio confeccionado em Polietileno. Corpo Principal constitu\u00eddo de Policarbonato. Tampa Protetora composta de Polietileno. Plug com C\u00f3digo Colorido constitu\u00eddo de Polipropileno.<\/li>\n<\/ul>","protected":false},"excerpt":{"rendered":"<p>Indicada para\u00a0infus\u00e3o de subst\u00e2ncias endovenosas, intermitentes ou de uso cont\u00ednuo, permitindo o fluxo simult\u00e2neo ou a interrup\u00e7\u00e3o em qualquer uma das vias.<\/p>","protected":false},"featured_media":3678,"comment_status":"closed","ping_status":"closed","template":"","meta":{"_joinchat":[]},"product_brand":[],"product_cat":[29],"product_tag":[],"class_list":{"0":"post-3677","1":"product","2":"type-product","3":"status-publish","4":"has-post-thumbnail","6":"product_cat-materiais-de-consumo","8":"first","9":"outofstock","10":"shipping-taxable","11":"purchasable","12":"product-type-simple"},"_links":{"self":[{"href":"https:\/\/www.medideal.com.br\/en\/wp-json\/wp\/v2\/product\/3677","targetHints":{"allow":["GET"]}}],"collection":[{"href":"https:\/\/www.medideal.com.br\/en\/wp-json\/wp\/v2\/product"}],"about":[{"href":"https:\/\/www.medideal.com.br\/en\/wp-json\/wp\/v2\/types\/product"}],"replies":[{"embeddable":true,"href":"https:\/\/www.medideal.com.br\/en\/wp-json\/wp\/v2\/comments?post=3677"}],"wp:featuredmedia":[{"embeddable":true,"href":"https:\/\/www.medideal.com.br\/en\/wp-json\/wp\/v2\/media\/3678"}],"wp:attachment":[{"href":"https:\/\/www.medideal.com.br\/en\/wp-json\/wp\/v2\/media?parent=3677"}],"wp:term":[{"taxonomy":"product_brand","embeddable":true,"href":"https:\/\/www.medideal.com.br\/en\/wp-json\/wp\/v2\/product_brand?post=3677"},{"taxonomy":"product_cat","embeddable":true,"href":"https:\/\/www.medideal.com.br\/en\/wp-json\/wp\/v2\/product_cat?post=3677"},{"taxonomy":"product_tag","embeddable":true,"href":"https:\/\/www.medideal.com.br\/en\/wp-json\/wp\/v2\/product_tag?post=3677"}],"curies":[{"name":"wp","href":"https:\/\/api.w.org\/{rel}","templated":true}]}}