{"id":3564,"date":"2024-01-24T12:14:38","date_gmt":"2024-01-24T15:14:38","guid":{"rendered":"https:\/\/www.medideal.com.br\/?post_type=product&#038;p=3564"},"modified":"2025-01-03T16:14:38","modified_gmt":"2025-01-03T19:14:38","slug":"escova-clorexidina-2-degermante-22ml-rioquimica","status":"publish","type":"product","link":"https:\/\/www.medideal.com.br\/en\/escova-clorexidina-2-degermante-22ml-rioquimica\/","title":{"rendered":"Escova Clorexidina 2% Degermante 22ml &#8211; Rioqu\u00edmica"},"content":{"rendered":"<table class=\"table table-striped\">\n<tbody>\n<tr class=\"row\">\n<th class=\"col-xs-4 col-sm-3\">Indica\u00e7\u00f5es<\/th>\n<td class=\"col-xs-6 col-sm-7\">Riohex 2% \u00e9 uma solu\u00e7\u00e3o de Digliconato de Clorexidina 2% com tensoativos, indicada como antiss\u00e9ptico t\u00f3pico, antissepsia da pele no pr\u00e9-operat\u00f3rio.<\/td>\n<\/tr>\n<tr class=\"row\">\n<th class=\"col-xs-4 col-sm-3\">Diferenciais e benef\u00edcios<\/th>\n<td class=\"col-xs-6 col-sm-7\">&#8211; Conjunto escova\/esponja pl\u00e1stica com dupla face;<\/p>\n<p>&#8211; Embebida em solu\u00e7\u00e3o degermante com 22ml de digluconato de clorexidina 2%;<\/p>\n<p>&#8211; Possui tensoativos.<\/td>\n<\/tr>\n<\/tbody>\n<\/table>","protected":false},"excerpt":{"rendered":"<p>Indica\u00e7\u00f5es Riohex 2% \u00e9 uma solu\u00e7\u00e3o de Digliconato de Clorexidina 2% com tensoativos, indicada como antiss\u00e9ptico t\u00f3pico, antissepsia da pele no pr\u00e9-operat\u00f3rio. Diferenciais e benef\u00edcios &#8211; Conjunto escova\/esponja pl\u00e1stica com dupla face; &#8211; Embebida em solu\u00e7\u00e3o degermante com 22ml de digluconato de clorexidina 2%; &#8211; Possui tensoativos.<\/p>","protected":false},"featured_media":3565,"comment_status":"open","ping_status":"closed","template":"","meta":{"_joinchat":[]},"product_brand":[],"product_cat":[26,118],"product_tag":[],"class_list":{"0":"post-3564","1":"product","2":"type-product","3":"status-publish","4":"has-post-thumbnail","6":"product_cat-curativos","7":"product_cat-ofertas","9":"first","10":"outofstock","11":"shipping-taxable","12":"purchasable","13":"product-type-simple"},"_links":{"self":[{"href":"https:\/\/www.medideal.com.br\/en\/wp-json\/wp\/v2\/product\/3564","targetHints":{"allow":["GET"]}}],"collection":[{"href":"https:\/\/www.medideal.com.br\/en\/wp-json\/wp\/v2\/product"}],"about":[{"href":"https:\/\/www.medideal.com.br\/en\/wp-json\/wp\/v2\/types\/product"}],"replies":[{"embeddable":true,"href":"https:\/\/www.medideal.com.br\/en\/wp-json\/wp\/v2\/comments?post=3564"}],"wp:featuredmedia":[{"embeddable":true,"href":"https:\/\/www.medideal.com.br\/en\/wp-json\/wp\/v2\/media\/3565"}],"wp:attachment":[{"href":"https:\/\/www.medideal.com.br\/en\/wp-json\/wp\/v2\/media?parent=3564"}],"wp:term":[{"taxonomy":"product_brand","embeddable":true,"href":"https:\/\/www.medideal.com.br\/en\/wp-json\/wp\/v2\/product_brand?post=3564"},{"taxonomy":"product_cat","embeddable":true,"href":"https:\/\/www.medideal.com.br\/en\/wp-json\/wp\/v2\/product_cat?post=3564"},{"taxonomy":"product_tag","embeddable":true,"href":"https:\/\/www.medideal.com.br\/en\/wp-json\/wp\/v2\/product_tag?post=3564"}],"curies":[{"name":"wp","href":"https:\/\/api.w.org\/{rel}","templated":true}]}}