{"id":3559,"date":"2024-01-22T15:55:23","date_gmt":"2024-01-22T18:55:23","guid":{"rendered":"https:\/\/www.medideal.com.br\/?post_type=product&#038;p=3559"},"modified":"2025-01-03T16:14:38","modified_gmt":"2025-01-03T19:14:38","slug":"compressa-de-gaze-esteril-75x75cm-13-fios-10un-europa","status":"publish","type":"product","link":"https:\/\/www.medideal.com.br\/en\/compressa-de-gaze-esteril-75x75cm-13-fios-10un-europa\/","title":{"rendered":"Compressa de Gaze Est\u00e9ril 7,5&#215;7,5cm 13 Fios 10un &#8211; EUROPA"},"content":{"rendered":"<table class=\"table table-striped\">\n<tbody>\n<tr class=\"row\">\n<th class=\"col-xs-4 col-sm-3\">Indica\u00e7\u00f5es<\/th>\n<td class=\"col-xs-6 col-sm-7\"><strong>O que \u00e9 compressa de gaze est\u00e9ril 13 fios EUROPA?<\/strong><\/p>\n<p>A compressa de gaze est\u00e9ril 13 fios EUROPA \u00e9 um produto cir\u00fargico feito de tecido 100% algod\u00e3o com alto poder de absor\u00e7\u00e3o. Ela possui caracter\u00edsticas como ter 13 fios por cent\u00edmetro quadrado, ser dobrada para dentro em toda a sua extens\u00e3o, ter 8 camadas e 5 dobras, al\u00e9m de ser livre de manchas e impurezas. Tamb\u00e9m \u00e9 isenta de amido e alvejante \u00f3ptico, n\u00e3o reage com medicamentos e \u00e9 de uso \u00fanico.<\/p>\n<p>&nbsp;<\/p>\n<p><strong>Para que serve compressa de gaze est\u00e9ril 13 fios EUROPA?<\/strong><\/p>\n<p>A compressa de gaze est\u00e9ril 13 fios EUROPA serve para diversos fins m\u00e9dicos e cir\u00fargicos. Ela \u00e9 indicada principalmente para procedimentos cir\u00fargicos, onde pode ser usada para absorver secre\u00e7\u00f5es. Al\u00e9m disso, \u00e9 adequada para curativos em geral, sendo \u00fatil em v\u00e1rias situa\u00e7\u00f5es cl\u00ednicas que requerem um material absorvente e est\u00e9ril, como em hospitais, cl\u00ednicas e consult\u00f3rios m\u00e9dicos.<\/td>\n<\/tr>\n<tr class=\"row\">\n<th class=\"col-xs-4 col-sm-3\">Composi\u00e7\u00e3o<\/th>\n<td class=\"col-xs-6 col-sm-7\">Confeccionada em tecido 100% algod\u00e3o com alto poder de absor\u00e7\u00e3o.<\/td>\n<\/tr>\n<tr class=\"row\">\n<th class=\"col-xs-4 col-sm-3\">Diferenciais e benef\u00edcios<\/th>\n<td class=\"col-xs-6 col-sm-7\"><strong>Quais os benef\u00edcios da compressa de gaze est\u00e9ril 13 fios EUROPA?<\/strong><\/p>\n<ul>\n<li>Compressa de gaze est\u00e9ril 13 fios;<\/li>\n<li>Feita de tecido 100% algod\u00e3o;<\/li>\n<li>Possui alto poder de absor\u00e7\u00e3o;<\/li>\n<li>Possui 13 fios por cent\u00edmetro quadrado;<\/li>\n<li>Dobrada para dentro em toda a sua extens\u00e3o;<\/li>\n<li>Composta por 8 camadas e 5 dobras;<\/li>\n<li>Livre de manchas e impurezas;<\/li>\n<li>Isenta de amido e alvejante \u00f3ptico;<\/li>\n<li>N\u00e3o reage com medicamentos;<\/li>\n<li>Produto de uso \u00fanico;<\/li>\n<li>Indicada para procedimentos cir\u00fargicos e curativos diversos;<\/li>\n<li>Sem fio radiopaco;<\/li>\n<li>Pacote com 10 unidades.<\/li>\n<\/ul>\n<\/td>\n<\/tr>\n<tr class=\"row\">\n<th class=\"col-xs-4 col-sm-3\">Itens inclusos<\/th>\n<td class=\"col-xs-6 col-sm-7\">01 Pacote de compressa de gaze est\u00e9ril 7,5 x 7,5 cm 13 fios 5 dobras 8 camadas 100% algod\u00e3o com 10 unidades EUROPA.<\/td>\n<\/tr>\n<\/tbody>\n<\/table>","protected":false},"excerpt":{"rendered":"<p>Indica\u00e7\u00f5es O que \u00e9 compressa de gaze est\u00e9ril 13 fios EUROPA? A compressa de gaze est\u00e9ril 13 fios EUROPA \u00e9 um produto cir\u00fargico feito de tecido 100% algod\u00e3o com alto poder de absor\u00e7\u00e3o. Ela possui caracter\u00edsticas como ter 13 fios por cent\u00edmetro quadrado, ser dobrada para dentro em toda a sua extens\u00e3o, ter 8 camadas [&hellip;]<\/p>","protected":false},"featured_media":3561,"comment_status":"closed","ping_status":"closed","template":"","meta":{"_joinchat":[]},"product_brand":[],"product_cat":[26,118],"product_tag":[],"class_list":{"0":"post-3559","1":"product","2":"type-product","3":"status-publish","4":"has-post-thumbnail","6":"product_cat-curativos","7":"product_cat-ofertas","9":"first","10":"outofstock","11":"shipping-taxable","12":"purchasable","13":"product-type-simple"},"_links":{"self":[{"href":"https:\/\/www.medideal.com.br\/en\/wp-json\/wp\/v2\/product\/3559","targetHints":{"allow":["GET"]}}],"collection":[{"href":"https:\/\/www.medideal.com.br\/en\/wp-json\/wp\/v2\/product"}],"about":[{"href":"https:\/\/www.medideal.com.br\/en\/wp-json\/wp\/v2\/types\/product"}],"replies":[{"embeddable":true,"href":"https:\/\/www.medideal.com.br\/en\/wp-json\/wp\/v2\/comments?post=3559"}],"wp:featuredmedia":[{"embeddable":true,"href":"https:\/\/www.medideal.com.br\/en\/wp-json\/wp\/v2\/media\/3561"}],"wp:attachment":[{"href":"https:\/\/www.medideal.com.br\/en\/wp-json\/wp\/v2\/media?parent=3559"}],"wp:term":[{"taxonomy":"product_brand","embeddable":true,"href":"https:\/\/www.medideal.com.br\/en\/wp-json\/wp\/v2\/product_brand?post=3559"},{"taxonomy":"product_cat","embeddable":true,"href":"https:\/\/www.medideal.com.br\/en\/wp-json\/wp\/v2\/product_cat?post=3559"},{"taxonomy":"product_tag","embeddable":true,"href":"https:\/\/www.medideal.com.br\/en\/wp-json\/wp\/v2\/product_tag?post=3559"}],"curies":[{"name":"wp","href":"https:\/\/api.w.org\/{rel}","templated":true}]}}