{"id":3557,"date":"2024-01-22T11:47:35","date_gmt":"2024-01-22T14:47:35","guid":{"rendered":"https:\/\/www.medideal.com.br\/?post_type=product&#038;p=3557"},"modified":"2025-01-03T16:15:18","modified_gmt":"2025-01-03T19:15:18","slug":"homeopast-ultra-hidratacao-30g","status":"publish","type":"product","link":"https:\/\/www.medideal.com.br\/en\/homeopast-ultra-hidratacao-30g\/","title":{"rendered":"Homeopast Ultra Hidrata\u00e7\u00e3o 30g"},"content":{"rendered":"<p>Creme cicatrizante altamente hidratante, ideal para a preven\u00e7\u00e3o e tratamento de fissuras,\u00a0p\u00e9s rachados e \u00e1reas\u00a0muito ressecadas do corpo como calcanhares, cotovelos, m\u00e3os, joelhos, etc.<\/p>\n<p>Elaborado a partir de extratos vegetais comprovadamente eficazes na restaura\u00e7\u00e3o da pele.<\/p>\n<p>Cont\u00e9m extrato de cal\u00eandula, que protege e restaura os tecidos da pele e auxilia na emoli\u00eancia, e aveia, com a\u00e7\u00e3o nutritiva, hidratante e suavizante. Tamb\u00e9m possui lanolina, que ajuda a pele a reter sua umidade para evitar que a pele volte a ficar ressecada.<\/p>\n<p>Sua profunda a\u00e7\u00e3o hidratante e restauradora deixa os seus p\u00e9s sempre hidratados e protegidos. Por isso \u00e9 utilizado e recomendado por pod\u00f3logos de todo o pa\u00eds.<\/p>\n<p><strong>Modo de uso:<\/strong>\u00a0 Passar uma fina camada, 1 a 2 vezes ao dia, sobre a \u00e1rea a ser tratada. homeopast ULTRA HIDRATA\u00c7\u00c3O possui uma f\u00f3rmula concentrada, uma pequena quantidade \u00e9 suficiente para proteger e hidratar completamente.<\/p>\n<p><strong>Cont\u00e9m:<\/strong>\u00a0 30g<\/p>\n<p><strong>Recomenda\u00e7\u00f5es de uso:<\/strong><\/p>\n<ul>\n<li>P\u00e9s com fissuras (rachados), ressecados,\u00a0com calosidade (grosso)\u00a0e \u00e1speros<\/li>\n<li>Hidrata\u00e7\u00e3o e prote\u00e7\u00e3o de pele tatuada<\/li>\n<li>Tratamento da pele ressecada pela exposi\u00e7\u00e3o ao sol (queimaduras leves)<\/li>\n<li>Hidrata\u00e7\u00e3o e l\u00e1bios ressecados<\/li>\n<li>Indicado para uso em p\u00e9s de portadores de diabetes<\/li>\n<li>Auxilia na Hidrata\u00e7\u00e3o da pele de pessoas com psor\u00edase<\/li>\n<li>Preven\u00e7\u00e3o de assaduras e escaras<\/li>\n<li>Usu\u00e1rios de pr\u00f3teses e cal\u00e7ados ortop\u00e9dicos: Evita Dermatite de Contato<\/li>\n<li>Esportistas: evita atrito e bolhas nos p\u00e9s<\/li>\n<li>Maratonistas: reduz zonas de atrito nos mamilos, axilas e virilhas<\/li>\n<\/ul>\n<p><strong>Informa\u00e7\u00f5es:<\/strong><\/p>\n<ul>\n<li>Acompanha esp\u00e1tula dosadora;<\/li>\n<li>N\u00e3o testado em animais;<\/li>\n<li>Rico em extratos naturais;<\/li>\n<li>Sem fragr\u00e2ncias e sem corantes sint\u00e9ticos;<\/li>\n<li>Pode ser usado por portadores de diabetes, gestantes, idosos e crian\u00e7as;<\/li>\n<li>O Produto \u00e9 contraindicado para pessoas com antecedentes de hipersensibilidade a qualquer um dos componentes da f\u00f3rmula;<\/li>\n<li>Conservar em local fresco ao abrigo da luz solar;<\/li>\n<li>USO EXTERNO: N\u00e3o ingerir;<\/li>\n<li>N\u00e3o usar em pele irritada ou ferida. Em caso de irrita\u00e7\u00e3o, suspenda o uso e procure um m\u00e9dico;<\/li>\n<li>Evitar contato com os olhos. Em caso de contato com olhos, enxaguar abundantemente.<\/li>\n<\/ul>","protected":false},"excerpt":{"rendered":"<p>Creme cicatrizante altamente hidratante, ideal para a preven\u00e7\u00e3o e tratamento de fissuras,\u00a0p\u00e9s rachados e \u00e1reas\u00a0muito ressecadas do corpo como calcanhares, cotovelos, m\u00e3os, joelhos, etc. Elaborado a partir de extratos vegetais comprovadamente eficazes na restaura\u00e7\u00e3o da pele. Cont\u00e9m extrato de cal\u00eandula, que protege e restaura os tecidos da pele e auxilia na emoli\u00eancia, e aveia, com [&hellip;]<\/p>","protected":false},"featured_media":3558,"comment_status":"closed","ping_status":"closed","template":"","meta":{"_joinchat":[]},"product_brand":[],"product_cat":[26],"product_tag":[],"class_list":{"0":"post-3557","1":"product","2":"type-product","3":"status-publish","4":"has-post-thumbnail","6":"product_cat-curativos","8":"first","9":"outofstock","10":"shipping-taxable","11":"purchasable","12":"product-type-simple"},"_links":{"self":[{"href":"https:\/\/www.medideal.com.br\/en\/wp-json\/wp\/v2\/product\/3557","targetHints":{"allow":["GET"]}}],"collection":[{"href":"https:\/\/www.medideal.com.br\/en\/wp-json\/wp\/v2\/product"}],"about":[{"href":"https:\/\/www.medideal.com.br\/en\/wp-json\/wp\/v2\/types\/product"}],"replies":[{"embeddable":true,"href":"https:\/\/www.medideal.com.br\/en\/wp-json\/wp\/v2\/comments?post=3557"}],"wp:featuredmedia":[{"embeddable":true,"href":"https:\/\/www.medideal.com.br\/en\/wp-json\/wp\/v2\/media\/3558"}],"wp:attachment":[{"href":"https:\/\/www.medideal.com.br\/en\/wp-json\/wp\/v2\/media?parent=3557"}],"wp:term":[{"taxonomy":"product_brand","embeddable":true,"href":"https:\/\/www.medideal.com.br\/en\/wp-json\/wp\/v2\/product_brand?post=3557"},{"taxonomy":"product_cat","embeddable":true,"href":"https:\/\/www.medideal.com.br\/en\/wp-json\/wp\/v2\/product_cat?post=3557"},{"taxonomy":"product_tag","embeddable":true,"href":"https:\/\/www.medideal.com.br\/en\/wp-json\/wp\/v2\/product_tag?post=3557"}],"curies":[{"name":"wp","href":"https:\/\/api.w.org\/{rel}","templated":true}]}}