{"id":3555,"date":"2024-01-22T11:04:31","date_gmt":"2024-01-22T14:04:31","guid":{"rendered":"https:\/\/www.medideal.com.br\/?post_type=product&#038;p=3555"},"modified":"2025-01-03T16:15:18","modified_gmt":"2025-01-03T19:15:18","slug":"dermaex-200ml","status":"publish","type":"product","link":"https:\/\/www.medideal.com.br\/en\/dermaex-200ml\/","title":{"rendered":"Dermaex 200ml"},"content":{"rendered":"<p>\u00d3leo cicatrizante de girassol A.G.E rico em \u00e1cido graxos, com vitaminas A e E.<\/p>\n<p>Previne e hidrata feridas e escaras.<\/p>\n<p>Caracter\u00edsticas do produto:<\/p>\n<ul>\n<li>Rico em \u00e1cidos graxos;<\/li>\n<li>Possui vitaminas A e E;<\/li>\n<li>Auxilia na cicatriza\u00e7\u00e3o das feridas.<\/li>\n<\/ul>\n<p>Indica\u00e7\u00f5es:<\/p>\n<p>Preven\u00e7\u00e3o de \u00falcera de press\u00e3o;<br \/>\nFeridas agudas e cr\u00f4nicas com ou sem infec\u00e7\u00e3o;<br \/>\nFeridas com perda de tecido superficial e parcial;<br \/>\nDermatites peri-les\u00f5es;<br \/>\nQueimaduras de primeiro e segundo grau;<br \/>\nDermatite amoniacal.<\/p>\n<p><strong>Composi\u00e7\u00e3o:<\/strong>\u00a0triglicer\u00eddes c\u00e1prico capr\u00edlico, \u00e1cido l\u00e1urido, palmitato de retinila (vitamina A), acetato de tocoferol (vitamina E), BHT &#8211; Butil Hidroxi Tolueno, lecitina de soja, \u00f3leo de girassol, \u00f3leo de soja;<\/p>\n<div class=\"produto-destaque\">\n<p>Frasco com 200 ml.<\/p>\n<\/div>","protected":false},"excerpt":{"rendered":"<p>\u00d3leo cicatrizante de girassol A.G.E rico em \u00e1cido graxos, com vitaminas A e E. Previne e hidrata feridas e escaras. Caracter\u00edsticas do produto: Rico em \u00e1cidos graxos; Possui vitaminas A e E; Auxilia na cicatriza\u00e7\u00e3o das feridas. Indica\u00e7\u00f5es: Preven\u00e7\u00e3o de \u00falcera de press\u00e3o; Feridas agudas e cr\u00f4nicas com ou sem infec\u00e7\u00e3o; Feridas com perda de [&hellip;]<\/p>","protected":false},"featured_media":3556,"comment_status":"closed","ping_status":"closed","template":"","meta":{"_joinchat":[]},"product_brand":[],"product_cat":[26],"product_tag":[],"class_list":{"0":"post-3555","1":"product","2":"type-product","3":"status-publish","4":"has-post-thumbnail","6":"product_cat-curativos","8":"first","9":"outofstock","10":"shipping-taxable","11":"purchasable","12":"product-type-simple"},"_links":{"self":[{"href":"https:\/\/www.medideal.com.br\/en\/wp-json\/wp\/v2\/product\/3555","targetHints":{"allow":["GET"]}}],"collection":[{"href":"https:\/\/www.medideal.com.br\/en\/wp-json\/wp\/v2\/product"}],"about":[{"href":"https:\/\/www.medideal.com.br\/en\/wp-json\/wp\/v2\/types\/product"}],"replies":[{"embeddable":true,"href":"https:\/\/www.medideal.com.br\/en\/wp-json\/wp\/v2\/comments?post=3555"}],"wp:featuredmedia":[{"embeddable":true,"href":"https:\/\/www.medideal.com.br\/en\/wp-json\/wp\/v2\/media\/3556"}],"wp:attachment":[{"href":"https:\/\/www.medideal.com.br\/en\/wp-json\/wp\/v2\/media?parent=3555"}],"wp:term":[{"taxonomy":"product_brand","embeddable":true,"href":"https:\/\/www.medideal.com.br\/en\/wp-json\/wp\/v2\/product_brand?post=3555"},{"taxonomy":"product_cat","embeddable":true,"href":"https:\/\/www.medideal.com.br\/en\/wp-json\/wp\/v2\/product_cat?post=3555"},{"taxonomy":"product_tag","embeddable":true,"href":"https:\/\/www.medideal.com.br\/en\/wp-json\/wp\/v2\/product_tag?post=3555"}],"curies":[{"name":"wp","href":"https:\/\/api.w.org\/{rel}","templated":true}]}}