{"id":3553,"date":"2024-01-22T11:01:24","date_gmt":"2024-01-22T14:01:24","guid":{"rendered":"https:\/\/www.medideal.com.br\/?post_type=product&#038;p=3553"},"modified":"2025-01-03T16:15:18","modified_gmt":"2025-01-03T19:15:18","slug":"dermamon-free-100g","status":"publish","type":"product","link":"https:\/\/www.medideal.com.br\/en\/dermamon-free-100g\/","title":{"rendered":"Dermamon Free 100g"},"content":{"rendered":"<p>Creme de Barreira, Protetor da Pele 100g.<\/p>\n<p>Composi\u00e7\u00e3o:<\/p>\n<p>\u00d3xido de Zinco Micronizado, \u00d3leo de Girassol e Vitamina A e E.<\/p>\n<p>Dermamon \u00e9 um Creme Barreira Dur\u00e1vel Protetor da Pele indicado para revitalizar e proteger a pele prevenindo assaduras de beb\u00eas, idosos e pessoas com incontin\u00eancia urin\u00e1ria ou fecal. Ao ser aplicado o produto forma uma barreira protetora na pele por conter \u00f3xido de zinco micronizado, absorver pela pele ap\u00f3s uma breve massagem e possui a\u00e7\u00e3o de prote\u00e7\u00e3o a pele \u00edntegra contra efluentes o que proporciona preven\u00e7\u00e3o de dermatites, muito efetivo a pacientes que apresentam pele perilesional fragilizada.<\/p>\n<p>Caracter\u00edsticas:<\/p>\n<p>Protege contra macera\u00e7\u00e3o no caso de excesso de umidade no tratamento de feridas, o que pode atrasar a evolu\u00e7\u00e3o da cicatriza\u00e7\u00e3o;<br \/>\nImportante na preven\u00e7\u00e3o de dermatite associada a incontin\u00eancia (DAI), muitas vezes decorrentes do uso de fraldas por exemplo.<\/p>","protected":false},"excerpt":{"rendered":"<p>Creme de Barreira, Protetor da Pele 100g. Composi\u00e7\u00e3o: \u00d3xido de Zinco Micronizado, \u00d3leo de Girassol e Vitamina A e E. Dermamon \u00e9 um Creme Barreira Dur\u00e1vel Protetor da Pele indicado para revitalizar e proteger a pele prevenindo assaduras de beb\u00eas, idosos e pessoas com incontin\u00eancia urin\u00e1ria ou fecal. Ao ser aplicado o produto forma uma [&hellip;]<\/p>","protected":false},"featured_media":3554,"comment_status":"closed","ping_status":"closed","template":"","meta":{"_joinchat":[]},"product_brand":[],"product_cat":[26],"product_tag":[],"class_list":{"0":"post-3553","1":"product","2":"type-product","3":"status-publish","4":"has-post-thumbnail","6":"product_cat-curativos","8":"first","9":"outofstock","10":"shipping-taxable","11":"purchasable","12":"product-type-simple"},"_links":{"self":[{"href":"https:\/\/www.medideal.com.br\/en\/wp-json\/wp\/v2\/product\/3553","targetHints":{"allow":["GET"]}}],"collection":[{"href":"https:\/\/www.medideal.com.br\/en\/wp-json\/wp\/v2\/product"}],"about":[{"href":"https:\/\/www.medideal.com.br\/en\/wp-json\/wp\/v2\/types\/product"}],"replies":[{"embeddable":true,"href":"https:\/\/www.medideal.com.br\/en\/wp-json\/wp\/v2\/comments?post=3553"}],"wp:featuredmedia":[{"embeddable":true,"href":"https:\/\/www.medideal.com.br\/en\/wp-json\/wp\/v2\/media\/3554"}],"wp:attachment":[{"href":"https:\/\/www.medideal.com.br\/en\/wp-json\/wp\/v2\/media?parent=3553"}],"wp:term":[{"taxonomy":"product_brand","embeddable":true,"href":"https:\/\/www.medideal.com.br\/en\/wp-json\/wp\/v2\/product_brand?post=3553"},{"taxonomy":"product_cat","embeddable":true,"href":"https:\/\/www.medideal.com.br\/en\/wp-json\/wp\/v2\/product_cat?post=3553"},{"taxonomy":"product_tag","embeddable":true,"href":"https:\/\/www.medideal.com.br\/en\/wp-json\/wp\/v2\/product_tag?post=3553"}],"curies":[{"name":"wp","href":"https:\/\/api.w.org\/{rel}","templated":true}]}}