{"id":3549,"date":"2024-01-19T16:56:18","date_gmt":"2024-01-19T19:56:18","guid":{"rendered":"https:\/\/www.medideal.com.br\/?post_type=product&#038;p=3549"},"modified":"2025-01-03T16:15:18","modified_gmt":"2025-01-03T19:15:18","slug":"hidrogel-com-alginato-85g-casex","status":"publish","type":"product","link":"https:\/\/www.medideal.com.br\/en\/hidrogel-com-alginato-85g-casex\/","title":{"rendered":"Hidrogel com Alginato 85g &#8211; Casex"},"content":{"rendered":"<p>Hidrogel com Alginato 85g Casex<\/p>\n<p>CARACTER\u00cdSTICAS T\u00c9CNICAS DO PRODUTO<br \/>\n\u2013 Propicia cicatriza\u00e7\u00e3o<br \/>\n\u2013 Promove o desbridamento autol\u00edtico<br \/>\n\u2013 Favorece a remo\u00e7\u00e3o das escaras e do tecido necr\u00f3tico<\/p>\n<p>AllyGel \u00e9 um gel amorfo composto de alginato de c\u00e1lcio e s\u00f3dio, carboximetilcelulose de s\u00f3dio, propilenoglicol e \u00e1gua deionizada. Apresenta a capacidade de hidratar feridas secas e tamb\u00e9m controlar o exsudato da ferida. Propicia um ambiente ideal para o tratamento das \u00e1reas necr\u00f3ticas de pouca ou nenhuma secre\u00e7\u00e3o.<\/p>\n<p>O produto \u00e9 esterilizado por feixe de el\u00e9trons. Cada unidade do produto \u00e9 embalado individualmente em bisnaga.<\/p>\n<p>PRINC\u00cdPIOS DE A\u00c7\u00c3O<br \/>\nPor conter grande quantidade de \u00e1gua (aproximadamente 96%), este produto promove o desbridamento remo\u00e7\u00e3o das escaras e de tecido necr\u00f3tico.<\/p>\n<p>INDICA\u00c7\u00d5ES DE USO<br \/>\n-\u00dalceras por press\u00e3o;<br \/>\n-\u00dalceras de perna;<br \/>\n-Cortes, abras\u00f5es e lacera\u00e7\u00f5es;<br \/>\n-Queimaduras de 2o grau superficiais e profundas;<br \/>\n-Remo\u00e7\u00e3o de crostas e tecidos desvitalizados;<\/p>\n<p>PREPARO P\/ APLICA\u00c7\u00c3O<br \/>\n-Limpe a ferida com solu\u00e7\u00e3o fisiol\u00f3gica.<br \/>\n-Seque a \u00e1rea ao redor da ferida.<\/p>\n<p>APLICA\u00c7\u00c3O DO PRODUTO<br \/>\n-Abrir a embalagem e aplicar uma fina camada do gel diretamente na ferida.<\/p>\n<p>-Aplicar um curativo secund\u00e1rio que ajude na reten\u00e7\u00e3o da umidade. Placa de hidrocol\u00f3ide ou filme adesivo transparente.<\/p>\n<p>-Se utilizar gase, umide\u00e7a a gase de contato e acrescente gases secas para fixar.<\/p>\n<p>-Para garantir uma aplica\u00e7\u00e3o est\u00e9ril, a embalagem \u00e9 recomendada para uma \u00fanica aplica\u00e7\u00e3o.<\/p>\n<p>TROCA E REMO\u00c7\u00c3O DO PRODUTO<br \/>\nTroque o produto quando da troca do curativo secund\u00e1rio.<\/p>\n<p>TEMPO DE USO<br \/>\n-O produto AllyGel pode permanecer aplicado por at\u00e9 4 dias.<\/p>\n<p>-Quando utilizado com cobertura de hidrocol\u00f3ide ou filme de poliuretano pode permanecer at\u00e9 7 dias.<\/p>\n<p>PRECAU\u00c7\u00d5ES, RESTRI\u00c7\u00d5ES E ADVERT\u00caNCIAS<\/p>\n<p>-Este produto deve ter a prescri\u00e7\u00e3o e supervis\u00e3o de um profissional de sa\u00fade;<br \/>\n-N\u00e3o utilizar o produto se a embalagem estiver violada;<br \/>\n-N\u00e3o utilizar este produto caso o paciente apresente sensibilidade a um de seus componentes;<\/p>\n<p>ARMAZENAGEM<br \/>\nManter ao abrigo de umidade e calor excessivo;<\/p>\n<p>APRESENTA\u00c7\u00d5ES<br \/>\n-REFER\u00caNCIA: G085<br \/>\n-TAMANHO: 85 gramas<\/p>","protected":false},"excerpt":{"rendered":"<p>Hidrogel com Alginato 85g Casex CARACTER\u00cdSTICAS T\u00c9CNICAS DO PRODUTO \u2013 Propicia cicatriza\u00e7\u00e3o \u2013 Promove o desbridamento autol\u00edtico \u2013 Favorece a remo\u00e7\u00e3o das escaras e do tecido necr\u00f3tico AllyGel \u00e9 um gel amorfo composto de alginato de c\u00e1lcio e s\u00f3dio, carboximetilcelulose de s\u00f3dio, propilenoglicol e \u00e1gua deionizada. Apresenta a capacidade de hidratar feridas secas e tamb\u00e9m [&hellip;]<\/p>","protected":false},"featured_media":3562,"comment_status":"closed","ping_status":"closed","template":"","meta":{"_joinchat":[]},"product_brand":[],"product_cat":[26],"product_tag":[],"class_list":{"0":"post-3549","1":"product","2":"type-product","3":"status-publish","4":"has-post-thumbnail","6":"product_cat-curativos","8":"first","9":"outofstock","10":"shipping-taxable","11":"purchasable","12":"product-type-simple"},"_links":{"self":[{"href":"https:\/\/www.medideal.com.br\/en\/wp-json\/wp\/v2\/product\/3549","targetHints":{"allow":["GET"]}}],"collection":[{"href":"https:\/\/www.medideal.com.br\/en\/wp-json\/wp\/v2\/product"}],"about":[{"href":"https:\/\/www.medideal.com.br\/en\/wp-json\/wp\/v2\/types\/product"}],"replies":[{"embeddable":true,"href":"https:\/\/www.medideal.com.br\/en\/wp-json\/wp\/v2\/comments?post=3549"}],"wp:featuredmedia":[{"embeddable":true,"href":"https:\/\/www.medideal.com.br\/en\/wp-json\/wp\/v2\/media\/3562"}],"wp:attachment":[{"href":"https:\/\/www.medideal.com.br\/en\/wp-json\/wp\/v2\/media?parent=3549"}],"wp:term":[{"taxonomy":"product_brand","embeddable":true,"href":"https:\/\/www.medideal.com.br\/en\/wp-json\/wp\/v2\/product_brand?post=3549"},{"taxonomy":"product_cat","embeddable":true,"href":"https:\/\/www.medideal.com.br\/en\/wp-json\/wp\/v2\/product_cat?post=3549"},{"taxonomy":"product_tag","embeddable":true,"href":"https:\/\/www.medideal.com.br\/en\/wp-json\/wp\/v2\/product_tag?post=3549"}],"curies":[{"name":"wp","href":"https:\/\/api.w.org\/{rel}","templated":true}]}}