{"id":3546,"date":"2024-01-19T16:52:03","date_gmt":"2024-01-19T19:52:03","guid":{"rendered":"https:\/\/www.medideal.com.br\/?post_type=product&#038;p=3546"},"modified":"2025-01-03T16:15:18","modified_gmt":"2025-01-03T19:15:18","slug":"curativo-de-alginato-de-calcio-e-prata-10-x-10-silvercare-vita-medical","status":"publish","type":"product","link":"https:\/\/www.medideal.com.br\/en\/curativo-de-alginato-de-calcio-e-prata-10-x-10-silvercare-vita-medical\/","title":{"rendered":"Curativo De Alginato De C\u00e1lcio e Prata 10 x 10 Silvercare &#8211; Vita Medical"},"content":{"rendered":"<p><strong>Descri\u00e7\u00e3o:<\/strong><\/p>\n<p>Curativo est\u00e9ril, n\u00e3o tecido, n\u00e3o aderente, compostode part\u00edculas de alginato de c\u00e1lcio, extra\u00eddas das algas marinhas marrons, com prata, que absorve o exsudado da ferida e libera \u00edons de prata na presen\u00e7a de fluido da ferida.<\/p>\n<p>Os \u00edons de prata al\u00e9m de prevenir e reduzir infec\u00e7\u00e3o no local da ferida, possuem ainda a\u00e7\u00e3o microbiana contra uma ampla variedade de microorganismos.<\/p>\n<p>Benef\u00edcios:<\/p>\n<p>A\u00e7\u00e3o microbiana;<\/p>\n<p>N\u00e3o adesivo;<\/p>\n<p>Alta capacidade de absor\u00e7\u00e3o;<\/p>\n<p>Gel hidrof\u00edlico.<\/p>\n<p>Indica\u00e7\u00f5es:<\/p>\n<p>Destinado ao tratamento de feridas de moderadas a muito exsudativas, p\u00f3s operat\u00f3rias, feridas traum\u00e1ticas, \u00falceras nas pernas, \u00falceras de press\u00e3o, \u00falceras diab\u00e9ticas, enxertos e locais doadores.<\/p>\n<p>Intervalo para troca do curativo depender\u00e1 inteiramente do estado da ferida e da natureza do curativo secund\u00e1rio. Quando o curativo \u00e9 aplicado a feridas muito exsudativas ou esquel\u00e9ticas pode ser substitu\u00eddo diariamente de inicio,\u00e0 medida que a cicatriza\u00e7\u00e3o avan\u00e7a e a quantidade de exsudado diminui,o intervalo entre as trocas pode ser prolongado para at\u00e9 7 dias. Nesta fase,mudan\u00e7a para o curativo alternativo &#8211; como umfilme -deve ser consideradapara conservar a umidade.<\/p>\n<p>Contraindica\u00e7\u00f5es:<\/p>\n<p>\u00c9 contraindicado para feridas secas; feridas com exsudato m\u00ednimo; paciente com hist\u00f3rico de sensibilidade \u00e0 prata ou que j\u00e1 tenham tido rea\u00e7\u00f5es al\u00e9rgicas ao curativo e ou a qualquer um de seus componentes; pacientes que est\u00e3o sendo submetidos a exames de resson\u00e2ncia magn\u00e9tica.<\/p>\n<p>Apresenta\u00e7\u00e3o:<\/p>\n<p>Curativoesterilizado por radia\u00e7\u00e3o gama.<\/p>\n<p>Dispon\u00edvel no tamanho 10cmX10cm.<\/p>","protected":false},"excerpt":{"rendered":"<p>Descri\u00e7\u00e3o: Curativo est\u00e9ril, n\u00e3o tecido, n\u00e3o aderente, compostode part\u00edculas de alginato de c\u00e1lcio, extra\u00eddas das algas marinhas marrons, com prata, que absorve o exsudado da ferida e libera \u00edons de prata na presen\u00e7a de fluido da ferida. Os \u00edons de prata al\u00e9m de prevenir e reduzir infec\u00e7\u00e3o no local da ferida, possuem ainda a\u00e7\u00e3o microbiana [&hellip;]<\/p>","protected":false},"featured_media":3702,"comment_status":"closed","ping_status":"closed","template":"","meta":{"_joinchat":[]},"product_brand":[],"product_cat":[26],"product_tag":[],"class_list":{"0":"post-3546","1":"product","2":"type-product","3":"status-publish","4":"has-post-thumbnail","6":"product_cat-curativos","8":"first","9":"outofstock","10":"shipping-taxable","11":"purchasable","12":"product-type-simple"},"_links":{"self":[{"href":"https:\/\/www.medideal.com.br\/en\/wp-json\/wp\/v2\/product\/3546","targetHints":{"allow":["GET"]}}],"collection":[{"href":"https:\/\/www.medideal.com.br\/en\/wp-json\/wp\/v2\/product"}],"about":[{"href":"https:\/\/www.medideal.com.br\/en\/wp-json\/wp\/v2\/types\/product"}],"replies":[{"embeddable":true,"href":"https:\/\/www.medideal.com.br\/en\/wp-json\/wp\/v2\/comments?post=3546"}],"wp:featuredmedia":[{"embeddable":true,"href":"https:\/\/www.medideal.com.br\/en\/wp-json\/wp\/v2\/media\/3702"}],"wp:attachment":[{"href":"https:\/\/www.medideal.com.br\/en\/wp-json\/wp\/v2\/media?parent=3546"}],"wp:term":[{"taxonomy":"product_brand","embeddable":true,"href":"https:\/\/www.medideal.com.br\/en\/wp-json\/wp\/v2\/product_brand?post=3546"},{"taxonomy":"product_cat","embeddable":true,"href":"https:\/\/www.medideal.com.br\/en\/wp-json\/wp\/v2\/product_cat?post=3546"},{"taxonomy":"product_tag","embeddable":true,"href":"https:\/\/www.medideal.com.br\/en\/wp-json\/wp\/v2\/product_tag?post=3546"}],"curies":[{"name":"wp","href":"https:\/\/api.w.org\/{rel}","templated":true}]}}